{"id":539146,"date":"2025-09-05T17:38:06","date_gmt":"2025-09-05T14:38:06","guid":{"rendered":"https:\/\/nbg.eu\/product\/ar-15-extractor-pin\/"},"modified":"2026-01-21T11:33:27","modified_gmt":"2026-01-21T08:33:27","slug":"ar-15-extractor-pin","status":"publish","type":"product","link":"https:\/\/nbg.eu\/sk\/produkt\/ar-15-extractor-pin\/","title":{"rendered":"AR-15 EXTRACTOR PIN"},"content":{"rendered":"<h1>BRN AR-15 Kol\u00edk extraktora z\u00e1veru, \u010dierny<\/h1>\n<p>BRN AR-15 Kol\u00edk extraktora z\u00e1veru je komponent navrhnut\u00fd pod\u013ea OEM \u0161pecifik\u00e1ci\u00ed pre pu\u0161ky AR-15\/M16, zabezpe\u010duj\u00faci presn\u00e9 zapadnutie a funk\u010dnos\u0165.<\/p>\n<h2>Hlavn\u00e9 vlastnosti:<\/h2>\n<ul>\n<li>Vyroben\u00e9 v USA<\/li>\n<li>Do\u017eivotn\u00e1 z\u00e1ruka<\/li>\n<li>Fosf\u00e1tov\u00e1 povrchov\u00e1 \u00faprava<\/li>\n<li>\u010cierna farba<\/li>\n<li>Vyroben\u00e9 z kvalitnej ocele<\/li>\n<li>Univerz\u00e1lne vhodn\u00e9 pre platformy AR-15<\/li>\n<\/ul>\n<p>Tento n\u00e1hradn\u00fd diel je ur\u010den\u00fd na \u00fadr\u017ebu alebo vylep\u0161enie AR-15. Vyroben\u00fd v Amerike s do\u017eivotnou z\u00e1rukou od Brownells.<\/p>\n<p><strong>\u0160pecifik\u00e1cie produktu:<\/strong> Brownells #100040958 | MFR #AZT-M4-556ST016 | UPC 050806029637<\/p>\n","protected":false},"excerpt":{"rendered":"<p>N\u00e1hradn\u00fd vy\u0165ahovac\u00ed kol\u00edk OEM pre AR-15\/M16. \u010cierny, vyroben\u00fd v USA, s do\u017eivotnou z\u00e1rukou.<\/p>\n","protected":false},"featured_media":497351,"template":"","meta":{"_acf_changed":false},"product_brand":[],"product_cat":[13358],"product_tag":[],"class_list":{"0":"post-539146","1":"product","2":"type-product","3":"status-publish","4":"has-post-thumbnail","6":"product_cat-rifle-tuning","8":"first","9":"instock","10":"taxable","11":"shipping-taxable","12":"purchasable","13":"product-type-simple"},"acf":[],"_links":{"self":[{"href":"https:\/\/nbg.eu\/sk\/wp-json\/wp\/v2\/product\/539146","targetHints":{"allow":["GET"]}}],"collection":[{"href":"https:\/\/nbg.eu\/sk\/wp-json\/wp\/v2\/product"}],"about":[{"href":"https:\/\/nbg.eu\/sk\/wp-json\/wp\/v2\/types\/product"}],"wp:featuredmedia":[{"embeddable":true,"href":"https:\/\/nbg.eu\/sk\/wp-json\/wp\/v2\/media\/497351"}],"wp:attachment":[{"href":"https:\/\/nbg.eu\/sk\/wp-json\/wp\/v2\/media?parent=539146"}],"wp:term":[{"taxonomy":"product_brand","embeddable":true,"href":"https:\/\/nbg.eu\/sk\/wp-json\/wp\/v2\/product_brand?post=539146"},{"taxonomy":"product_cat","embeddable":true,"href":"https:\/\/nbg.eu\/sk\/wp-json\/wp\/v2\/product_cat?post=539146"},{"taxonomy":"product_tag","embeddable":true,"href":"https:\/\/nbg.eu\/sk\/wp-json\/wp\/v2\/product_tag?post=539146"}],"curies":[{"name":"wp","href":"https:\/\/api.w.org\/{rel}","templated":true}]}}