{"id":539283,"date":"2025-09-05T17:38:16","date_gmt":"2025-09-05T14:38:16","guid":{"rendered":"https:\/\/nbg.eu\/product\/zero-compromise-optic-zc527-10mil-mpct2x\/"},"modified":"2026-01-21T11:29:44","modified_gmt":"2026-01-21T08:29:44","slug":"zero-compromise-optic-zc527-10mil-mpct2x","status":"publish","type":"product","link":"https:\/\/nbg.eu\/sk\/produkt\/zero-compromise-optic-zc527-10mil-mpct2x\/","title":{"rendered":"Zero Compromise Optic ZC527 10MIL MPCT2X"},"content":{"rendered":"<h1>Optika Zero Compromise ZC527 10MIL MPCT2X<\/h1>\n<p>ZC527 je pu\u0161koh\u013ead s nasleduj\u00facimi vlastnos\u0165ami. S d\u013a\u017ekou 387 mm a hmotnos\u0165ou 1122 g pon\u00faka:<\/p>\n<ul>\n<li>35 mil nastavenie elev\u00e1cie<\/li>\n<li>20 mil nastavenie stranov\u00e9ho posunu<\/li>\n<li>Zorn\u00e9 pole 7m\/100m<\/li>\n<li>Sveteln\u00e1 priepustnos\u0165<\/li>\n<li>Rozl\u00ed\u0161enie<\/li>\n<\/ul>\n<p>ZC527 je vyroben\u00fd z kvalitn\u00fdch materi\u00e1lov. K dispoz\u00edcii je v \u0161tandardnej povrchovej \u00faprave alebo v FDE (ploch\u00e1 tmavohned\u00e1 farba).<\/p>\n<p>Zero Compromise Optic ZC527 je pu\u0161koh\u013ead ur\u010den\u00fd pre strelcov.<\/p>\n","protected":false},"excerpt":{"rendered":"<p>Pr\u00e9miov\u00fd pu\u0161koh\u013ead: Bezkonkuren\u010dn\u00e1 jasnos\u0165, \u0161irok\u00e9 zorn\u00e9 pole, presn\u00e9 nastavenia.<\/p>\n","protected":false},"featured_media":497397,"template":"","meta":{"_acf_changed":false},"product_brand":[15199],"product_cat":[13348,13361],"product_tag":[],"class_list":{"0":"post-539283","1":"product","2":"type-product","3":"status-publish","4":"has-post-thumbnail","6":"product_brand-zero-compromise-optics","7":"product_cat-mierenie","8":"product_cat-optika-so-zvaecsenim","10":"first","11":"outofstock","12":"taxable","13":"shipping-taxable","14":"purchasable","15":"product-type-simple"},"acf":[],"_links":{"self":[{"href":"https:\/\/nbg.eu\/sk\/wp-json\/wp\/v2\/product\/539283","targetHints":{"allow":["GET"]}}],"collection":[{"href":"https:\/\/nbg.eu\/sk\/wp-json\/wp\/v2\/product"}],"about":[{"href":"https:\/\/nbg.eu\/sk\/wp-json\/wp\/v2\/types\/product"}],"wp:featuredmedia":[{"embeddable":true,"href":"https:\/\/nbg.eu\/sk\/wp-json\/wp\/v2\/media\/497397"}],"wp:attachment":[{"href":"https:\/\/nbg.eu\/sk\/wp-json\/wp\/v2\/media?parent=539283"}],"wp:term":[{"taxonomy":"product_brand","embeddable":true,"href":"https:\/\/nbg.eu\/sk\/wp-json\/wp\/v2\/product_brand?post=539283"},{"taxonomy":"product_cat","embeddable":true,"href":"https:\/\/nbg.eu\/sk\/wp-json\/wp\/v2\/product_cat?post=539283"},{"taxonomy":"product_tag","embeddable":true,"href":"https:\/\/nbg.eu\/sk\/wp-json\/wp\/v2\/product_tag?post=539283"}],"curies":[{"name":"wp","href":"https:\/\/api.w.org\/{rel}","templated":true}]}}