{"id":539415,"date":"2025-09-05T17:38:17","date_gmt":"2025-09-05T14:38:17","guid":{"rendered":"https:\/\/nbg.eu\/product\/zco-mount\/"},"modified":"2026-01-21T11:38:41","modified_gmt":"2026-01-21T08:38:41","slug":"zco-mount","status":"publish","type":"product","link":"https:\/\/nbg.eu\/sk\/produkt\/zco-mount\/","title":{"rendered":"ZCO Mount"},"content":{"rendered":"<div class=\"product-description\">\n<h1>ZCO Blokov\u00fd dr\u017eiak: Navrhnut\u00fd pre profesion\u00e1lne pu\u0161koh\u013eady<\/h1>\n<p>ZCO blokov\u00fd dr\u017eiak s mo\u017enos\u0165ami sklonu 0Mil \/ 6Mil. Vyroben\u00fd v Rak\u00fasku pomocou CNC fr\u00e9zovacej technol\u00f3gie, tento dr\u017eiak pon\u00faka presnos\u0165 a odolnos\u0165 pre ZCO pu\u0161koh\u013eady.<\/p>\n<ul>\n<li>Vyroben\u00fd z hlin\u00edka EN AW-7075 s anodizovan\u00fdm povlakom<\/li>\n<li>Skladacia vodov\u00e1ha (mo\u017enos\u0165 mont\u00e1\u017ee v\u013eavo alebo vpravo)<\/li>\n<li>Integrovan\u00e9 p\u00fazdro pre mirage p\u00e1sik<\/li>\n<li>Obsahuje vyrovn\u00e1vac\u00ed klin pre zarovnanie pu\u0161koh\u013eadu<\/li>\n<li>Dod\u00e1va sa so v\u0161etk\u00fdmi potrebn\u00fdmi Torx bitmi<\/li>\n<\/ul>\n<p>Profesion\u00e1lne mont\u00e1\u017ene rie\u0161enie navrhnut\u00e9 pre maximaliz\u00e1ciu potenci\u00e1lu va\u0161ej pu\u0161ky. ZCO blokov\u00fd dr\u017eiak kombinuje pevnos\u0165, presnos\u0165 a v\u0161estrannos\u0165 pre optim\u00e1lny v\u00fdkon pri stre\u013ebe.<\/p>\n<\/div>\n","protected":false},"excerpt":{"rendered":"<p>Presn\u00fd ZCO dr\u017eiak: Profesion\u00e1lnej kvality, CNC fr\u00e9zovan\u00fd, so zabudovanou vodov\u00e1hou.<\/p>\n","protected":false},"featured_media":497535,"template":"","meta":{"_acf_changed":false},"product_brand":[15199],"product_cat":[13348,14915],"product_tag":[],"class_list":{"0":"post-539415","1":"product","2":"type-product","3":"status-publish","4":"has-post-thumbnail","6":"product_brand-zero-compromise-optics","7":"product_cat-mierenie","8":"product_cat-mounts-sk","10":"first","11":"outofstock","12":"taxable","13":"shipping-taxable","14":"purchasable","15":"product-type-simple"},"acf":[],"_links":{"self":[{"href":"https:\/\/nbg.eu\/sk\/wp-json\/wp\/v2\/product\/539415","targetHints":{"allow":["GET"]}}],"collection":[{"href":"https:\/\/nbg.eu\/sk\/wp-json\/wp\/v2\/product"}],"about":[{"href":"https:\/\/nbg.eu\/sk\/wp-json\/wp\/v2\/types\/product"}],"wp:featuredmedia":[{"embeddable":true,"href":"https:\/\/nbg.eu\/sk\/wp-json\/wp\/v2\/media\/497535"}],"wp:attachment":[{"href":"https:\/\/nbg.eu\/sk\/wp-json\/wp\/v2\/media?parent=539415"}],"wp:term":[{"taxonomy":"product_brand","embeddable":true,"href":"https:\/\/nbg.eu\/sk\/wp-json\/wp\/v2\/product_brand?post=539415"},{"taxonomy":"product_cat","embeddable":true,"href":"https:\/\/nbg.eu\/sk\/wp-json\/wp\/v2\/product_cat?post=539415"},{"taxonomy":"product_tag","embeddable":true,"href":"https:\/\/nbg.eu\/sk\/wp-json\/wp\/v2\/product_tag?post=539415"}],"curies":[{"name":"wp","href":"https:\/\/api.w.org\/{rel}","templated":true}]}}