{"id":539795,"date":"2025-09-05T17:40:49","date_gmt":"2025-09-05T14:40:49","guid":{"rendered":"https:\/\/nbg.eu\/product\/scope-mount-30mm-vortex-pro-series-low-pr30-l\/"},"modified":"2026-01-21T12:26:40","modified_gmt":"2026-01-21T09:26:40","slug":"scope-mount-30mm-vortex-pro-series-low-pr30-l","status":"publish","type":"product","link":"https:\/\/nbg.eu\/sk\/produkt\/scope-mount-30mm-vortex-pro-series-low-pr30-l\/","title":{"rendered":"Scope mount 30mm Vortex Pro Series LOW PR30-l"},"content":{"rendered":"<h1>Vortex Pro 30mm n\u00edzke (0,90&#8243;) kr\u00fa\u017eky na pu\u0161koh\u013ead PR30-L<\/h1>\n<p>Vortex Pro Series 30mm n\u00edzke kr\u00fa\u017eky na pu\u0161koh\u013ead. Vyroben\u00e9 z leteck\u00e9ho hlin\u00edka 6061, tieto kr\u00fa\u017eky poskytuj\u00fa spo\u013eahlivos\u0165 a pevnos\u0165 pri mont\u00e1\u017ei pu\u0161koh\u013eadu.<\/p>\n<h2>Hlavn\u00e9 vlastnosti:<\/h2>\n<ul>\n<li>Tvrd\u00e1 matn\u00e1 \u010dierna anodizovan\u00e1 povrchov\u00e1 \u00faprava<\/li>\n<li>Laserom grav\u00edrovan\u00e9 \u0161pecifik\u00e1cie kr\u00fatiaceho momentu<\/li>\n<li>Robustn\u00e9 upev\u0148ovacie prvky #8 pre bezpe\u010dn\u00fa mont\u00e1\u017e<\/li>\n<li>Integrovan\u00fd v\u00fdstupok proti sp\u00e4tn\u00e9mu r\u00e1zu pre lep\u0161iu stabilitu<\/li>\n<li>Kompatibiln\u00e9 s li\u0161tami Weaver alebo Picatinny<\/li>\n<li>N\u00edzka hmotnos\u0165 1,58 oz (44,8 g)<\/li>\n<\/ul>\n<p>Vortex Pro PR30-L kr\u00fa\u017eky zabezpe\u010duj\u00fa, \u017ee v\u00e1\u0161 pu\u0161koh\u013ead zostane pevne na mieste. Vortex Pro pon\u00faka presnos\u0165 a odolnos\u0165.<\/p>\n","protected":false},"excerpt":{"rendered":"<p>Odoln\u00e9 30 mm n\u00edzke kr\u00fa\u017eky na pu\u0161koh\u013ead pre li\u0161ty Weaver\/Picatinny. Prec\u00edzne strojovo opracovan\u00e9.<\/p>\n","protected":false},"featured_media":497581,"template":"","meta":{"_acf_changed":false},"product_brand":[11966],"product_cat":[13348,13373],"product_tag":[],"class_list":{"0":"post-539795","1":"product","2":"type-product","3":"status-publish","4":"has-post-thumbnail","6":"product_brand-vortex","7":"product_cat-mierenie","8":"product_cat-prislusenstvo-na-mierenie","10":"first","11":"outofstock","12":"taxable","13":"shipping-taxable","14":"purchasable","15":"product-type-simple"},"acf":[],"_links":{"self":[{"href":"https:\/\/nbg.eu\/sk\/wp-json\/wp\/v2\/product\/539795","targetHints":{"allow":["GET"]}}],"collection":[{"href":"https:\/\/nbg.eu\/sk\/wp-json\/wp\/v2\/product"}],"about":[{"href":"https:\/\/nbg.eu\/sk\/wp-json\/wp\/v2\/types\/product"}],"wp:featuredmedia":[{"embeddable":true,"href":"https:\/\/nbg.eu\/sk\/wp-json\/wp\/v2\/media\/497581"}],"wp:attachment":[{"href":"https:\/\/nbg.eu\/sk\/wp-json\/wp\/v2\/media?parent=539795"}],"wp:term":[{"taxonomy":"product_brand","embeddable":true,"href":"https:\/\/nbg.eu\/sk\/wp-json\/wp\/v2\/product_brand?post=539795"},{"taxonomy":"product_cat","embeddable":true,"href":"https:\/\/nbg.eu\/sk\/wp-json\/wp\/v2\/product_cat?post=539795"},{"taxonomy":"product_tag","embeddable":true,"href":"https:\/\/nbg.eu\/sk\/wp-json\/wp\/v2\/product_tag?post=539795"}],"curies":[{"name":"wp","href":"https:\/\/api.w.org\/{rel}","templated":true}]}}