{"id":539907,"date":"2025-09-05T17:40:49","date_gmt":"2025-09-05T14:40:49","guid":{"rendered":"https:\/\/nbg.eu\/product\/badger-ordnance-c1-coaxial-laser-integration-fixture-9-slot-rail-black-700-20b\/"},"modified":"2026-01-21T12:07:04","modified_gmt":"2026-01-21T09:07:04","slug":"badger-ordnance-c1-coaxial-laser-integration-fixture-9-slot-rail-black-700-20b","status":"publish","type":"product","link":"https:\/\/nbg.eu\/sk\/produkt\/badger-ordnance-c1-coaxial-laser-integration-fixture-9-slot-rail-black-700-20b\/","title":{"rendered":"BADGER ORDNANCE C1 COAXIAL LASER INTEGRATION FIXTURE 9 SLOT RAIL BLACK (700-20B)"},"content":{"rendered":"<div class=\"product-description\">\n<h2>BADGER ORDNANCE C1 KOAXI\u00c1LNY LASEROV\u00dd INTEGRA\u010cN\u00dd DR\u017dIAK S 9 DR\u00c1\u017dKAMI \u010cIERNY (700-20B)<\/h2>\n<p>Badger Ordnance 9-dr\u00e1\u017ekov\u00fd CLIF (Koaxi\u00e1lny laserov\u00fd integra\u010dn\u00fd dr\u017eiak) je pr\u00edslu\u0161enstvo navrhnut\u00e9 pre pou\u017eitie s dr\u017eiakmi Badger Condition One, umo\u017e\u0148uj\u00face integr\u00e1ciu laserov\u00fdch dia\u013ekomerov montovan\u00fdch na zbra\u0148.<\/p>\n<ul>\n<li>Kompatibiln\u00fd s ARC pre mont\u00e1\u017e laserov a dia\u013ekomerov nad optikou<\/li>\n<li>Pripev\u0148uje sa bez odstr\u00e1nenia krytu C1 pr\u00edslu\u0161enstva, zachov\u00e1vaj\u00fac p\u00f4vodn\u00e9 nastavenie hlavnej optiky<\/li>\n<li>9-dr\u00e1\u017ekov\u00fd dizajn pre r\u00f4zne mo\u017enosti mont\u00e1\u017ee<\/li>\n<li>\u010cierna povrchov\u00e1 \u00faprava<\/li>\n<li>\u010c\u00edslo dielu: 700-20B<\/li>\n<\/ul>\n<p>Na sklade a pripraven\u00e9 na odoslanie.<\/p>\n<\/div>\n","protected":false},"excerpt":{"rendered":"<p>BADGER ORDNANCE C1 CLIF: 9-slotov\u00e1 li\u0161ta na integr\u00e1ciu lasera na optike.<\/p>\n","protected":false},"featured_media":497604,"template":"","meta":{"_acf_changed":false},"product_brand":[11097],"product_cat":[13348,14915,13373],"product_tag":[],"class_list":{"0":"post-539907","1":"product","2":"type-product","3":"status-publish","4":"has-post-thumbnail","6":"product_brand-badger-ordnance","7":"product_cat-mierenie","8":"product_cat-mounts-sk","9":"product_cat-prislusenstvo-na-mierenie","11":"first","12":"instock","13":"taxable","14":"shipping-taxable","15":"purchasable","16":"product-type-simple"},"acf":[],"_links":{"self":[{"href":"https:\/\/nbg.eu\/sk\/wp-json\/wp\/v2\/product\/539907","targetHints":{"allow":["GET"]}}],"collection":[{"href":"https:\/\/nbg.eu\/sk\/wp-json\/wp\/v2\/product"}],"about":[{"href":"https:\/\/nbg.eu\/sk\/wp-json\/wp\/v2\/types\/product"}],"wp:featuredmedia":[{"embeddable":true,"href":"https:\/\/nbg.eu\/sk\/wp-json\/wp\/v2\/media\/497604"}],"wp:attachment":[{"href":"https:\/\/nbg.eu\/sk\/wp-json\/wp\/v2\/media?parent=539907"}],"wp:term":[{"taxonomy":"product_brand","embeddable":true,"href":"https:\/\/nbg.eu\/sk\/wp-json\/wp\/v2\/product_brand?post=539907"},{"taxonomy":"product_cat","embeddable":true,"href":"https:\/\/nbg.eu\/sk\/wp-json\/wp\/v2\/product_cat?post=539907"},{"taxonomy":"product_tag","embeddable":true,"href":"https:\/\/nbg.eu\/sk\/wp-json\/wp\/v2\/product_tag?post=539907"}],"curies":[{"name":"wp","href":"https:\/\/api.w.org\/{rel}","templated":true}]}}