{"id":540047,"date":"2025-09-05T17:41:43","date_gmt":"2025-09-05T14:41:43","guid":{"rendered":"https:\/\/nbg.eu\/product\/dillon-750-650-550-machine-strong-mount\/"},"modified":"2026-01-21T12:05:06","modified_gmt":"2026-01-21T09:05:06","slug":"dillon-750-650-550-machine-strong-mount","status":"publish","type":"product","link":"https:\/\/nbg.eu\/sk\/produkt\/dillon-750-650-550-machine-strong-mount\/","title":{"rendered":"Dillon 750\/650\/550 Machine Strong Mount"},"content":{"rendered":"<h2>Pevn\u00fd dr\u017eiak pre zariadenia Dillon 750\/650\/550<\/h2>\n<p>Pevn\u00fd dr\u017eiak pre Dillon 750\/650\/550 je pr\u00edslu\u0161enstvo navrhnut\u00e9 na zlep\u0161enie v\u00e1\u0161ho stola na prebitie, poskytuj\u00face v\u00e4\u010d\u0161ie pohodlie a stabilitu pre v\u00e1\u0161 lis Dillon.<\/p>\n<ul>\n<li>Kompatibiln\u00fd s modelmi RL550, RL550B, RL550C, XL650 a XL750<\/li>\n<li>Zvy\u0161uje v\u00fd\u0161ku lisu o 21,5 cm pre lep\u0161iu ergon\u00f3miu<\/li>\n<li>\u0160ir\u0161ia z\u00e1klad\u0148a zni\u017euje vibr\u00e1cie a k\u00fdvanie pre presnej\u0161ie prebitie<\/li>\n<li>Odpor\u00fa\u010dan\u00fd pre v\u0161etk\u00fdch pou\u017e\u00edvate\u013eov modelov 550, 650 a 750<\/li>\n<\/ul>\n<p>Zv\u00fd\u0161en\u00e1 v\u00fd\u0161ka a v\u00e4\u010d\u0161ia z\u00e1klad\u0148a pevn\u00e9ho dr\u017eiaka vytv\u00e1raj\u00fa pohodlnej\u0161iu pracovn\u00fa polohu a v\u00fdrazne zni\u017euj\u00fa pohyb lisu. T\u00e1to stabilita je d\u00f4le\u017eit\u00e1 pre dosiahnutie konzistentn\u00e9ho prebitia vysokej kvality.<\/p>\n","protected":false},"excerpt":{"rendered":"<p>Zdvihnite a stabilizujte va\u0161u Dillon lisu pre zlep\u0161en\u00e9 pohodlie pri preb\u00edjan\u00ed.<\/p>\n","protected":false},"featured_media":497627,"template":"","meta":{"_acf_changed":false},"product_brand":[14344],"product_cat":[13330,13383,13372],"product_tag":[],"class_list":{"0":"post-540047","1":"product","2":"type-product","3":"status-publish","4":"has-post-thumbnail","6":"product_brand-dillon-precision","7":"product_cat-nabijacie-stroje","8":"product_cat-prebitie-nabojov","9":"product_cat-prislusenstvo-na-nabijanie","11":"first","12":"outofstock","13":"taxable","14":"shipping-taxable","15":"purchasable","16":"product-type-simple"},"acf":[],"_links":{"self":[{"href":"https:\/\/nbg.eu\/sk\/wp-json\/wp\/v2\/product\/540047","targetHints":{"allow":["GET"]}}],"collection":[{"href":"https:\/\/nbg.eu\/sk\/wp-json\/wp\/v2\/product"}],"about":[{"href":"https:\/\/nbg.eu\/sk\/wp-json\/wp\/v2\/types\/product"}],"wp:featuredmedia":[{"embeddable":true,"href":"https:\/\/nbg.eu\/sk\/wp-json\/wp\/v2\/media\/497627"}],"wp:attachment":[{"href":"https:\/\/nbg.eu\/sk\/wp-json\/wp\/v2\/media?parent=540047"}],"wp:term":[{"taxonomy":"product_brand","embeddable":true,"href":"https:\/\/nbg.eu\/sk\/wp-json\/wp\/v2\/product_brand?post=540047"},{"taxonomy":"product_cat","embeddable":true,"href":"https:\/\/nbg.eu\/sk\/wp-json\/wp\/v2\/product_cat?post=540047"},{"taxonomy":"product_tag","embeddable":true,"href":"https:\/\/nbg.eu\/sk\/wp-json\/wp\/v2\/product_tag?post=540047"}],"curies":[{"name":"wp","href":"https:\/\/api.w.org\/{rel}","templated":true}]}}