{"id":540290,"date":"2025-09-05T17:42:22","date_gmt":"2025-09-05T14:42:22","guid":{"rendered":"https:\/\/nbg.eu\/product\/ameriglo-range-fo-sight-set-for-glock\/"},"modified":"2026-01-21T12:29:16","modified_gmt":"2026-01-21T09:29:16","slug":"ameriglo-range-fo-sight-set-for-glock","status":"publish","type":"product","link":"https:\/\/nbg.eu\/sk\/produkt\/ameriglo-range-fo-sight-set-for-glock\/","title":{"rendered":"AMERIGLO RANGE FO SIGHT SET FOR GLOCK"},"content":{"rendered":"<div class=\"product-description\">\n<h2>AMERIGLO MIERIDL\u00c1 PRE GLOCK<\/h2>\n<p>Vylep\u0161ite svoj Glock G5 9mm\/.40 kalibru so sadou mieridiel AMERIGLO Range. T\u00e1to sada mieridiel je navrhnut\u00e1 na zlep\u0161enie presnosti stre\u013eby a zameriavanie cie\u013ea.<\/p>\n<ul>\n<li>Kompatibiln\u00e9 s Glock 19 Gen 5 a Glock 23 Gen 5<\/li>\n<li>Oce\u013eov\u00e1 kon\u0161trukcia<\/li>\n<li>\u010cierna povrchov\u00e1 \u00faprava<\/li>\n<li>\u0160t\u00fdl mieridiel so \u0161tvorcov\u00fdm z\u00e1rezom<\/li>\n<li>Vr\u00fabkovan\u00fd povrch zni\u017euje odlesk<\/li>\n<li>Hmotnos\u0165 0,313 libier<\/li>\n<\/ul>\n<p>Tieto mieridl\u00e1 poskytuj\u00fa spo\u013eahlivos\u0165 a v\u00fdkon na strelnici aj v taktick\u00fdch situ\u00e1ci\u00e1ch. Sada mieridiel AMERIGLO je jednoduch\u00e1 na in\u0161tal\u00e1ciu a m\u00e1 dlh\u00fa \u017eivotnos\u0165.<\/p>\n<\/div>\n","protected":false},"excerpt":{"rendered":"<p>\u010cierna ozuben\u00e1 sada mieridiel pre Glock G5 9mm\/.40, oce\u013eov\u00e1 kon\u0161trukcia.<\/p>\n","protected":false},"featured_media":497813,"template":"","meta":{"_acf_changed":false},"product_brand":[],"product_cat":[13343,13348,13367,13373],"product_tag":[],"class_list":{"0":"post-540290","1":"product","2":"type-product","3":"status-publish","4":"has-post-thumbnail","6":"product_cat-diely-na-pistole","7":"product_cat-mierenie","8":"product_cat-pistol","9":"product_cat-prislusenstvo-na-mierenie","11":"first","12":"outofstock","13":"taxable","14":"shipping-taxable","15":"purchasable","16":"product-type-simple"},"acf":[],"_links":{"self":[{"href":"https:\/\/nbg.eu\/sk\/wp-json\/wp\/v2\/product\/540290","targetHints":{"allow":["GET"]}}],"collection":[{"href":"https:\/\/nbg.eu\/sk\/wp-json\/wp\/v2\/product"}],"about":[{"href":"https:\/\/nbg.eu\/sk\/wp-json\/wp\/v2\/types\/product"}],"wp:featuredmedia":[{"embeddable":true,"href":"https:\/\/nbg.eu\/sk\/wp-json\/wp\/v2\/media\/497813"}],"wp:attachment":[{"href":"https:\/\/nbg.eu\/sk\/wp-json\/wp\/v2\/media?parent=540290"}],"wp:term":[{"taxonomy":"product_brand","embeddable":true,"href":"https:\/\/nbg.eu\/sk\/wp-json\/wp\/v2\/product_brand?post=540290"},{"taxonomy":"product_cat","embeddable":true,"href":"https:\/\/nbg.eu\/sk\/wp-json\/wp\/v2\/product_cat?post=540290"},{"taxonomy":"product_tag","embeddable":true,"href":"https:\/\/nbg.eu\/sk\/wp-json\/wp\/v2\/product_tag?post=540290"}],"curies":[{"name":"wp","href":"https:\/\/api.w.org\/{rel}","templated":true}]}}