{"id":540638,"date":"2025-09-05T17:42:22","date_gmt":"2025-09-05T14:42:22","guid":{"rendered":"https:\/\/nbg.eu\/product\/lyman-pro-trim-die\/"},"modified":"2026-01-21T11:45:39","modified_gmt":"2026-01-21T08:45:39","slug":"lyman-pro-trim-die","status":"publish","type":"product","link":"https:\/\/nbg.eu\/sk\/produkt\/lyman-pro-trim-die\/","title":{"rendered":"Lyman Pro Trim Die"},"content":{"rendered":"<div class=\"product-description\">\n<h2>Lyman Pro Trim Dies<\/h2>\n<p>Lyman Pro Trim Dies s\u00fa vyroben\u00e9 v USA. Tieto dies maj\u00fa nasleduj\u00face vlastnosti:<\/p>\n<ul>\n<li>Kon\u0161trukcia z nehrdzavej\u00facej ocele pre odolnos\u0165<\/li>\n<li>7\/8-14 spodn\u00fd z\u00e1vit, kompatibiln\u00fd so v\u0161etk\u00fdmi Lyman, Mark 7 a in\u00fdmi be\u017en\u00fdmi reloadovac\u00edmi lismi<\/li>\n<li>13\/16-20 horn\u00fd z\u00e1vit, ur\u010den\u00fd pre Lyman-ov trimmer montovan\u00fd na lis a in\u00e9 popul\u00e1rne mo\u017enosti<\/li>\n<li>Z\u00e1ruka celo\u017eivotn\u00e9ho pou\u017e\u00edvania v\u010faka kvalitn\u00fdm materi\u00e1lom a spracovaniu<\/li>\n<\/ul>\n<p>Lyman Pro Trim Dies pon\u00fakaj\u00fa presnos\u0165 a v\u0161estrannos\u0165 v reloadovacom vybaven\u00ed. S\u00fa vhodn\u00e9 pre sk\u00fasen\u00fdch reloaderov aj za\u010diato\u010dn\u00edkov a pon\u00fakaj\u00fa kvalitu a kompatibilitu potrebn\u00fa pre konzistentn\u00e9 a presn\u00e9 v\u00fdsledky.<\/p>\n<\/div>\n","protected":false},"excerpt":{"rendered":"<p>Presne vyroben\u00e1 americk\u00e1 forma z nehrdzavej\u00facej ocele na skracovanie n\u00e1bojn\u00edc. Kompatibiln\u00e1 s lisom.<\/p>\n","protected":false},"featured_media":497837,"template":"","meta":{"_acf_changed":false},"product_brand":[11282],"product_cat":[13383,13372],"product_tag":[],"class_list":{"0":"post-540638","1":"product","2":"type-product","3":"status-publish","4":"has-post-thumbnail","6":"product_brand-doublealpha","7":"product_cat-prebitie-nabojov","8":"product_cat-prislusenstvo-na-nabijanie","10":"first","11":"outofstock","12":"taxable","13":"shipping-taxable","14":"purchasable","15":"product-type-simple"},"acf":[],"_links":{"self":[{"href":"https:\/\/nbg.eu\/sk\/wp-json\/wp\/v2\/product\/540638","targetHints":{"allow":["GET"]}}],"collection":[{"href":"https:\/\/nbg.eu\/sk\/wp-json\/wp\/v2\/product"}],"about":[{"href":"https:\/\/nbg.eu\/sk\/wp-json\/wp\/v2\/types\/product"}],"wp:featuredmedia":[{"embeddable":true,"href":"https:\/\/nbg.eu\/sk\/wp-json\/wp\/v2\/media\/497837"}],"wp:attachment":[{"href":"https:\/\/nbg.eu\/sk\/wp-json\/wp\/v2\/media?parent=540638"}],"wp:term":[{"taxonomy":"product_brand","embeddable":true,"href":"https:\/\/nbg.eu\/sk\/wp-json\/wp\/v2\/product_brand?post=540638"},{"taxonomy":"product_cat","embeddable":true,"href":"https:\/\/nbg.eu\/sk\/wp-json\/wp\/v2\/product_cat?post=540638"},{"taxonomy":"product_tag","embeddable":true,"href":"https:\/\/nbg.eu\/sk\/wp-json\/wp\/v2\/product_tag?post=540638"}],"curies":[{"name":"wp","href":"https:\/\/api.w.org\/{rel}","templated":true}]}}