{"id":540745,"date":"2025-09-05T17:42:23","date_gmt":"2025-09-05T14:42:23","guid":{"rendered":"https:\/\/nbg.eu\/product\/zco-throw-lever\/"},"modified":"2026-01-21T11:39:59","modified_gmt":"2026-01-21T08:39:59","slug":"zco-throw-lever","status":"publish","type":"product","link":"https:\/\/nbg.eu\/sk\/produkt\/zco-throw-lever\/","title":{"rendered":"ZCO &#8211; Throw Lever"},"content":{"rendered":"<h1>ZCO &#8211; P\u00e1\u010dka na zmenu zv\u00e4\u010d\u0161enia<\/h1>\n<p>ZCO p\u00e1\u010dka na zmenu zv\u00e4\u010d\u0161enia je navrhnut\u00e1 pre pu\u0161koh\u013eady Zero Compromise Optic. Toto pr\u00edslu\u0161enstvo sa integruje s okul\u00e1rovou \u010das\u0165ou pu\u0161koh\u013eadu a umo\u017e\u0148uje r\u00fdchlu zmenu zv\u00e4\u010d\u0161enia po\u010das stre\u013eby.<\/p>\n<h2>Hlavn\u00e9 vlastnosti:<\/h2>\n<ul>\n<li>Vyfr\u00e9zovan\u00e1 z jedn\u00e9ho kusa hlin\u00edka 7075-T6<\/li>\n<li>Pieskovan\u00e1 a tvrd\u00e1 anodizovan\u00e1 pre odolnos\u0165<\/li>\n<li>Jednoduch\u00fd dizajn pre \u013eahk\u00fa in\u0161tal\u00e1ciu<\/li>\n<li>Nastavite\u013en\u00e1 poloha na kr\u00fa\u017eku zv\u00e4\u010d\u0161enia<\/li>\n<li>Zladen\u00e1 s dizajnom ZCO pu\u0161koh\u013eadov<\/li>\n<\/ul>\n<p>ZCO p\u00e1\u010dka na zmenu zv\u00e4\u010d\u0161enia umo\u017e\u0148uje r\u00fdchlej\u0161iu zmenu zv\u00e4\u010d\u0161enia a lep\u0161iu kontrolu pre strelcov, ktor\u00ed h\u013eadaj\u00fa optim\u00e1lny v\u00fdkon v ter\u00e9ne.<\/p>\n","protected":false},"excerpt":{"rendered":"<p>ZCO p\u00e1\u010dka na r\u00fdchle nastavenie: R\u00fdchla \u00faprava zv\u00e4\u010d\u0161enia pre presn\u00e9 pu\u0161koh\u013eady.<\/p>\n","protected":false},"featured_media":497860,"template":"","meta":{"_acf_changed":false},"product_brand":[15199],"product_cat":[13348,13361,13373],"product_tag":[],"class_list":{"0":"post-540745","1":"product","2":"type-product","3":"status-publish","4":"has-post-thumbnail","6":"product_brand-zero-compromise-optics","7":"product_cat-mierenie","8":"product_cat-optika-so-zvaecsenim","9":"product_cat-prislusenstvo-na-mierenie","11":"first","12":"instock","13":"taxable","14":"shipping-taxable","15":"purchasable","16":"product-type-simple"},"acf":[],"_links":{"self":[{"href":"https:\/\/nbg.eu\/sk\/wp-json\/wp\/v2\/product\/540745","targetHints":{"allow":["GET"]}}],"collection":[{"href":"https:\/\/nbg.eu\/sk\/wp-json\/wp\/v2\/product"}],"about":[{"href":"https:\/\/nbg.eu\/sk\/wp-json\/wp\/v2\/types\/product"}],"wp:featuredmedia":[{"embeddable":true,"href":"https:\/\/nbg.eu\/sk\/wp-json\/wp\/v2\/media\/497860"}],"wp:attachment":[{"href":"https:\/\/nbg.eu\/sk\/wp-json\/wp\/v2\/media?parent=540745"}],"wp:term":[{"taxonomy":"product_brand","embeddable":true,"href":"https:\/\/nbg.eu\/sk\/wp-json\/wp\/v2\/product_brand?post=540745"},{"taxonomy":"product_cat","embeddable":true,"href":"https:\/\/nbg.eu\/sk\/wp-json\/wp\/v2\/product_cat?post=540745"},{"taxonomy":"product_tag","embeddable":true,"href":"https:\/\/nbg.eu\/sk\/wp-json\/wp\/v2\/product_tag?post=540745"}],"curies":[{"name":"wp","href":"https:\/\/api.w.org\/{rel}","templated":true}]}}