{"id":547305,"date":"2025-09-05T18:17:28","date_gmt":"2025-09-05T15:17:28","guid":{"rendered":"https:\/\/nbg.eu\/product\/armazone-viper-fts\/"},"modified":"2026-01-21T11:40:18","modified_gmt":"2026-01-21T08:40:18","slug":"armazone-viper-fts","status":"publish","type":"product","link":"https:\/\/nbg.eu\/sk\/produkt\/armazone-viper-fts\/","title":{"rendered":"Armazone Viper FTS"},"content":{"rendered":"<div class=\"product-description\">\n<h2>Armazone Viper FTS Adapt\u00e9r<\/h2>\n<p>Armazone Viper FTS Adapt\u00e9r je rie\u0161enie na pripevnenie no\u010dn\u00e9ho videnia alebo termov\u00edznych zariaden\u00ed na Picatinny alebo Weaver z\u00e1klad\u0148u. Tento adapt\u00e9r pon\u00faka:<\/p>\n<ul>\n<li>Pripevnenie termov\u00edznych zariaden\u00ed<\/li>\n<li>Integr\u00e1ciu s denn\u00fdm zameriava\u010dom<\/li>\n<li>R\u00fdchle reakcie v r\u00f4znych situ\u00e1ci\u00e1ch<\/li>\n<li>Kompatibilitu s Picatinny a Weaver z\u00e1klad\u0148ami<\/li>\n<li>Odoln\u00fa kon\u0161trukciu<\/li>\n<\/ul>\n<p>Armazone Viper FTS Adapt\u00e9r je vhodn\u00fd pre taktick\u00e9 oper\u00e1cie, lov alebo \u0161portov\u00fa stre\u013ebu. Adapt\u00e9r umo\u017e\u0148uje pou\u017e\u00edvanie optiky v podmienkach slab\u00e9ho osvetlenia.<\/p>\n<\/div>\n","protected":false},"excerpt":{"rendered":"<p>Armazone Viper FTS: R\u00fdchloup\u00ednac\u00ed adapt\u00e9r pre termov\u00edzne\/no\u010dn\u00e9 videnie predoptikou.<\/p>\n","protected":false},"featured_media":499317,"template":"","meta":{"_acf_changed":false},"product_brand":[14253],"product_cat":[13348,14915,13373,13368],"product_tag":[],"class_list":{"0":"post-547305","1":"product","2":"type-product","3":"status-publish","4":"has-post-thumbnail","6":"product_brand-armazone","7":"product_cat-mierenie","8":"product_cat-mounts-sk","9":"product_cat-prislusenstvo-na-mierenie","10":"product_cat-termalne","12":"first","13":"instock","14":"taxable","15":"shipping-taxable","16":"purchasable","17":"product-type-simple"},"acf":[],"_links":{"self":[{"href":"https:\/\/nbg.eu\/sk\/wp-json\/wp\/v2\/product\/547305","targetHints":{"allow":["GET"]}}],"collection":[{"href":"https:\/\/nbg.eu\/sk\/wp-json\/wp\/v2\/product"}],"about":[{"href":"https:\/\/nbg.eu\/sk\/wp-json\/wp\/v2\/types\/product"}],"wp:featuredmedia":[{"embeddable":true,"href":"https:\/\/nbg.eu\/sk\/wp-json\/wp\/v2\/media\/499317"}],"wp:attachment":[{"href":"https:\/\/nbg.eu\/sk\/wp-json\/wp\/v2\/media?parent=547305"}],"wp:term":[{"taxonomy":"product_brand","embeddable":true,"href":"https:\/\/nbg.eu\/sk\/wp-json\/wp\/v2\/product_brand?post=547305"},{"taxonomy":"product_cat","embeddable":true,"href":"https:\/\/nbg.eu\/sk\/wp-json\/wp\/v2\/product_cat?post=547305"},{"taxonomy":"product_tag","embeddable":true,"href":"https:\/\/nbg.eu\/sk\/wp-json\/wp\/v2\/product_tag?post=547305"}],"curies":[{"name":"wp","href":"https:\/\/api.w.org\/{rel}","templated":true}]}}