{"id":575524,"date":"2025-10-10T12:34:58","date_gmt":"2025-10-10T09:34:58","guid":{"rendered":"https:\/\/nbg.eu\/product\/grips-kmr-l-dotmatrix-ergo-brass\/"},"modified":"2026-04-16T18:47:44","modified_gmt":"2026-04-16T15:47:44","slug":"rukojete-kmr-l-dotmatrix-ergo-mosadzne","status":"publish","type":"product","link":"https:\/\/nbg.eu\/sk\/produkt\/rukojete-kmr-l-dotmatrix-ergo-mosadzne\/","title":{"rendered":"KMR Strenky L DotMatrix Ergo Mosadz"},"content":{"rendered":"<h2>GRIPS KMR L DOTMATRIX ERGO MOSADZ<\/h2>\n<p>Mosadzn\u00e9 rukov\u00e4te od spolo\u010dnosti KMR Precision Arms d\u00e1vaj\u00fa va\u0161ej zbrani modern\u00fd a v\u00fdrazn\u00fd vzh\u013ead a z\u00e1rove\u0148 prid\u00e1vaj\u00fa vyv\u00e1\u017een\u00fa hmotnos\u0165 pre lep\u0161iu kontrolu. Ergonomicky tvarovan\u00e1 text\u00fara DotMatrix Ergo poskytuje bezpe\u010dn\u00fd a pohodln\u00fd \u00fachop, \u010d\u00edm zvy\u0161uje stabilitu aj pri dlh\u0161om pou\u017e\u00edvan\u00ed alebo v n\u00e1ro\u010dn\u00fdch podmienkach. S presn\u00fdm strojov\u00fdm opracovan\u00edm, vysokou odolnos\u0165ou a rafinovan\u00fdm dizajnom s\u00fa tieto rukov\u00e4te v\u00fdbornou vo\u013ebou pre strelcov, ktor\u00ed h\u013eadaj\u00fa kombin\u00e1ciu funk\u010dnosti, spo\u013eahlivosti a \u0161t\u00fdlu.<\/p>\n<p>Zna\u010dka: KMR Precision Arms<br \/>\nPre zbrane: KMR<br \/>\nKompatibilita: KMR L-02 UMBRA OD ROKU 2024<br \/>\nD\u013a\u017eka rukov\u00e4te: Pln\u00e1 ve\u013ekos\u0165 &#8211; bez z\u00e1sobn\u00edka<br \/>\nText\u00fara: Dotmatrix Ergo<br \/>\nMateri\u00e1l: Mosadz<\/p>\n","protected":false},"excerpt":{"rendered":"<p>Mosadzn\u00e9 rukov\u00e4te KMR \u2013 DotMatrix Ergo Pattern. Ergonomick\u00e1 text\u00fara na bezpe\u010dn\u00e9 a pohodln\u00e9 dr\u017eanie, vyv\u00e1\u017een\u00e1 hmotnos\u0165 pre lep\u0161iu kontrolu.<\/p>\n","protected":false},"featured_media":575552,"template":"","meta":{"_acf_changed":false},"product_brand":[11505],"product_cat":[13347,14881],"product_tag":[],"class_list":{"0":"post-575524","1":"product","2":"type-product","3":"status-publish","4":"has-post-thumbnail","6":"product_brand-kmr-precision","7":"product_cat-kmr-diely","8":"product_cat-pistol-grips-sk","10":"first","11":"instock","12":"taxable","13":"shipping-taxable","14":"purchasable","15":"product-type-simple"},"acf":[],"_links":{"self":[{"href":"https:\/\/nbg.eu\/sk\/wp-json\/wp\/v2\/product\/575524","targetHints":{"allow":["GET"]}}],"collection":[{"href":"https:\/\/nbg.eu\/sk\/wp-json\/wp\/v2\/product"}],"about":[{"href":"https:\/\/nbg.eu\/sk\/wp-json\/wp\/v2\/types\/product"}],"wp:featuredmedia":[{"embeddable":true,"href":"https:\/\/nbg.eu\/sk\/wp-json\/wp\/v2\/media\/575552"}],"wp:attachment":[{"href":"https:\/\/nbg.eu\/sk\/wp-json\/wp\/v2\/media?parent=575524"}],"wp:term":[{"taxonomy":"product_brand","embeddable":true,"href":"https:\/\/nbg.eu\/sk\/wp-json\/wp\/v2\/product_brand?post=575524"},{"taxonomy":"product_cat","embeddable":true,"href":"https:\/\/nbg.eu\/sk\/wp-json\/wp\/v2\/product_cat?post=575524"},{"taxonomy":"product_tag","embeddable":true,"href":"https:\/\/nbg.eu\/sk\/wp-json\/wp\/v2\/product_tag?post=575524"}],"curies":[{"name":"wp","href":"https:\/\/api.w.org\/{rel}","templated":true}]}}