{"id":575940,"date":"2025-10-10T12:35:14","date_gmt":"2025-10-10T09:35:14","guid":{"rendered":"https:\/\/nbg.eu\/product\/safety-set-kmr-lw-rf\/"},"modified":"2026-04-16T18:47:39","modified_gmt":"2026-04-16T15:47:39","slug":"safety-set-kmr-lw-rf","status":"publish","type":"product","link":"https:\/\/nbg.eu\/sk\/produkt\/safety-set-kmr-lw-rf\/","title":{"rendered":"KMR Sada Poistky LW-RF"},"content":{"rendered":"<h2>SAFETY SET KMR LW-RF<\/h2>\n<p><strong>Referencia:<\/strong> 0671-03002-0000<\/p>\n<p>Zlep\u0161ite bezpe\u010dnos\u0165 svojej zbrane KMR pomocou n\u00e1\u0161ho komplexn\u00e9ho SAFETY SET KMR LW-RF. Tento nevyhnutn\u00fd set je navrhnut\u00fd tak, aby zabezpe\u010doval optim\u00e1lnu ochranu a funk\u010dnos\u0165 pre \u0161irok\u00e9 spektrum modelov KMR, vr\u00e1tane:<\/p>\n<ul>\n<li>KMR L-02 ORCA (2024 a nov\u0161ie)<\/li>\n<li>KMR L-02 ORCA (2023 a star\u0161ie)<\/li>\n<li>KMR L-02 SPECTRA (2023 a star\u0161ie)<\/li>\n<li>KMR W-02 CUDA (2024 a nov\u0161ie)<\/li>\n<li>KMR W-02 CUDA (2023 a star\u0161ie)<\/li>\n<li>KMR W-02 UMBRA<\/li>\n<li>KMR W-02 UMBRA (OR)<\/li>\n<\/ul>\n<p>N\u00e1\u0161 SAFETY SET KMR LW-RF je navrhnut\u00fd tak, aby sp\u013a\u0148al najvy\u0161\u0161ie \u0161tandardy spo\u013eahlivosti a v\u00fdkonu. \u010ci u\u017e pou\u017e\u00edvate najnov\u0161\u00ed model ORCA alebo klasick\u00fd UMBRA, tento univerz\u00e1lny bezpe\u010dnostn\u00fd set zabezpe\u010duje, \u017ee va\u0161a zbra\u0148 bude bezpe\u010dne a efekt\u00edvne fungova\u0165. Vylep\u0161ite svoju zbra\u0148 KMR e\u0161te dnes s t\u00fdmto nevyhnutn\u00fdm bezpe\u010dnostn\u00fdm doplnkom.<\/p>\n","protected":false},"excerpt":{"rendered":"<p>Nevyhnutn\u00e1 bezpe\u010dnostn\u00e1 s\u00faprava pre zbrane KMR, kompatibiln\u00e1 s viacer\u00fdmi modelmi<\/p>\n","protected":false},"featured_media":576015,"template":"","meta":{"_acf_changed":false},"product_brand":[],"product_cat":[13347],"product_tag":[],"class_list":{"0":"post-575940","1":"product","2":"type-product","3":"status-publish","4":"has-post-thumbnail","6":"product_cat-kmr-diely","8":"first","9":"outofstock","10":"taxable","11":"shipping-taxable","12":"purchasable","13":"product-type-simple"},"acf":[],"_links":{"self":[{"href":"https:\/\/nbg.eu\/sk\/wp-json\/wp\/v2\/product\/575940","targetHints":{"allow":["GET"]}}],"collection":[{"href":"https:\/\/nbg.eu\/sk\/wp-json\/wp\/v2\/product"}],"about":[{"href":"https:\/\/nbg.eu\/sk\/wp-json\/wp\/v2\/types\/product"}],"wp:featuredmedia":[{"embeddable":true,"href":"https:\/\/nbg.eu\/sk\/wp-json\/wp\/v2\/media\/576015"}],"wp:attachment":[{"href":"https:\/\/nbg.eu\/sk\/wp-json\/wp\/v2\/media?parent=575940"}],"wp:term":[{"taxonomy":"product_brand","embeddable":true,"href":"https:\/\/nbg.eu\/sk\/wp-json\/wp\/v2\/product_brand?post=575940"},{"taxonomy":"product_cat","embeddable":true,"href":"https:\/\/nbg.eu\/sk\/wp-json\/wp\/v2\/product_cat?post=575940"},{"taxonomy":"product_tag","embeddable":true,"href":"https:\/\/nbg.eu\/sk\/wp-json\/wp\/v2\/product_tag?post=575940"}],"curies":[{"name":"wp","href":"https:\/\/api.w.org\/{rel}","templated":true}]}}