{"id":57694,"date":"2024-02-20T22:53:48","date_gmt":"2024-02-20T19:53:48","guid":{"rendered":"https:\/\/nbg.eu\/product\/geissele-ar15-super-precision-30mm-extended\/"},"modified":"2026-04-22T11:33:39","modified_gmt":"2026-04-22T08:33:39","slug":"geissele-ar15-super-precision-30mm-predlzena","status":"publish","type":"product","link":"https:\/\/nbg.eu\/sk\/produkt\/geissele-ar15-super-precision-30mm-predlzena\/","title":{"rendered":"Geissele Mont\u00e1\u017e pre Optiku AR15 Super Precision 30mm Extended"},"content":{"rendered":"<div class=\"product-description\">\n<h2>Geissele AR15 Super Precision\u00ae 30mm, Pred\u013a\u017een\u00fd<\/h2>\n<p>Navrhnut\u00fd pre AR-15\/M4 horn\u00e9 \u010dasti, Geissele Super Precision\u00ae 30mm Pred\u013a\u017een\u00fd Dr\u017eiak pon\u00faka stabilitu a presnos\u0165. Hlavn\u00e9 vlastnosti zah\u0155\u0148aj\u00fa:<\/p>\n<ul>\n<li>7-sek\u010dn\u00e1 picatinny li\u0161ta so 4 stri\u017en\u00fdmi v\u00fdstupkami pre bezpe\u010dn\u00e9 upevnenie<\/li>\n<li>Syst\u00e9m up\u00ednania matice a skrutky poskytuj\u00faci silu 1,400 libier na sadu<\/li>\n<li>Vyroben\u00fd z jedn\u00e9ho kusu 7075-T6 hlin\u00edkov\u00e9ho bloku<\/li>\n<li>Zv\u00fd\u0161en\u00e1 pevnos\u0165 a tuhos\u0165 v\u010faka strategick\u00e9mu od\u013eah\u010deniu a rebr\u00e1m<\/li>\n<li>Presne vyv\u0155tan\u00e9 krytky pre lep\u0161ie upevnenie a ochranu pu\u0161koh\u013eadu<\/li>\n<li>Variabiln\u00e9 umiestnenie krytiek pre r\u00f4zne dizajny pu\u0161koh\u013eadov<\/li>\n<\/ul>\n<p>Tento dr\u017eiak pu\u0161koh\u013eadu poskytuje presnos\u0165 pri n\u00e1vrate do nulovej polohy a odolnos\u0165, navrhnut\u00fd pre n\u00e1ro\u010dn\u00e9 podmienky.<\/p>\n<\/div>\n","protected":false},"excerpt":{"rendered":"<p>Prec\u00edzny 30mm dr\u017eiak pre pu\u0161koh\u013ead AR-15. Bezpe\u010dn\u00fd, odoln\u00fd, vyroben\u00fd z hlin\u00edka 7075-T6.<\/p>\n","protected":false},"featured_media":57695,"template":"","meta":{"_acf_changed":false},"product_brand":[11391],"product_cat":[14915,13397],"product_tag":[],"class_list":{"0":"post-57694","1":"product","2":"type-product","3":"status-publish","4":"has-post-thumbnail","6":"product_brand-geissele","7":"product_cat-mounts-sk","8":"product_cat-puska","10":"first","11":"instock","12":"taxable","13":"shipping-taxable","14":"product-type-variable","15":"wvs-archive-product-wrapper"},"acf":[],"_links":{"self":[{"href":"https:\/\/nbg.eu\/sk\/wp-json\/wp\/v2\/product\/57694","targetHints":{"allow":["GET"]}}],"collection":[{"href":"https:\/\/nbg.eu\/sk\/wp-json\/wp\/v2\/product"}],"about":[{"href":"https:\/\/nbg.eu\/sk\/wp-json\/wp\/v2\/types\/product"}],"wp:featuredmedia":[{"embeddable":true,"href":"https:\/\/nbg.eu\/sk\/wp-json\/wp\/v2\/media\/57695"}],"wp:attachment":[{"href":"https:\/\/nbg.eu\/sk\/wp-json\/wp\/v2\/media?parent=57694"}],"wp:term":[{"taxonomy":"product_brand","embeddable":true,"href":"https:\/\/nbg.eu\/sk\/wp-json\/wp\/v2\/product_brand?post=57694"},{"taxonomy":"product_cat","embeddable":true,"href":"https:\/\/nbg.eu\/sk\/wp-json\/wp\/v2\/product_cat?post=57694"},{"taxonomy":"product_tag","embeddable":true,"href":"https:\/\/nbg.eu\/sk\/wp-json\/wp\/v2\/product_tag?post=57694"}],"curies":[{"name":"wp","href":"https:\/\/api.w.org\/{rel}","templated":true}]}}