{"id":577574,"date":"2025-10-10T16:06:59","date_gmt":"2025-10-10T13:06:59","guid":{"rendered":"https:\/\/nbg.eu\/product\/polymer-magazine-556x45-mm-for-akm-rifles-10-rounds\/"},"modified":"2026-01-21T12:05:04","modified_gmt":"2026-01-21T09:05:04","slug":"polymerovy-zasobnik-556x45-mm-pre-pusky-akm-10-nabojov","status":"publish","type":"product","link":"https:\/\/nbg.eu\/sk\/produkt\/polymerovy-zasobnik-556x45-mm-pre-pusky-akm-10-nabojov\/","title":{"rendered":"Polymerov\u00fd z\u00e1sobn\u00edk 5,56&#215;45 mm pre pu\u0161ky AKM &#8211; 10 n\u00e1bojov"},"content":{"rendered":"<h2>Polym\u00e9rov\u00fd z\u00e1sobn\u00edk pre AK 5,56&#215;45 mm \/ .223 Rem &#8211; 10 n\u00e1bojov<\/h2>\n<p>Polym\u00e9rov\u00fd z\u00e1sobn\u00edk od WBP Rog\u00f3w pre pu\u0161ku AK. Ur\u010den\u00fd pre mun\u00edciu kalibru 5,56&#215;45 mm \/ .223 Rem, tento 10-n\u00e1bojov\u00fd z\u00e1sobn\u00edk je kompatibiln\u00fd s karab\u00ednami Jack, Mini Jack, Beryl a Mini Beryl.<\/p>\n<h2>Hlavn\u00e9 vlastnosti:<\/h2>\n<ul>\n<li>Polym\u00e9rov\u00e1 kon\u0161trukcia<\/li>\n<li>\u013dahk\u00e1 kon\u0161trukcia<\/li>\n<li>Polopriesvitn\u00e9 telo pre kontrolu mun\u00edcie<\/li>\n<li>Oce\u013eov\u00e1 spodn\u00e1 doska<\/li>\n<\/ul>\n<h2>Technick\u00e9 \u0161pecifik\u00e1cie:<\/h2>\n<ul>\n<li>Telo: Polym\u00e9r<\/li>\n<li>Pod\u00e1va\u010d: Oce\u013e<\/li>\n<li>Kaliber: 5,56&#215;45 mm \/ .223 Rem<\/li>\n<li>Kapacita: 10 n\u00e1bojov<\/li>\n<li>Hmotnos\u0165: 103 g<\/li>\n<li>Farba: Priesvitn\u00e1<\/li>\n<\/ul>\n<p>Z\u00e1sobn\u00edk pre va\u0161u pu\u0161ku AK.<\/p>\n","protected":false},"excerpt":{"rendered":"<p>Polym\u00e9rov\u00fd z\u00e1sobn\u00edk AK, 10 n\u00e1bojov, 5,56\u00d745\/.223, poloprieh\u013eadn\u00fd, WBP Rog\u00f3w<\/p>\n","protected":false},"featured_media":577592,"template":"","meta":{"_acf_changed":false},"product_brand":[],"product_cat":[13397,13404],"product_tag":[],"class_list":{"0":"post-577574","1":"product","2":"type-product","3":"status-publish","4":"has-post-thumbnail","6":"product_cat-puska","7":"product_cat-zasobniky-na-pusky","9":"first","10":"instock","11":"taxable","12":"shipping-taxable","13":"product-type-simple"},"acf":[],"_links":{"self":[{"href":"https:\/\/nbg.eu\/sk\/wp-json\/wp\/v2\/product\/577574","targetHints":{"allow":["GET"]}}],"collection":[{"href":"https:\/\/nbg.eu\/sk\/wp-json\/wp\/v2\/product"}],"about":[{"href":"https:\/\/nbg.eu\/sk\/wp-json\/wp\/v2\/types\/product"}],"wp:featuredmedia":[{"embeddable":true,"href":"https:\/\/nbg.eu\/sk\/wp-json\/wp\/v2\/media\/577592"}],"wp:attachment":[{"href":"https:\/\/nbg.eu\/sk\/wp-json\/wp\/v2\/media?parent=577574"}],"wp:term":[{"taxonomy":"product_brand","embeddable":true,"href":"https:\/\/nbg.eu\/sk\/wp-json\/wp\/v2\/product_brand?post=577574"},{"taxonomy":"product_cat","embeddable":true,"href":"https:\/\/nbg.eu\/sk\/wp-json\/wp\/v2\/product_cat?post=577574"},{"taxonomy":"product_tag","embeddable":true,"href":"https:\/\/nbg.eu\/sk\/wp-json\/wp\/v2\/product_tag?post=577574"}],"curies":[{"name":"wp","href":"https:\/\/api.w.org\/{rel}","templated":true}]}}