{"id":582868,"date":"2025-10-10T12:39:54","date_gmt":"2025-10-10T09:39:54","guid":{"rendered":"https:\/\/nbg.eu\/product\/barwarus-muzzle-break-bulldog-m24x1-5rh-black\/"},"modified":"2026-01-21T11:34:38","modified_gmt":"2026-01-21T08:34:38","slug":"barwarus-muzzle-break-bulldog-m24x1-5rh-black","status":"publish","type":"product","link":"https:\/\/nbg.eu\/sk\/produkt\/barwarus-muzzle-break-bulldog-m24x1-5rh-black\/","title":{"rendered":"BARWARUS MUZZLE BREAK BULLDOG M24X1.5RH BLACK"},"content":{"rendered":"<div class=\"product-description\">\n<h1>BARWARUS Bulldog 021 Oce\u013eov\u00fd M24x1.5 RH Rusk\u00fd Kompenz\u00e1tor<\/h1>\n<p>Verzia II kompenz\u00e1tora BARWARUS Bulldog, ur\u010den\u00e1 pre pu\u0161ky kalibru 5,45 a 7,62. Tento kompenz\u00e1tor je vyroben\u00fd z vysokopevnostnej ocele a m\u00e1 \u010dierny ochrann\u00fd n\u00e1ter.<\/p>\n<h2>Hlavn\u00e9 vlastnosti:<\/h2>\n<ul>\n<li>Kompatibilita s vonkaj\u0161\u00edm z\u00e1vitom M24x1.5 RH (pravoto\u010div\u00fd)<\/li>\n<li>Navrhnut\u00fd na zn\u00ed\u017eenie sp\u00e4tn\u00e9ho r\u00e1zu<\/li>\n<li>Vyroben\u00fd z vysokopevnostnej ocele<\/li>\n<li>Ochrann\u00fd \u010dierny n\u00e1ter<\/li>\n<\/ul>\n<p>Kompenz\u00e1tor BARWARUS Bulldog 021 zni\u017euje sp\u00e4tn\u00fd r\u00e1z, \u010do umo\u017e\u0148uje r\u00fdchlej\u0161ie n\u00e1sledn\u00e9 v\u00fdstrely a zlep\u0161uje presnos\u0165. Jeho kon\u0161trukcia zabezpe\u010duje dlhodob\u00fa v\u00fdkonnos\u0165 v r\u00f4znych streleck\u00fdch podmienkach.<\/p>\n<p>Kompenz\u00e1tor BARWARUS Bulldog 021 m\u00f4\u017ee zlep\u0161i\u0165 presnos\u0165 a kontrolu pri stre\u013ebe.<\/p>\n<\/div>\n","protected":false},"excerpt":{"rendered":"<p>Oce\u013eov\u00e1 \u00fas\u0165ov\u00e1 brzda pre pu\u0161ky. Zni\u017euje sp\u00e4tn\u00fd r\u00e1z. Z\u00e1vit M24x1.5 pravoto\u010div\u00fd.<\/p>\n","protected":false},"featured_media":582893,"template":"","meta":{"_acf_changed":false},"product_brand":[],"product_cat":[13413],"product_tag":[],"class_list":{"0":"post-582868","1":"product","2":"type-product","3":"status-publish","4":"has-post-thumbnail","6":"product_cat-nezaradene","8":"first","9":"outofstock","10":"taxable","11":"shipping-taxable","12":"purchasable","13":"product-type-simple"},"acf":[],"_links":{"self":[{"href":"https:\/\/nbg.eu\/sk\/wp-json\/wp\/v2\/product\/582868","targetHints":{"allow":["GET"]}}],"collection":[{"href":"https:\/\/nbg.eu\/sk\/wp-json\/wp\/v2\/product"}],"about":[{"href":"https:\/\/nbg.eu\/sk\/wp-json\/wp\/v2\/types\/product"}],"wp:featuredmedia":[{"embeddable":true,"href":"https:\/\/nbg.eu\/sk\/wp-json\/wp\/v2\/media\/582893"}],"wp:attachment":[{"href":"https:\/\/nbg.eu\/sk\/wp-json\/wp\/v2\/media?parent=582868"}],"wp:term":[{"taxonomy":"product_brand","embeddable":true,"href":"https:\/\/nbg.eu\/sk\/wp-json\/wp\/v2\/product_brand?post=582868"},{"taxonomy":"product_cat","embeddable":true,"href":"https:\/\/nbg.eu\/sk\/wp-json\/wp\/v2\/product_cat?post=582868"},{"taxonomy":"product_tag","embeddable":true,"href":"https:\/\/nbg.eu\/sk\/wp-json\/wp\/v2\/product_tag?post=582868"}],"curies":[{"name":"wp","href":"https:\/\/api.w.org\/{rel}","templated":true}]}}