{"id":583022,"date":"2025-10-08T23:36:42","date_gmt":"2025-10-08T20:36:42","guid":{"rendered":"https:\/\/nbg.eu\/product\/utg-pro-m-lok-light-mount-for-mp5\/"},"modified":"2026-02-27T15:51:17","modified_gmt":"2026-02-27T12:51:17","slug":"utg-pro-m-lok-light-mount-for-mp5","status":"publish","type":"product","link":"https:\/\/nbg.eu\/sk\/produkt\/utg-pro-m-lok-light-mount-for-mp5\/","title":{"rendered":"UTG PRO\u00ae M-LOK\u00ae Light Mount, for MP5\u00ae"},"content":{"rendered":"<div class=\"product-description\">\n<h1>UTG PRO\u00ae M-LOK\u00ae dr\u017eiak svetla pre MP5\u00ae<\/h1>\n<p><strong>SKU:<\/strong> MTU058SSM<\/p>\n<p>Dr\u017eiak svetla UTG PRO\u00ae M-LOK\u00ae vyroben\u00fd v USA pre pi\u0161tole a pu\u0161ky typu MP5\u00ae. Toto pr\u00edslu\u0161enstvo sa pripev\u0148uje k predn\u00e9mu mieridlu bez zasahovania do pa\u017eby alebo predpa\u017ebia a poskytuje platformu pre svetl\u00e1, tla\u010didl\u00e1 a \u010fal\u0161ie pr\u00edslu\u0161enstvo.<\/p>\n<h2>Hlavn\u00e9 vlastnosti:<\/h2>\n<ul>\n<li>Navrhnut\u00e9 a vyroben\u00e9 v USA<\/li>\n<li>\u013dahk\u00e1 kon\u0161trukcia z matn\u00e9ho \u010dierneho eloxovan\u00e9ho hlin\u00edka<\/li>\n<li>M-LOK\u00ae sloty v poz\u00edci\u00e1ch 11, 12 a 1 hod\u00edn<\/li>\n<li>Kompatibiln\u00e9 s pi\u0161to\u013eami a pu\u0161kami typu MP5 (nie s prij\u00edma\u010dmi typu K)<\/li>\n<li>Bezpe\u010dn\u00e9 pripevnenie k predn\u00e9mu mieridlu<\/li>\n<\/ul>\n<p>Dr\u017eiak svetla pre MP5\u00ae je odoln\u00fd a pou\u017e\u00edvate\u013esky pr\u00edvetiv\u00fd.<\/p>\n<\/div>\n","protected":false},"excerpt":{"rendered":"<p>Dr\u017eiak svetla na MP5\u00ae vyroben\u00fd v USA. M-LOK\u00ae sloty, bezpe\u010dn\u00e9 uchytenie, univerz\u00e1lne pou\u017eitie.<\/p>\n","protected":false},"featured_media":583160,"template":"","meta":{"_acf_changed":false},"product_brand":[14404],"product_cat":[14956,369],"product_tag":[],"class_list":{"0":"post-583022","1":"product","2":"type-product","3":"status-publish","4":"has-post-thumbnail","6":"product_brand-leapers-inc","7":"product_cat-m-lok-rail-systems-sk","8":"product_cat-uncategorized","10":"first","11":"instock","12":"taxable","13":"shipping-taxable","14":"purchasable","15":"product-type-simple"},"acf":[],"_links":{"self":[{"href":"https:\/\/nbg.eu\/sk\/wp-json\/wp\/v2\/product\/583022","targetHints":{"allow":["GET"]}}],"collection":[{"href":"https:\/\/nbg.eu\/sk\/wp-json\/wp\/v2\/product"}],"about":[{"href":"https:\/\/nbg.eu\/sk\/wp-json\/wp\/v2\/types\/product"}],"wp:featuredmedia":[{"embeddable":true,"href":"https:\/\/nbg.eu\/sk\/wp-json\/wp\/v2\/media\/583160"}],"wp:attachment":[{"href":"https:\/\/nbg.eu\/sk\/wp-json\/wp\/v2\/media?parent=583022"}],"wp:term":[{"taxonomy":"product_brand","embeddable":true,"href":"https:\/\/nbg.eu\/sk\/wp-json\/wp\/v2\/product_brand?post=583022"},{"taxonomy":"product_cat","embeddable":true,"href":"https:\/\/nbg.eu\/sk\/wp-json\/wp\/v2\/product_cat?post=583022"},{"taxonomy":"product_tag","embeddable":true,"href":"https:\/\/nbg.eu\/sk\/wp-json\/wp\/v2\/product_tag?post=583022"}],"curies":[{"name":"wp","href":"https:\/\/api.w.org\/{rel}","templated":true}]}}