{"id":583702,"date":"2025-10-10T23:40:13","date_gmt":"2025-10-10T20:40:13","guid":{"rendered":"https:\/\/nbg.eu\/product\/dillon-4-pack-primer-pickup-tubes-small-primer\/"},"modified":"2026-01-21T11:39:15","modified_gmt":"2026-01-21T08:39:15","slug":"dillon-4-balenie-zasobnikov-na-zapalky-mala-zapalka","status":"publish","type":"product","link":"https:\/\/nbg.eu\/sk\/produkt\/dillon-4-balenie-zasobnikov-na-zapalky-mala-zapalka\/","title":{"rendered":"Dillon 4-balenie z\u00e1sobn\u00edkov na z\u00e1palky &#8211; Mal\u00e1 z\u00e1palka"},"content":{"rendered":"<div class=\"product-description\">\n<h2>Dillon 4-balenie z\u00e1sobn\u00edkov na mal\u00e9 z\u00e1palky<\/h2>\n<p>Tieto z\u00e1sobn\u00edky na mal\u00e9 z\u00e1palky Dillon s\u00fa ur\u010den\u00e9 na zr\u00fdchlenie procesu preb\u00edjania. Umo\u017e\u0148uj\u00fa r\u00fdchlej\u0161ie preb\u00edjanie n\u00e1bojov.<\/p>\n<ul>\n<li>Sada 4 z\u00e1sobn\u00edkov na mal\u00e9 z\u00e1palky<\/li>\n<li>Mo\u017enos\u0165 vopred naplni\u0165 z\u00e1sobn\u00edky pre efekt\u00edvne preb\u00edjanie<\/li>\n<li>Kompatibiln\u00e9 s preb\u00edjac\u00edmi lismi Dillon<\/li>\n<li>Zvy\u0161uje produktivitu a \u0161etr\u00ed \u010das<\/li>\n<\/ul>\n<p>Udr\u017eujte tieto z\u00e1sobn\u00edky naplnen\u00e9 pre nepretr\u017eit\u00e9 preb\u00edjanie. Vhodn\u00e9 pre s\u00fa\u0165a\u017en\u00fdch strelcov a preb\u00edja\u010dov s vysok\u00fdm objemom.<\/p>\n<\/div>\n","protected":false},"excerpt":{"rendered":"<p>4 mal\u00e9 z\u00e1sobn\u00e9 trubice na z\u00e1palky pre r\u00fdchle a efekt\u00edvne preb\u00edjanie.<\/p>\n","protected":false},"featured_media":583737,"template":"","meta":{"_acf_changed":false},"product_brand":[14344],"product_cat":[13383,13372],"product_tag":[],"class_list":{"0":"post-583702","1":"product","2":"type-product","3":"status-publish","4":"has-post-thumbnail","6":"product_brand-dillon-precision","7":"product_cat-prebitie-nabojov","8":"product_cat-prislusenstvo-na-nabijanie","10":"first","11":"outofstock","12":"taxable","13":"shipping-taxable","14":"purchasable","15":"product-type-simple"},"acf":[],"_links":{"self":[{"href":"https:\/\/nbg.eu\/sk\/wp-json\/wp\/v2\/product\/583702","targetHints":{"allow":["GET"]}}],"collection":[{"href":"https:\/\/nbg.eu\/sk\/wp-json\/wp\/v2\/product"}],"about":[{"href":"https:\/\/nbg.eu\/sk\/wp-json\/wp\/v2\/types\/product"}],"wp:featuredmedia":[{"embeddable":true,"href":"https:\/\/nbg.eu\/sk\/wp-json\/wp\/v2\/media\/583737"}],"wp:attachment":[{"href":"https:\/\/nbg.eu\/sk\/wp-json\/wp\/v2\/media?parent=583702"}],"wp:term":[{"taxonomy":"product_brand","embeddable":true,"href":"https:\/\/nbg.eu\/sk\/wp-json\/wp\/v2\/product_brand?post=583702"},{"taxonomy":"product_cat","embeddable":true,"href":"https:\/\/nbg.eu\/sk\/wp-json\/wp\/v2\/product_cat?post=583702"},{"taxonomy":"product_tag","embeddable":true,"href":"https:\/\/nbg.eu\/sk\/wp-json\/wp\/v2\/product_tag?post=583702"}],"curies":[{"name":"wp","href":"https:\/\/api.w.org\/{rel}","templated":true}]}}