{"id":58464,"date":"2024-02-17T21:23:00","date_gmt":"2024-02-17T18:23:00","guid":{"rendered":"https:\/\/nbg.eu\/product\/magazine-well-reaction-block-geissele-vise-block\/"},"modified":"2026-04-22T11:42:17","modified_gmt":"2026-04-22T08:42:17","slug":"magazine-well-reaction-block-geissele-vise-block","status":"publish","type":"product","link":"https:\/\/nbg.eu\/sk\/produkt\/magazine-well-reaction-block-geissele-vise-block\/","title":{"rendered":"Geissele Zver\u00e1kov\u00e1 Vlo\u017eka Vise Block"},"content":{"rendered":"<p><strong>Geissele Automatics Magazine Well Vise Block<\/strong> je n\u00e1stroj pre AR15\/M4 a AR10\/SR25 prij\u00edma\u010de. Toto zariadenie vyroben\u00e9 v USA poskytuje:<\/p>\n<ul>\n<li>Stabiln\u00fa platformu pre oper\u00e1cie na spodnom prij\u00edma\u010di<\/li>\n<li>In\u0161tal\u00e1ciu MLOK mat\u00edc<\/li>\n<li>Mont\u00e1\u017e pufrovej trubice<\/li>\n<li>Mo\u017enos\u0165 pr\u00e1ce bez pou\u017eitia r\u00fak<\/li>\n<\/ul>\n<p>Namontujte ho na pracovn\u00fd st\u00f4l pre efekt\u00edvnu pr\u00e1cu pri \u00faprave zbran\u00ed.<\/p>\n","protected":false},"excerpt":{"rendered":"<p>Bezpe\u010dn\u00e9 p\u00e4tky pre AR15\/M4\/AR10\/SR25 na pr\u00e1cu bez pou\u017eitia r\u00fak. Vyroben\u00e9 v USA.<\/p>\n","protected":false},"featured_media":58465,"template":"","meta":{"_acf_changed":false},"product_brand":[11391],"product_cat":[13377],"product_tag":[],"class_list":{"0":"post-58464","1":"product","2":"type-product","3":"status-publish","4":"has-post-thumbnail","6":"product_brand-geissele","7":"product_cat-naradie","9":"first","10":"outofstock","11":"taxable","12":"shipping-taxable","13":"product-type-simple"},"acf":[],"_links":{"self":[{"href":"https:\/\/nbg.eu\/sk\/wp-json\/wp\/v2\/product\/58464","targetHints":{"allow":["GET"]}}],"collection":[{"href":"https:\/\/nbg.eu\/sk\/wp-json\/wp\/v2\/product"}],"about":[{"href":"https:\/\/nbg.eu\/sk\/wp-json\/wp\/v2\/types\/product"}],"wp:featuredmedia":[{"embeddable":true,"href":"https:\/\/nbg.eu\/sk\/wp-json\/wp\/v2\/media\/58465"}],"wp:attachment":[{"href":"https:\/\/nbg.eu\/sk\/wp-json\/wp\/v2\/media?parent=58464"}],"wp:term":[{"taxonomy":"product_brand","embeddable":true,"href":"https:\/\/nbg.eu\/sk\/wp-json\/wp\/v2\/product_brand?post=58464"},{"taxonomy":"product_cat","embeddable":true,"href":"https:\/\/nbg.eu\/sk\/wp-json\/wp\/v2\/product_cat?post=58464"},{"taxonomy":"product_tag","embeddable":true,"href":"https:\/\/nbg.eu\/sk\/wp-json\/wp\/v2\/product_tag?post=58464"}],"curies":[{"name":"wp","href":"https:\/\/api.w.org\/{rel}","templated":true}]}}