{"id":65671,"date":"2024-01-21T17:47:21","date_gmt":"2024-09-20T11:32:13","guid":{"rendered":"https:\/\/nbg.eu\/product\/surefire-sflfp123-batteries\/"},"modified":"2024-09-20T11:33:12","modified_gmt":"2024-09-20T11:33:12","slug":"surefire-sflfp123-baterie","status":"publish","type":"product","link":"https:\/\/nbg.eu\/sk\/produkt\/surefire-sflfp123-baterie\/","title":{"rendered":"SureFire SFLFP123 Bat\u00e9rie"},"content":{"rendered":"<div class=\"product-description\">\n<h2>Nab\u00edjate\u013en\u00e9 bat\u00e9rie SureFire SFLFP123<\/h2>\n<p>Nap\u00e1jajte svoje LED osvet\u013eovacie zariadenia bat\u00e9riami SureFire SFLFP123 z l\u00edtium-\u017eelezo-fosf\u00e1tu (LiFePO4). Tieto 3,2V \u010dl\u00e1nky maj\u00fa kapacitu 450mAh a energiu 1,44Wh, \u010do zabezpe\u010duje dlhotrvaj\u00faci v\u00fdkon.<\/p>\n<ul>\n<li>Vn\u00fatorn\u00fd obvod pre bezpe\u010dn\u00e9 nab\u00edjanie<\/li>\n<li>Ochrana proti prebitiu, skratu a opa\u010dnej polarite<\/li>\n<li>Doba nab\u00edjania: 1,5 a\u017e 3 hodiny<\/li>\n<li>Hmotnos\u0165: 17 gramov na bat\u00e9riu<\/li>\n<li>Dostupn\u00e9 ako sada bat\u00e9ri\u00ed alebo kompletn\u00e1 sada s nab\u00edja\u010dkou<\/li>\n<\/ul>\n<p>Pozn\u00e1mka: Tieto bat\u00e9rie s\u00fa ur\u010den\u00e9 v\u00fdhradne pre LED osvet\u013eovacie produkty a nemali by sa pou\u017e\u00edva\u0165 so \u017eiarovkami. Vyu\u017eite bat\u00e9rie SureFire SFLFP123.<\/p>\n<\/div>\n","protected":false},"excerpt":{"rendered":"<p>SureFire SFLFP123: Nab\u00edjate\u013en\u00e9 3,2V LiFePO4 bat\u00e9rie pre LED svietidl\u00e1.<\/p>\n","protected":false},"featured_media":65672,"template":"","meta":{"_acf_changed":false},"product_brand":[11873],"product_cat":[369],"product_tag":[],"class_list":{"0":"post-65671","1":"product","2":"type-product","3":"status-publish","4":"has-post-thumbnail","6":"product_brand-surefire","7":"product_cat-uncategorized","9":"first","10":"instock","11":"taxable","12":"shipping-taxable","13":"product-type-simple"},"acf":[],"_links":{"self":[{"href":"https:\/\/nbg.eu\/sk\/wp-json\/wp\/v2\/product\/65671","targetHints":{"allow":["GET"]}}],"collection":[{"href":"https:\/\/nbg.eu\/sk\/wp-json\/wp\/v2\/product"}],"about":[{"href":"https:\/\/nbg.eu\/sk\/wp-json\/wp\/v2\/types\/product"}],"wp:featuredmedia":[{"embeddable":true,"href":"https:\/\/nbg.eu\/sk\/wp-json\/wp\/v2\/media\/65672"}],"wp:attachment":[{"href":"https:\/\/nbg.eu\/sk\/wp-json\/wp\/v2\/media?parent=65671"}],"wp:term":[{"taxonomy":"product_brand","embeddable":true,"href":"https:\/\/nbg.eu\/sk\/wp-json\/wp\/v2\/product_brand?post=65671"},{"taxonomy":"product_cat","embeddable":true,"href":"https:\/\/nbg.eu\/sk\/wp-json\/wp\/v2\/product_cat?post=65671"},{"taxonomy":"product_tag","embeddable":true,"href":"https:\/\/nbg.eu\/sk\/wp-json\/wp\/v2\/product_tag?post=65671"}],"curies":[{"name":"wp","href":"https:\/\/api.w.org\/{rel}","templated":true}]}}