{"id":672188,"date":"2025-11-17T17:17:59","date_gmt":"2025-11-17T14:17:59","guid":{"rendered":"https:\/\/nbg.eu\/product\/termokamera-nocpix-vista-s50r-s-lrf-1280x1024-15mk-netd\/"},"modified":"2026-04-14T16:17:31","modified_gmt":"2026-04-14T13:17:31","slug":"termokamera-nocpix-vista-s50r-s-lrf-1280x1024-15mk-netd","status":"publish","type":"product","link":"https:\/\/nbg.eu\/sk\/produkt\/termokamera-nocpix-vista-s50r-s-lrf-1280x1024-15mk-netd\/","title":{"rendered":"Nocpix Termokamera VISTA S50R LRF"},"content":{"rendered":"<h2>Tepeln\u00e1 kamera Nocpix VISTA S50R s LRF 1280&#215;1024 \u226415mK NETD<\/h2>\n<p>Syst\u00e9m Vision+ od Visty s displejom AMOLED 2560\u00d72560 a priemerom v\u00fdstupnej pupily 8 mm pon\u00faka ponoren\u00fd z\u00e1\u017eitok z pozorovania. Vybaven\u00fd s nad\u0161tandardn\u00fdm senzorom a integrovan\u00fdm LRF, Vista poskytuje najvy\u0161\u0161\u00ed v\u00fdkon v priemysle. Jeho pou\u017e\u00edvate\u013esky pr\u00edvetiv\u00fd dizajn a vylep\u0161en\u00e9 rie\u0161enie bat\u00e9ri\u00ed z nej robia ide\u00e1lneho spolo\u010dn\u00edka pri prekon\u00e1van\u00ed v\u00fdziev v exteri\u00e9ri.<\/p>\n<h2>Syst\u00e9m Vision+: Ponoren\u00e9 videnie<\/h2>\n<p>Kruhov\u00fd AMOLED displej 2560\u00d72560 optimalizuje priestorov\u00fa efekt\u00edvnos\u0165 a poskytuje \u017eiv\u00e9 vizu\u00e1ly. V\u010faka priemeru v\u00fdstupnej pupily 8 mm a re\u017eimu Pure Vision pon\u00faka Vista pohodln\u00fd a ponoren\u00fd z\u00e1\u017eitok z pozorovania.<\/p>\n<h2>Nad\u0161tandardn\u00fd senzor: prvotriedna kvalita obrazu<\/h2>\n<p>N\u00e1\u0161 vlastn\u00fd senzor NETD \u226415mk 1280\u00d71024@12\u03bcm zabezpe\u010duje vysok\u00fa kvalitu obrazu a stabiln\u00fd v\u00fdkon. Siluety zvierat, anat\u00f3mia a behavior\u00e1lne charakteristiky sa \u013eahko rozoznaj\u00fa.<\/p>\n<h2>Integrovan\u00fd LRF: presnos\u0165 a prenosnos\u0165<\/h2>\n<p>Na\u0161e integrovan\u00e9 2-v-1 dia\u013ekov\u00e9 zameriavanie (LRF 1200 m) elegantne kombinuje estetiku s prav\u00fdm zarovnan\u00edm optickej osi. Tento \u013eahk\u00fd, kompaktn\u00fd dizajn zaru\u010duje minim\u00e1lne vyu\u017eitie \u0161o\u0161ovkovej plochy pri zachovan\u00ed bezchybnej kvality obrazu.<\/p>\n<h2>Sn\u00edmkov\u00e1 frekvencia 60 Hz: Plynul\u00e9 zachyt\u00e1vanie pohybu<\/h2>\n<p>Vybaven\u00e1 60 Hz detektorom, Vista pon\u00faka vynikaj\u00facu plynulos\u0165, \u010do umo\u017e\u0148uje presn\u00e9 zachyt\u00e1vanie pohybuj\u00facich sa zvierat a sc\u00e9n s vysokou r\u00fdchlos\u0165ou. Tento v\u00fdznamn\u00fd upgrade z 50 Hz poskytuje plynulej\u0161ie a presnej\u0161ie vizualiz\u00e1cie.<\/p>\n<h2>Objekt\u00edv F0.9: Zlep\u0161en\u00e9 zachyt\u00e1vanie svetla<\/h2>\n<p>Objekt\u00edv F0.9 je navrhnut\u00fd tak, aby zlep\u0161il pr\u00edjem svetla o 20%, \u010d\u00edm v\u00fdrazne zvy\u0161uje jas a kvalitu obrazu v porovnan\u00ed s tradi\u010dn\u00fdmi objekt\u00edvmi F1.0. Toto vylep\u0161enie zabezpe\u010duje, \u017ee ka\u017ed\u00fd detail je n\u00e1dherne jasn\u00fd, \u010do rob\u00ed Vistu ide\u00e1lnym spolo\u010dn\u00edkom na no\u010dn\u00e9 pozorovanie.<\/p>\n<h2>Flexibiln\u00e9 nab\u00edjanie: Vymenite\u013en\u00e9 bat\u00e9rie pre pred\u013a\u017een\u00fd prev\u00e1dzku<\/h2>\n<p>Vista pon\u00faka dve mo\u017enosti nab\u00edjania: vymenite\u013en\u00e9 bat\u00e9rie IBP-7\/4400mAh, ktor\u00e9 sa daj\u00fa \u013eahko vymeni\u0165, alebo priame nab\u00edjanie cez zabudovan\u00fd port. Toto zaru\u010duje nepretr\u017eit\u00fa prev\u00e1dzku, aby ste sa mohli zamera\u0165 na lov bez probl\u00e9mov s bat\u00e9riami.<\/p>\n<h2>\u0160irok\u00e9 zorn\u00e9 pole: Zlep\u0161en\u00e9 povedomie o okol\u00ed<\/h2>\n<p>S nadradn\u00fdm 2X prim\u00e1rnym zv\u00e4\u010d\u0161en\u00edm a rozsiahlym zorn\u00fdm po\u013eom poskytuje Vista S50R v\u00fdnimo\u010dn\u00fd poh\u013ead na svoje okolie. Umo\u017e\u0148uje v\u00e1m \u013eahko spozorova\u0165 a monitorova\u0165 viacero cie\u013eov v rozsiahlych krajin\u00e1ch, pri\u010dom ka\u017ed\u00fd pohyb je zachyten\u00fd s jasnos\u0165ou.<\/p>\n<h2>R\u00f4zne farebn\u00e9 palety<\/h2>\n<p>Vista pon\u00faka 7 r\u00f4znych farebn\u00fdch paliet vr\u00e1tane \u010derven\u00fdch a \u010disto zelen\u00fdch monochromatick\u00fdch re\u017eimov. Tieto oko-priate\u013esk\u00e9 mo\u017enosti pom\u00e1haj\u00fa zni\u017eova\u0165 \u00fanavu o\u010d\u00ed, \u010d\u00edm zabezpe\u010duj\u00fa beznam\u00e1hav\u00e9 pou\u017e\u00edvanie po\u010das dlh\u0161\u00edch obdob\u00ed.<\/p>\n<h2>Pou\u017e\u00edvate\u013esky pr\u00edvetiv\u00fd dizajn<\/h2>\n<p>Tich\u00e9 tla\u010didl\u00e1 Visty zabezpe\u010duj\u00fa tich\u00fa prev\u00e1dzku v tme, zatia\u013e \u010do oto\u010dn\u00e1 o\u010dn\u00e1 maska zabra\u0148uje \u00faniku svetla, \u010d\u00edm udr\u017euje va\u0161u pr\u00edtomnos\u0165 pred zvieratami skryt\u00fa. Plne oplechovan\u00fd TPU ko\u017eenen\u00fd povrch poskytuje pohodln\u00fd \u00fachop, \u010do u\u013eah\u010duje dlhodob\u00e9 pou\u017eitie.<\/p>\n","protected":false},"excerpt":{"rendered":"<p>Nocpix VISTA S50R \u0441 LRF 1280&#215;1024 &lt;15mK NETD: Imerz\u00edvny 2560&#215;2560 AMOLED displej, vynikaj\u00faci 1280&#215;1024 sn\u00edma\u010d, integrovan\u00fd LRF, objekt\u00edv F0,9, sn\u00edmkov\u00e1 frekvencia 60 Hz, flexibiln\u00e9 nab\u00edjanie, \u0161irok\u00e9 zorn\u00e9 pole a pou\u017e\u00edvate\u013esky pr\u00edvetiv\u00fd dizajn.<\/p>\n<p>Ak polo\u017eka nie je k dispoz\u00edcii, kontaktujte n\u00e1s: shop@nbg.eu alebo +359896147790<\/p>\n","protected":false},"featured_media":673177,"template":"","meta":{"_acf_changed":false},"product_brand":[14463],"product_cat":[13368,16098],"product_tag":[],"class_list":{"0":"post-672188","1":"product","2":"type-product","3":"status-publish","4":"has-post-thumbnail","6":"product_brand-nocpix","7":"product_cat-termalne","8":"product_cat-thermal-cameras-sk","10":"first","11":"instock","12":"taxable","13":"shipping-taxable","14":"purchasable","15":"product-type-simple"},"acf":[],"_links":{"self":[{"href":"https:\/\/nbg.eu\/sk\/wp-json\/wp\/v2\/product\/672188","targetHints":{"allow":["GET"]}}],"collection":[{"href":"https:\/\/nbg.eu\/sk\/wp-json\/wp\/v2\/product"}],"about":[{"href":"https:\/\/nbg.eu\/sk\/wp-json\/wp\/v2\/types\/product"}],"wp:featuredmedia":[{"embeddable":true,"href":"https:\/\/nbg.eu\/sk\/wp-json\/wp\/v2\/media\/673177"}],"wp:attachment":[{"href":"https:\/\/nbg.eu\/sk\/wp-json\/wp\/v2\/media?parent=672188"}],"wp:term":[{"taxonomy":"product_brand","embeddable":true,"href":"https:\/\/nbg.eu\/sk\/wp-json\/wp\/v2\/product_brand?post=672188"},{"taxonomy":"product_cat","embeddable":true,"href":"https:\/\/nbg.eu\/sk\/wp-json\/wp\/v2\/product_cat?post=672188"},{"taxonomy":"product_tag","embeddable":true,"href":"https:\/\/nbg.eu\/sk\/wp-json\/wp\/v2\/product_tag?post=672188"}],"curies":[{"name":"wp","href":"https:\/\/api.w.org\/{rel}","templated":true}]}}