{"id":673421,"date":"2025-11-17T17:24:54","date_gmt":"2025-11-17T14:24:54","guid":{"rendered":"https:\/\/nbg.eu\/product\/termokamera-nocpix-vista-h50r-s-lrf-50-mm-12-%ce%bcm-640-x-512-15-mk-netd\/"},"modified":"2026-04-14T16:17:28","modified_gmt":"2026-04-14T13:17:28","slug":"termokamera-nocpix-vista-h50r-s-lrf-50-mm-12-%ce%bcm-640-x-512-15-mk-netd","status":"publish","type":"product","link":"https:\/\/nbg.eu\/sk\/produkt\/termokamera-nocpix-vista-h50r-s-lrf-50-mm-12-%ce%bcm-640-x-512-15-mk-netd\/","title":{"rendered":"Nocpix Termokamera VISTA H50R LRF"},"content":{"rendered":"<h2>Nocpix VISTA H50R &#8211; Termov\u00edzna kamera s laserov\u00fdm dia\u013ekomerom<\/h2>\n<p>Nocpix VISTA H50R je termov\u00edzna kamera s integrovan\u00fdm laserov\u00fdm dia\u013ekomerom (LRF) navrhnut\u00e1 na pou\u017eitie cez de\u0148 aj v noci. Poskytuje v\u00fdborn\u00fa kvalitu obrazu aj v n\u00e1ro\u010dn\u00fdch poveternostn\u00fdch podmienkach, ako je hmla, smog a d\u00e1\u017e\u010f, a dok\u00e1\u017ee detekova\u0165 ciele cez prek\u00e1\u017eky, ako s\u00fa vetvy, vysok\u00e1 tr\u00e1va a hust\u00e1 veget\u00e1cia, ktor\u00e9 norm\u00e1lne znemo\u017e\u0148uj\u00fa vidite\u013enos\u0165.<\/p>\n<p>VISTA H50R je vysoko univerz\u00e1lna a vhodn\u00e1 na r\u00f4zne aplik\u00e1cie vr\u00e1tane po\u013eovn\u00edctva, bezpe\u010dnosti, dozoru, navig\u00e1cie v ter\u00e9ne a z\u00e1chrann\u00fdch oper\u00e1ci\u00ed. Jej pokro\u010dil\u00e1 term\u00e1lna technol\u00f3gia zabezpe\u010duje spo\u013eahliv\u00fd v\u00fdkon, \u010do umo\u017e\u0148uje jasn\u00e9 obrazy a presn\u00e9 merania v n\u00e1ro\u010dn\u00fdch podmienkach.<\/p>\n<h2>\u0160pecifik\u00e1cie:<\/h2>\n<p>Rozl\u00ed\u0161enie: 640 x 512<br \/>\nVe\u013ekos\u0165 pixela: 12<br \/>\nNETD, mK: \u226415<br \/>\nSn\u00edmkov\u00e1 frekvencia: 50<br \/>\nObjekt\u00edv: 50mm F0.9<br \/>\nZorn\u00e9 pole: 8.8 x 7.0<br \/>\nZorn\u00e9 pole (line\u00e1rne): 15 x 12<br \/>\nZv\u00e4\u010d\u0161enie: 4~40<br \/>\nDetek\u010dn\u00fd dosah: 2600<br \/>\nOdstup od o\u010d\u00ed: 25<br \/>\nPriemer v\u00fdstupnej pupily: 8<br \/>\nDiopter: -4 ~ +6<br \/>\nTyp displeja: AMOLED<br \/>\nRozl\u00ed\u0161enie displeja: 2560 x 2560<br \/>\nBat\u00e9ria: Vymenite\u013en\u00e1 l\u00edtium-i\u00f3nov\u00e1 bat\u00e9ria IBP-7 \/ 4400mAh<br \/>\nMax. prev\u00e1dzkov\u00fd \u010das: 5.5<br \/>\nDia\u013eka merania: 1200<br \/>\nLaser: Trieda 1<br \/>\nWi-Fi\/App: \u00c1NO<br \/>\nMIC: \u00c1NO<br \/>\nPam\u00e4\u0165ov\u00e1 kapacita: 64GB<br \/>\nKrytie: IP67<br \/>\nMax. prev\u00e1dzkov\u00e1 teplota: -20 ~ +50<br \/>\nHmotnos\u0165 (unce): 22.93<br \/>\nHmotnos\u0165 (g): 650<br \/>\nRozmery (in): 7.64 x 2.76 x 3.23<br \/>\nRozmery (mm): 194 x 70 x 82<\/p>\n<p>640\u00d7512 12\u03bcm detektor<br \/>\nNETD\u226415mK<br \/>\n60Hz vysok\u00e1 sn\u00edmkov\u00e1 frekvencia<br \/>\nF0.9 objekt\u00edv<br \/>\nAMOLED 2560\u00d72560 kruhov\u00fd displej<br \/>\nVymenite\u013en\u00e1 nab\u00edjate\u013en\u00e1 bat\u00e9ria IBP-7<br \/>\nPlynul\u00e9 digit\u00e1lne pribl\u00ed\u017eenie: 1\u00d7~8\u00d7<br \/>\nUltra \u010dist\u00fd re\u017eim<br \/>\nOchrana o\u010d\u00ed s n\u00edzkou jasnos\u0165ou, paletou farieb a tepl\u00fdm odtie\u0148om<br \/>\nElektronick\u00e1 stabiliz\u00e1cia obrazu<\/p>\n","protected":false},"excerpt":{"rendered":"<p>Nocpix VISTA H50R je 640&#215;512 12um term\u00e1lna kamera s \u226415mK NETD, 50mm F0.9 objekt\u00edvom a zabudovan\u00fdm laserov\u00fdm dia\u013ekomerom, ur\u010den\u00e1 na lov, bezpe\u010dnos\u0165 a \u010fal\u0161ie pou\u017eitie.<\/p>\n<p>Ak polo\u017eka nie je k dispoz\u00edcii, kontaktujte n\u00e1s: shop@nbg.eu alebo +359896147790<\/p>\n","protected":false},"featured_media":673681,"template":"","meta":{"_acf_changed":false},"product_brand":[14463],"product_cat":[13368,16098],"product_tag":[],"class_list":{"0":"post-673421","1":"product","2":"type-product","3":"status-publish","4":"has-post-thumbnail","6":"product_brand-nocpix","7":"product_cat-termalne","8":"product_cat-thermal-cameras-sk","10":"first","11":"instock","12":"taxable","13":"shipping-taxable","14":"purchasable","15":"product-type-simple"},"acf":[],"_links":{"self":[{"href":"https:\/\/nbg.eu\/sk\/wp-json\/wp\/v2\/product\/673421","targetHints":{"allow":["GET"]}}],"collection":[{"href":"https:\/\/nbg.eu\/sk\/wp-json\/wp\/v2\/product"}],"about":[{"href":"https:\/\/nbg.eu\/sk\/wp-json\/wp\/v2\/types\/product"}],"wp:featuredmedia":[{"embeddable":true,"href":"https:\/\/nbg.eu\/sk\/wp-json\/wp\/v2\/media\/673681"}],"wp:attachment":[{"href":"https:\/\/nbg.eu\/sk\/wp-json\/wp\/v2\/media?parent=673421"}],"wp:term":[{"taxonomy":"product_brand","embeddable":true,"href":"https:\/\/nbg.eu\/sk\/wp-json\/wp\/v2\/product_brand?post=673421"},{"taxonomy":"product_cat","embeddable":true,"href":"https:\/\/nbg.eu\/sk\/wp-json\/wp\/v2\/product_cat?post=673421"},{"taxonomy":"product_tag","embeddable":true,"href":"https:\/\/nbg.eu\/sk\/wp-json\/wp\/v2\/product_tag?post=673421"}],"curies":[{"name":"wp","href":"https:\/\/api.w.org\/{rel}","templated":true}]}}