{"id":673807,"date":"2025-11-17T17:24:57","date_gmt":"2025-11-17T14:24:57","guid":{"rendered":"https:\/\/nbg.eu\/product\/termalna-kamera-nocpix-vista-h35r-s-lrf-35-mm-12-%ce%bcm-640x512-15-mk-net\/"},"modified":"2026-04-14T16:17:25","modified_gmt":"2026-04-14T13:17:25","slug":"termalna-kamera-nocpix-vista-h35r-s-lrf-35-mm-12-%ce%bcm-640x512-15-mk-net","status":"publish","type":"product","link":"https:\/\/nbg.eu\/sk\/produkt\/termalna-kamera-nocpix-vista-h35r-s-lrf-35-mm-12-%ce%bcm-640x512-15-mk-net\/","title":{"rendered":"Nocpix Termokamera VISTA H35R LRF"},"content":{"rendered":"<h2>Nocpix VISTA H35R Term\u00e1lny monokula s laserov\u00fdm dia\u013ekomerom<\/h2>\n<p>Nocpix VISTA H35R je viac\u00fa\u010delov\u00fd term\u00e1lny monokular vybaven\u00fd zabudovan\u00fdm laserov\u00fdm dia\u013ekomerom (LRF), navrhnut\u00fd pre spo\u013eahliv\u00e9 pou\u017eitie vo dne i v noci. Toto pokro\u010dil\u00e9 zariadenie pon\u00faka v\u00fdnimo\u010dn\u00fd v\u00fdkon term\u00e1lneho zobrazenia, poskytuj\u00fac jasn\u00e9 a podrobn\u00e9 vizu\u00e1ly aj v n\u00e1ro\u010dn\u00fdch poveternostn\u00fdch podmienkach, ako je hmla, smog a d\u00e1\u017e\u010f. Je schopn\u00fd detekova\u0165 ciele cez prek\u00e1\u017eky, ako s\u00fa kon\u00e1re, vysok\u00e1 tr\u00e1va a hust\u00e1 veget\u00e1cia, \u010d\u00edm zabezpe\u010duje efekt\u00edvnu prev\u00e1dzku v prostrediach, kde tradi\u010dn\u00e9 optiky zlyh\u00e1vaj\u00fa.<\/p>\n<p>Ide\u00e1lny pre r\u00f4zne aplik\u00e1cie, VISTA H35R je perfektn\u00fd pre po\u013eovn\u00edctvo, prieskum, bezpe\u010dnos\u0165, navig\u00e1ciu ter\u00e9nu a z\u00e1chrann\u00e9 oper\u00e1cie. V\u010faka svojej \u0161pi\u010dkovej technol\u00f3gii a odolnej kon\u0161trukcii zaru\u010duje VISTA H35R presn\u00fa detekciu a meranie v naj\u0165a\u017e\u0161\u00edch podmienkach.<\/p>\n<h2>\u0160pecifik\u00e1cie<\/h2>\n<p>Rozl\u00ed\u0161enie: 640 x 512<br \/>\nVe\u013ekos\u0165 pixla: 12<br \/>\nNETD, mK: \u226415<br \/>\nSn\u00edmkov\u00e1 frekvencia: 50<br \/>\nObjekt\u00edv: 35mm F0.9<br \/>\nZorn\u00e9 pole: 12.5 x 10.0<br \/>\nZorn\u00e9 pole (line\u00e1rne): 22 x 18<br \/>\nZv\u00e4\u010d\u0161enie: 3~28<br \/>\nDetek\u010dn\u00fd rozsah: 1800<br \/>\nVzdialenos\u0165 od o\u010d\u00ed: 25<br \/>\nPriemer v\u00fdstupnej pupily: 8<br \/>\nDiopter: -4 ~ +6<br \/>\nTyp displeja: AMOLED<br \/>\nRozl\u00ed\u0161enie displeja: 2560 x 2560<br \/>\nBat\u00e9ria: Vymenite\u013en\u00e1 l\u00edtium-i\u00f3nov\u00e1 bat\u00e9ria IBP-7 \/ 4400mAh<br \/>\nMax. \u010das prev\u00e1dzky: 5.5<br \/>\nDia\u013eka dia\u013ekomera: 1200<br \/>\nLaser: Trieda 1<br \/>\nWi-Fi\/Aplik\u00e1cia: \u00c1NO<br \/>\nMIC: \u00c1NO<br \/>\nPam\u00e4\u0165ov\u00e1 kapacita: 64GB<br \/>\nKrytie IP: IP67<br \/>\nMax. prev\u00e1dzkov\u00e1 teplota: -20 ~ +50<br \/>\nHmotnos\u0165 (unce): 22.58<br \/>\nHmotnos\u0165 (g): 640<br \/>\nRozmery (in): 7.48 x 2.64 x 3.11<br \/>\nRozmery (mm): 190 x 67 x 79<\/p>\n<h2>Funkcie<\/h2>\n<p>640\u00d7512 12\u03bcm detektor<br \/>\nNETD\u226415mK<br \/>\n60Hz vysok\u00e1 sn\u00edmkov\u00e1 frekvencia<br \/>\nF0.9 objekt\u00edv<br \/>\nAMOLED 2560\u00d72560 kruhov\u00fd displej<br \/>\nVymenite\u013en\u00e1 nab\u00edjate\u013en\u00e1 bat\u00e9ria IBP-7<br \/>\nPlynul\u00e9 digit\u00e1lne pribl\u00ed\u017eenie: 1\u00d7~8\u00d7<br \/>\nUltra \u010dist\u00fd re\u017eim<br \/>\nOchrana o\u010d\u00ed s n\u00edzkou jasnos \u0165ou, farebnou paletou a tepl\u00fdm odtie\u0148om<br \/>\nElektronick\u00e1 stabiliz\u00e1cia obrazu<\/p>\n","protected":false},"excerpt":{"rendered":"<p>Termokamera Nocpix VISTA H35R s 35mm 12um 640&#215;512 &lt;15mk NET a LRF, spo\u013eahliv\u00e9 pou\u017eitie cez de\u0148\/v noci v n\u00e1ro\u010dn\u00fdch podmienkach.<\/p>\n<p>Ak nie je tovar k dispoz\u00edcii, kontaktujte n\u00e1s: shop@nbg.eu alebo +359896147790<\/p>\n","protected":false},"featured_media":673953,"template":"","meta":{"_acf_changed":false},"product_brand":[14463],"product_cat":[13368,16098],"product_tag":[],"class_list":{"0":"post-673807","1":"product","2":"type-product","3":"status-publish","4":"has-post-thumbnail","6":"product_brand-nocpix","7":"product_cat-termalne","8":"product_cat-thermal-cameras-sk","10":"first","11":"instock","12":"taxable","13":"shipping-taxable","14":"purchasable","15":"product-type-simple"},"acf":[],"_links":{"self":[{"href":"https:\/\/nbg.eu\/sk\/wp-json\/wp\/v2\/product\/673807","targetHints":{"allow":["GET"]}}],"collection":[{"href":"https:\/\/nbg.eu\/sk\/wp-json\/wp\/v2\/product"}],"about":[{"href":"https:\/\/nbg.eu\/sk\/wp-json\/wp\/v2\/types\/product"}],"wp:featuredmedia":[{"embeddable":true,"href":"https:\/\/nbg.eu\/sk\/wp-json\/wp\/v2\/media\/673953"}],"wp:attachment":[{"href":"https:\/\/nbg.eu\/sk\/wp-json\/wp\/v2\/media?parent=673807"}],"wp:term":[{"taxonomy":"product_brand","embeddable":true,"href":"https:\/\/nbg.eu\/sk\/wp-json\/wp\/v2\/product_brand?post=673807"},{"taxonomy":"product_cat","embeddable":true,"href":"https:\/\/nbg.eu\/sk\/wp-json\/wp\/v2\/product_cat?post=673807"},{"taxonomy":"product_tag","embeddable":true,"href":"https:\/\/nbg.eu\/sk\/wp-json\/wp\/v2\/product_tag?post=673807"}],"curies":[{"name":"wp","href":"https:\/\/api.w.org\/{rel}","templated":true}]}}