{"id":673983,"date":"2025-11-17T17:25:01","date_gmt":"2025-11-17T14:25:01","guid":{"rendered":"https:\/\/nbg.eu\/product\/tepelny-dohlad-nocpix-slim-l35\/"},"modified":"2026-04-14T16:17:22","modified_gmt":"2026-04-14T13:17:22","slug":"tepelny-dohlad-nocpix-slim-l35","status":"publish","type":"product","link":"https:\/\/nbg.eu\/sk\/produkt\/tepelny-dohlad-nocpix-slim-l35\/","title":{"rendered":"Nocpix Term\u00e1lny Zameriava\u010d Slim L35"},"content":{"rendered":"<h2>Term\u00e1lny zobrazova\u010d Nocpix Slim L35: Neprekoan\u00e1 v\u00fdkonnos\u0165 pri love<\/h2>\n<p>Predstavujeme pu\u0161koh\u013ead rady SLIM: 2 v 1 prenosn\u00fd MONOKULAR alebo 3,5x (L35) pu\u0161koh\u013ead. Vyberte si medzi dvomi vysokov\u00fdkonn\u00fdmi jadrami, vychutnajte si 1024&#215;768 OLED displej a vyu\u017eite vymenite\u013en\u00fa 18650 bat\u00e9riu s v\u00fddr\u017eou 10 hod\u00edn. Zaznamen\u00e1vajte ka\u017ed\u00fd moment s funkciou zaznamen\u00e1vania n\u00e1razov, aby ste nezme\u0161kali \u017eiadny z\u00e1beh.<\/p>\n<p>V\u010faka 2 v 1 dizajnu s QD mont\u00e1\u017eou sa m\u00f4\u017eete plynule prep\u00edna\u0165 medzi ru\u010dn\u00fdmi a optick\u00fdmi mieridlami bez potreby op\u00e4tovn\u00e9ho zaostrovania. Vychutnajte si pohodln\u00e9 pozorovanie s 1024&#215;768 AMOLED displejom, nov\u00fdm dizajnom okul\u00e1ru a pohodln\u00fdm v\u00fdstupn\u00fdm pupilom s priemerom 10 mm. S hmotnos\u0165ou len 500 g je tento ultra\u013eahk\u00fd dizajn dokonal\u00fd na pred\u013a\u017een\u00e9 pou\u017e\u00edvanie, udr\u017eiavaj\u00fac v\u00e1s v ter\u00e9ne pohybliv\u00fdch.<\/p>\n<p>Hlavn\u00e9 mo\u017enosti vysok\u00e9ho v\u00fdkonu &#8211; 384\u00d7288 @ 12 \u03bcm alebo 640\u00d7512 @ 12 \u03bcm, NETD\u226418 mK poskytuj\u00fa neprekoan\u00fa kvalitu obrazu, tak\u017ee ka\u017ed\u00fd detail je zachyten\u00fd s ohromuj\u00facou jasnos\u0165ou, bez oh\u013eadu na podmienky lovu. V\u010faka technol\u00f3gii Reality+ dosahuje Slim kvalitu obrazu, ktor\u00e1 prekoan\u00e1va ostatn\u00e9 zna\u010dky so sn\u00edma\u010dmi v tej istej triede.<\/p>\n<p>Nikdy nestrel\u00edte ved\u013ea s funkciou RAV, ktor\u00e1 v\u00e1m umo\u017en\u00ed za\u017ei\u0165 a zdie\u013ea\u0165 tie najneprekoanej\u0161ie okamihy lovu. Pokra\u010dujte v love s vymenite\u013enou, odolnou vo\u010di n\u00edzkym teplot\u00e1m 18650 bat\u00e9riou, ktor\u00e1 poskytuje a\u017e 8 hod\u00edn pohotovostn\u00e9ho \u010dasu, aj v extr\u00e9mnych podmienkach. S prim\u00e1rnym zv\u00e4\u010d\u0161en\u00edm 3,5x je SLIM L35 va\u0161a vo\u013eba pre lov na dlh\u00e9 vzdialenosti, \u010d\u00edm sa strie\u013eanie na kojota stane presnej\u0161\u00edm a \u00fa\u010dinnej\u0161\u00edm.<\/p>\n","protected":false},"excerpt":{"rendered":"<p>Pu\u0161koh\u013ead s\u00e9rie SLIM: 2-v-1 ru\u010dn\u00fd MONOKUL\u00c1R alebo 3,5x (L35) \u010falekoh\u013ead s OLED displejom 1024&#215;768, bat\u00e9riou 18650, z\u00e1znamom n\u00e1razov, tepeln\u00fdm sn\u00edma\u010dom a r\u00fdchlou v\u00fdmenou.<\/p>\n<p>Ak polo\u017eka nie je k dispoz\u00edcii, kontaktujte n\u00e1s: shop@nbg.eu alebo +359896147790<\/p>\n","protected":false},"featured_media":674741,"template":"","meta":{"_acf_changed":false},"product_brand":[14463],"product_cat":[16098],"product_tag":[],"class_list":{"0":"post-673983","1":"product","2":"type-product","3":"status-publish","4":"has-post-thumbnail","6":"product_brand-nocpix","7":"product_cat-thermal-cameras-sk","9":"first","10":"instock","11":"taxable","12":"shipping-taxable","13":"purchasable","14":"product-type-simple"},"acf":[],"_links":{"self":[{"href":"https:\/\/nbg.eu\/sk\/wp-json\/wp\/v2\/product\/673983","targetHints":{"allow":["GET"]}}],"collection":[{"href":"https:\/\/nbg.eu\/sk\/wp-json\/wp\/v2\/product"}],"about":[{"href":"https:\/\/nbg.eu\/sk\/wp-json\/wp\/v2\/types\/product"}],"wp:featuredmedia":[{"embeddable":true,"href":"https:\/\/nbg.eu\/sk\/wp-json\/wp\/v2\/media\/674741"}],"wp:attachment":[{"href":"https:\/\/nbg.eu\/sk\/wp-json\/wp\/v2\/media?parent=673983"}],"wp:term":[{"taxonomy":"product_brand","embeddable":true,"href":"https:\/\/nbg.eu\/sk\/wp-json\/wp\/v2\/product_brand?post=673983"},{"taxonomy":"product_cat","embeddable":true,"href":"https:\/\/nbg.eu\/sk\/wp-json\/wp\/v2\/product_cat?post=673983"},{"taxonomy":"product_tag","embeddable":true,"href":"https:\/\/nbg.eu\/sk\/wp-json\/wp\/v2\/product_tag?post=673983"}],"curies":[{"name":"wp","href":"https:\/\/api.w.org\/{rel}","templated":true}]}}