{"id":674762,"date":"2025-11-17T17:25:02","date_gmt":"2025-11-17T14:25:02","guid":{"rendered":"https:\/\/nbg.eu\/product\/thermal-sight-nocpix-slim-h35\/"},"modified":"2026-04-14T16:17:18","modified_gmt":"2026-04-14T13:17:18","slug":"thermal-sight-nocpix-slim-h35","status":"publish","type":"product","link":"https:\/\/nbg.eu\/sk\/produkt\/thermal-sight-nocpix-slim-h35\/","title":{"rendered":"Nocpix Term\u00e1lny Zameriava\u010d Slim H35"},"content":{"rendered":"<h2>Term\u00e1lny doh\u013ead Nocpix Slim H35 &#8211; Ult\u013eahk\u00fd term\u00e1lny zobraz s \u00fa\u017easnou kvalitou obrazu<\/h2>\n<p>Predstavujeme \u010falekoh\u013ead s\u00e9rie SLIM: 2-v-1 prenosn\u00fd MONOKUL\u00c1R alebo 3,5x (L35) \u010falekoh\u013ead. Vyberte si medzi dvomi vysokov\u00fdkonn\u00fdmi jadrami, u\u017e\u00edvajte si 1024&#215;768 OLED displej a vyu\u017eite vymenite\u013en\u00fa bat\u00e9riu 18650 s v\u00fddr\u017eou 10 hod\u00edn. Zachy\u0165te ka\u017ed\u00fd moment s dopadom z\u00e1znamu, aby ste nezme\u0161kali \u017eiadny r\u00e1mec.<\/p>\n<p>U\u017e\u00edvajte si bez\u00fanavn\u00e9 zobrazovanie s 1024&#215;768 AMOLED displejom, nov\u00fdm dizajnom okul\u00e1ru a pohodln\u00fdm priemerom v\u00fdstupnej pupily 10 mm.<\/p>\n<p>S hmotnos\u0165ou len 500 g sa tento ult\u013eahk\u00fd dizajn pou\u017e\u00edva bez n\u00e1mahy, \u010do v\u00e1s v ter\u00e9ne udr\u017eiava pohybliv\u00fdch.<\/p>\n<p>Hlavn\u00e9 mo\u017enosti vysok\u00e9ho v\u00fdkonu &#8211; 384 \u00d7 288 @ 12 \u03bcm alebo 640 \u00d7 512 @ 12 \u03bcm, NETD \u2264 18 mK poskytuj\u00fa neprekonate\u013en\u00fa kvalitu obrazu, v\u010faka \u010domu je ka\u017ed\u00fd detail zachyten\u00fd s oslnivou jasnos\u0165ou, bez oh\u013eadu na podmienky na love. V\u010faka pridanej sile technol\u00f3gie Reality+ dosahuje Slim kvalitu obrazu, ktor\u00e1 prekon\u00e1va in\u00e9 zna\u010dky so senzormi v tej istej triede.<\/p>\n<p>Nikdy nezme\u0161kajte r\u00e1nu v\u010faka funkcii RAV, ktor\u00e1 v\u00e1m umo\u017en\u00ed prezera\u0165 a zdie\u013ea\u0165 tie najvzru\u0161uj\u00facej\u0161ie okamihy z lovu.<\/p>\n<p>Pokra\u010dujte v love s vymenite\u013enou, odolnou proti n\u00edzkym teplot\u00e1m bat\u00e9riou 18650, ktor\u00e1 v\u00e1m poskytne a\u017e 8 hod\u00edn pohotovostn\u00e9ho \u010dasu, a to aj v extr\u00e9mnych podmienkach. M\u00e1 tie\u017e magnetick\u00fd nab\u00edjac\u00ed port pre \u013eahk\u00e9 nab\u00edjanie, a to aj v \u00faplnej tme.<\/p>\n","protected":false},"excerpt":{"rendered":"<p>Term\u00e1lny h\u013ead\u00e1\u010dik Nocpix Slim H35: 2-v-1 monokul\/3,5x dalekohliad s OLED 1024&#215;768, bat\u00e9riou 18650, z\u00e1znamom n\u00e1razov.<\/p>\n<p>Ak tovar nie je k dispoz\u00edcii, kontaktujte n\u00e1s pros\u00edm: shop@nbg.eu alebo +359896147790<\/p>\n","protected":false},"featured_media":676147,"template":"","meta":{"_acf_changed":false},"product_brand":[14463],"product_cat":[16098],"product_tag":[],"class_list":{"0":"post-674762","1":"product","2":"type-product","3":"status-publish","4":"has-post-thumbnail","6":"product_brand-nocpix","7":"product_cat-thermal-cameras-sk","9":"first","10":"instock","11":"taxable","12":"shipping-taxable","13":"purchasable","14":"product-type-simple"},"acf":[],"_links":{"self":[{"href":"https:\/\/nbg.eu\/sk\/wp-json\/wp\/v2\/product\/674762","targetHints":{"allow":["GET"]}}],"collection":[{"href":"https:\/\/nbg.eu\/sk\/wp-json\/wp\/v2\/product"}],"about":[{"href":"https:\/\/nbg.eu\/sk\/wp-json\/wp\/v2\/types\/product"}],"wp:featuredmedia":[{"embeddable":true,"href":"https:\/\/nbg.eu\/sk\/wp-json\/wp\/v2\/media\/676147"}],"wp:attachment":[{"href":"https:\/\/nbg.eu\/sk\/wp-json\/wp\/v2\/media?parent=674762"}],"wp:term":[{"taxonomy":"product_brand","embeddable":true,"href":"https:\/\/nbg.eu\/sk\/wp-json\/wp\/v2\/product_brand?post=674762"},{"taxonomy":"product_cat","embeddable":true,"href":"https:\/\/nbg.eu\/sk\/wp-json\/wp\/v2\/product_cat?post=674762"},{"taxonomy":"product_tag","embeddable":true,"href":"https:\/\/nbg.eu\/sk\/wp-json\/wp\/v2\/product_tag?post=674762"}],"curies":[{"name":"wp","href":"https:\/\/api.w.org\/{rel}","templated":true}]}}