{"id":676613,"date":"2025-11-17T17:25:14","date_gmt":"2025-11-17T14:25:14","guid":{"rendered":"https:\/\/nbg.eu\/product\/termalny-dohlad-nocpix-rico-2-s75r\/"},"modified":"2026-04-14T16:17:15","modified_gmt":"2026-04-14T13:17:15","slug":"termalny-dohlad-nocpix-rico-2-s75r","status":"publish","type":"product","link":"https:\/\/nbg.eu\/sk\/produkt\/termalny-dohlad-nocpix-rico-2-s75r\/","title":{"rendered":"Nocpix Term\u00e1lny Zameriava\u010d Rico 2 S75R"},"content":{"rendered":"<h2>Nocpix Rico 2 S75R: Perfekcia pri stre\u013ebe na dlh\u00e9 vzdialenosti<\/h2>\n<p>Rada term\u00e1lnych pu\u0161koh\u013eadov Nocpix RICO 2 S75R je navrhnut\u00e1 pre lovci, ktor\u00ed po\u017eaduj\u00fa to najlep\u0161ie v oblasti ostrosti, dosahu a komfortu. Navrhnut\u00e1 s priemyselne ved\u00facim term\u00e1lnym sn\u00edma\u010dom a vysokou sn\u00edmkovou frekvenciou poskytuje ultra-nadradn\u00fa kvalitu obrazu, v\u010faka ktorej je identifik\u00e1cia a sledovanie cie\u013eov hra\u010dka. Jeho dlh\u00e1 ohniskov\u00e1 vzdialenos\u0165 a zabudovan\u00fd LRF zabezpe\u010duj\u00fa, \u017ee m\u00f4\u017eete presne mera\u0165 vzdialen\u00e9 ciele, pri\u010dom pokro\u010dil\u00fd optick\u00fd dizajn poskytuje ponorn\u00fd z\u00e1\u017eitok z pozorovania bez skreslenia. V\u010faka stup\u0148ovitej p\u00e1ke pribl\u00ed\u017eenia a v\u00fdnimo\u010dn\u00e9mu o\u010dn\u00e9mu reli\u00e9fu v\u00e1m s\u00e9ria Nocpix RICO 2 S75R umo\u017e\u0148uje bezprobl\u00e9movo upravi\u0165 zv\u00e4\u010d\u0161enie a c\u00edti\u0165 sa pohodlne po\u010das dlh\u00fdch lovov. S inovat\u00edvnymi technol\u00f3giami a pou\u017e\u00edvate\u013esky zameran\u00fdm dizajnom v\u00e1m s\u00e9ria Nocpix RICO 2 S75R naozaj umo\u017e\u0148uje lovi\u0165 za hranicami toho, \u010do je mo\u017en\u00e9.<\/p>\n<h2>\u0160pi\u010dkov\u00fd v\u00fdkon<\/h2>\n<p>Vyu\u017eite v\u00fdhody pr\u00e9miov\u00e9ho senzora druhej gener\u00e1cie 12\u03bcm@60Hz s NETD \u226415mK, pre ostr\u00e9, vysoko kontrastn\u00e9 obrazy a zlep\u0161en\u00fa identifik\u00e1ciu cie\u013eov. Nocpix RICO 2 S75R je vybaven\u00fd v\u00e4\u010d\u0161\u00edmi objekt\u00edvmi (75 mm\/F1.0, 50 mm\/F1.0, 42 mm\/F1.0), ktor\u00e9 pon\u00fakaj\u00fa vylep\u0161en\u00e9 svetlozbern\u00e9 schopnosti pre v\u00fdnimo\u010dn\u00fa ostros\u0165 obrazu a pred\u013a\u017een\u00fd rozsah detekcie. S\u00e9ria RICO 2 v\u00e1m umo\u017e\u0148uje jemne nastavi\u0165 svoje zv\u00e4\u010d\u0161enie s bezprostrednou p\u00e1kou pribl\u00ed\u017eenia \u0161t\u00fdlu LPVO, \u010do poskytuje r\u00fdchle a bezprobl\u00e9mov\u00e9 \u00fapravy na presn\u00e9 zasahovanie cie\u013eov na ak\u00fako\u013evek vzdialenos\u0165. S\u00e9ria RICO 2 sa chv\u00e1li impozantn\u00fdm rozsahom detekcie a\u017e do 3896 m, \u010do v\u00e1m poskytuje v\u00fdrazn\u00fd n\u00e1skok v love na dlh\u00e9 vzdialenosti a presnom z\u00e1sahu cie\u013ea.<\/p>\n<h2>Flexibiln\u00e9 a presn\u00e9 mirovanie<\/h2>\n<p>Nocpix RICO 2 S75R je vybaven\u00fd integrovan\u00fdm LRF, ktor\u00fd pon\u00faka laserov\u00fa detekciu na vzdialenosti a\u017e do 1200 m s prav\u00fdm optick\u00fdm osov\u00fdm zarovnan\u00edm, \u010d\u00edm zabezpe\u010duje presn\u00e9 meranie vzdialenosti pri zachovan\u00ed elegantn\u00e9ho dizajnu. Zjednodu\u0161te umiestnenie svojich striel s automatick\u00fdmi balistick\u00fdmi v\u00fdpo\u010dtami, pri\u010dom pou\u017eite integrovan\u00fd LRF na bezprobl\u00e9mov\u00e9 dosiahnutie presn\u00fdch z\u00e1sahov na dlh\u00e9 vzdialenosti.<\/p>\n<h2>Mimoriadne jasn\u00e9 a pohodln\u00e9 pozorovanie<\/h2>\n<p>1,03&#8243; 2560\u00d72560 OLED displej (S75R), \u0161o\u0161ovka bez skreslenia, 70mm o\u010dn\u00e1 vzdialenos\u0165 a 23mm priemer v\u00fdstupnej pupily poskytuj\u00fa ostr\u00fd, pohodln\u00fd v\u00fdh\u013ead pri dlhodobom pou\u017e\u00edvan\u00ed. Model S75R je vybaven\u00fd bezprecedentnou 70mm vzdialenos\u0165ou, ktor\u00e1 poskytuje maxim\u00e1lny komfort pri dlhodobom pou\u017e\u00edvan\u00ed bez nam\u00e1hania o\u010d\u00ed a z\u00e1rove\u0148 zabezpe\u010duje bezpe\u010dnos\u0165 o\u010d\u00ed.<\/p>\n","protected":false},"excerpt":{"rendered":"<p>\u0160pi\u010dkov\u00fd druhej gener\u00e1cie senzor 1280 x 1024, flexibiln\u00fd a presn\u00fd integrovan\u00fd LRF, extr\u00e9mne jasn\u00e9 a pohodln\u00e9 zobrazenie, bezpe\u010dn\u00fd a pohodln\u00fd o\u010dn\u00fd relief. Nocpix Rico 2 S75R &#8211; \u0160pecialista na strie\u013eanie na dlh\u00e9 vzdialenosti.<\/p>\n<p>Ak polo\u017eka nie je k dispoz\u00edcii, kontaktujte n\u00e1s: shop@nbg.eu alebo +359896147790<\/p>\n","protected":false},"featured_media":676836,"template":"","meta":{"_acf_changed":false},"product_brand":[14463],"product_cat":[16098],"product_tag":[],"class_list":{"0":"post-676613","1":"product","2":"type-product","3":"status-publish","4":"has-post-thumbnail","6":"product_brand-nocpix","7":"product_cat-thermal-cameras-sk","9":"first","10":"instock","11":"taxable","12":"shipping-taxable","13":"purchasable","14":"product-type-simple"},"acf":[],"_links":{"self":[{"href":"https:\/\/nbg.eu\/sk\/wp-json\/wp\/v2\/product\/676613","targetHints":{"allow":["GET"]}}],"collection":[{"href":"https:\/\/nbg.eu\/sk\/wp-json\/wp\/v2\/product"}],"about":[{"href":"https:\/\/nbg.eu\/sk\/wp-json\/wp\/v2\/types\/product"}],"wp:featuredmedia":[{"embeddable":true,"href":"https:\/\/nbg.eu\/sk\/wp-json\/wp\/v2\/media\/676836"}],"wp:attachment":[{"href":"https:\/\/nbg.eu\/sk\/wp-json\/wp\/v2\/media?parent=676613"}],"wp:term":[{"taxonomy":"product_brand","embeddable":true,"href":"https:\/\/nbg.eu\/sk\/wp-json\/wp\/v2\/product_brand?post=676613"},{"taxonomy":"product_cat","embeddable":true,"href":"https:\/\/nbg.eu\/sk\/wp-json\/wp\/v2\/product_cat?post=676613"},{"taxonomy":"product_tag","embeddable":true,"href":"https:\/\/nbg.eu\/sk\/wp-json\/wp\/v2\/product_tag?post=676613"}],"curies":[{"name":"wp","href":"https:\/\/api.w.org\/{rel}","templated":true}]}}