{"id":676851,"date":"2025-11-17T17:25:15","date_gmt":"2025-11-17T14:25:15","guid":{"rendered":"https:\/\/nbg.eu\/product\/termovizny-pristroj-nocpix-rico-2-h75r\/"},"modified":"2026-04-14T16:17:12","modified_gmt":"2026-04-14T13:17:12","slug":"termovizny-pristroj-nocpix-rico-2-h75r","status":"publish","type":"product","link":"https:\/\/nbg.eu\/sk\/produkt\/termovizny-pristroj-nocpix-rico-2-h75r\/","title":{"rendered":"Nocpix Term\u00e1lny Zameriava\u010d Rico 2 H75R"},"content":{"rendered":"<h2>Nocpix Rico 2 H75R: Dokonalos\u0165 pri dlhom dosahu stre\u013eby<\/h2>\n<p>S\u00e9ria term\u00e1lnych zobrazovac\u00edch pu\u0161koh\u013eadov Nocpix RICO 2 H75R je navrhnut\u00e1 pre po\u013eovn\u00edkov, ktor\u00ed vy\u017eaduj\u00fa to najlep\u0161ie z h\u013eadiska ostrosti, dosahu a pohodlia. V\u010faka priemyselne ved\u00facemu term\u00e1lnemu senzoru a vysokej sn\u00edmkovacej frekvencii poskytuje ultra-vysok\u00fa kvalitu obrazu, ktor\u00e1 u\u013eah\u010duje identifik\u00e1ciu a sledovanie cie\u013eov. Jeho dlh\u00e1 ohniskov\u00e1 vzdialenos\u0165 a zabudovan\u00fd dia\u013ekomer LRF umo\u017e\u0148uj\u00fa presn\u00e9 meranie vzdialen\u00fdch cie\u013eov, pri\u010dom pokro\u010dil\u00fd optick\u00fd dizajn zabezpe\u010duje pon\u00e1rov\u00fd z\u00e1\u017eitok z pozorovania bez skreslenia. Pomocou plynulej p\u00e1\u010dky na ovl\u00e1danie pribl\u00ed\u017eenia a v\u00fdnimo\u010dnej o\u010dnej medzery s\u00e9ria Nocpix RICO 2 H75R umo\u017e\u0148uje po\u013eovn\u00edkom jednoducho nastavi\u0165 zv\u00e4\u010d\u0161enie a c\u00edti\u0165 sa pohodlne po\u010das dlh\u00e9ho po\u013eovania. Inovat\u00edvne technol\u00f3gie a pou\u017e\u00edvate\u013esky orientovan\u00fd dizajn robia zo s\u00e9rie Nocpix RICO 2 H75R vrchol v\u00fdkonu pri dlhom dosahu po\u013eovn\u00edctva.<\/p>\n<h2>\u0160pi\u010dkov\u00e1 term\u00e1lna technika<\/h2>\n<p>Vyu\u017eite pr\u00e9miov\u00fd sn\u00edma\u010d druhej gener\u00e1cie 640@12\u03bcm@60Hz, oba s NETD \u226415mK, pre ultra ostr\u00e9, vysoko-kontrastn\u00e9 obr\u00e1zky a zlep\u0161en\u00fa identifik\u00e1ciu cie\u013eov.<\/p>\n<h2>Zlep\u0161en\u00e1 ostros\u0165 s v\u00e4\u010d\u0161\u00edmi \u0161o\u0161ovkami<\/h2>\n<p>Nocpix RICO 2 H75R je vybaven\u00fd v\u00e4\u010d\u0161\u00edmi objekt\u00edvnymi \u0161o\u0161ovkami (75 mm\/F1.0, 50 mm\/F1.0, 42 mm\/F1.0), \u010do pon\u00faka zlep\u0161en\u00e9 sveteln\u00e9 vlastnosti pre v\u00fdnimo\u010dn\u00fa ostros\u0165 obrazu a roz\u0161\u00edren\u00fd dosah detekcie.<\/p>\n<h2>\u013dahk\u00e9 nastavenia zv\u00e4\u010d\u0161enia<\/h2>\n<p>S\u00e9ria RICO 2 v\u00e1m umo\u017e\u0148uje jemne nastavi\u0165 svoje zv\u00e4\u010d\u0161enie pomocou plynulej p\u00e1\u010dky na sp\u00f4sob LPVO, poskytuj\u00fac r\u00fdchle a bezprobl\u00e9mov\u00e9 \u00fapravy, aby ste si mohli s presnos\u0165ou zacieli\u0165 na ciele v akejko\u013evek vzdialenosti.<\/p>\n<h2>Stvoren\u00e9 pre po\u013eovn\u00edctvo na dlh\u00fa vzdialenos\u0165<\/h2>\n<p>S\u00e9ria RICO 2 sa m\u00f4\u017ee pochv\u00e1li\u0165 impres\u00edvnym dosahom detekcie a\u017e do 3896 m, \u010do v\u00e1m poskytuje v\u00fdrazn\u00e9 v\u00fdhody pri po\u013eovn\u00edctve na dlh\u00e9 vzdialenosti a presnom zacielen\u00ed.<\/p>\n<h2>Flexibiln\u00fd a presn\u00fd integrovan\u00fd dia\u013ekomer LRF<\/h2>\n<p>Nocpix RICO 2 H75R je vybaven\u00fd integrovan\u00fdm dia\u013ekomerom LRF, pon\u00fakaj\u00facim laserov\u00fa detekciu v dosahu a\u017e 1200m s prav\u00fdm optick\u00fdm osov\u00fdm zarovnan\u00edm, \u010do zais\u0165uje presn\u00e9 meranie vzdialenosti pri zachovan\u00ed \u0161t\u00edhleho a elegantn\u00e9ho dizajnu.<\/p>\n<h2>Zjednodu\u0161en\u00e9 balistick\u00e9 v\u00fdpo\u010dty<\/h2>\n<p>Zjednodu\u0161te umiestnenie svojho v\u00fdstrelu s automatick\u00fdmi balistick\u00fdmi v\u00fdpo\u010dtami, vyu\u017e\u00edvaj\u00fac integrovan\u00fd dia\u013ekomer LRF na jednoduch\u00e9 z\u00e1sahy presn\u00fdch cie\u013eov na ve\u013ek\u00e9 vzdialenosti.<\/p>\n<h2>Mimoriadne jasn\u00e9 a pohodln\u00e9 pozorovanie<\/h2>\n<p>OLED displej 1.03&#8243; 2560\u00d72560 (model S75R), \u0161o\u0161ovka bez skreslenia, o\u010dn\u00e1 vzdialenos\u0165 70mm a v\u00fdstupn\u00e1 pupila 23mm poskytuj\u00fa ostr\u00fd, pohodln\u00fd poh\u013ead aj po\u010das dlh\u0161\u00edch pozorovac\u00edch rel\u00e1ci\u00ed.<\/p>\n<h2>Bezpe\u010dnos\u0165 a pohodlie<\/h2>\n<p>Model H75R je vybaven\u00fd bezprecedentnou vzdialenos\u0165ou 70 mm, \u010do zais\u0165uje maxim\u00e1lne pohodlie pri dlhodobom pou\u017e\u00edvan\u00ed bez nam\u00e1hania o\u010d\u00ed a zabezpe\u010duje ochranu zraku.<\/p>\n","protected":false},"excerpt":{"rendered":"<p>Nocpix Rico 2 H75R &#8211; Odborn\u00edk na strelbu na dlh\u00e9 vzdialenosti s \u010didlom 640 \u00d7 512, 60 Hz, integrovan\u00fdm laserov\u00fdm dia\u013ekomerom a plynul\u00fdm zoomom.<\/p>\n<p>Ak polo\u017eka nie je k dispoz\u00edcii, kontaktujte n\u00e1s: shop@nbg.eu alebo +359896147790<\/p>\n","protected":false},"featured_media":676957,"template":"","meta":{"_acf_changed":false},"product_brand":[14463],"product_cat":[16098],"product_tag":[],"class_list":{"0":"post-676851","1":"product","2":"type-product","3":"status-publish","4":"has-post-thumbnail","6":"product_brand-nocpix","7":"product_cat-thermal-cameras-sk","9":"first","10":"instock","11":"taxable","12":"shipping-taxable","13":"purchasable","14":"product-type-simple"},"acf":[],"_links":{"self":[{"href":"https:\/\/nbg.eu\/sk\/wp-json\/wp\/v2\/product\/676851","targetHints":{"allow":["GET"]}}],"collection":[{"href":"https:\/\/nbg.eu\/sk\/wp-json\/wp\/v2\/product"}],"about":[{"href":"https:\/\/nbg.eu\/sk\/wp-json\/wp\/v2\/types\/product"}],"wp:featuredmedia":[{"embeddable":true,"href":"https:\/\/nbg.eu\/sk\/wp-json\/wp\/v2\/media\/676957"}],"wp:attachment":[{"href":"https:\/\/nbg.eu\/sk\/wp-json\/wp\/v2\/media?parent=676851"}],"wp:term":[{"taxonomy":"product_brand","embeddable":true,"href":"https:\/\/nbg.eu\/sk\/wp-json\/wp\/v2\/product_brand?post=676851"},{"taxonomy":"product_cat","embeddable":true,"href":"https:\/\/nbg.eu\/sk\/wp-json\/wp\/v2\/product_cat?post=676851"},{"taxonomy":"product_tag","embeddable":true,"href":"https:\/\/nbg.eu\/sk\/wp-json\/wp\/v2\/product_tag?post=676851"}],"curies":[{"name":"wp","href":"https:\/\/api.w.org\/{rel}","templated":true}]}}