{"id":676982,"date":"2025-11-17T17:25:28","date_gmt":"2025-11-17T14:25:28","guid":{"rendered":"https:\/\/nbg.eu\/product\/termovizna-pozorovacia-sada-nocpix-ace-s60r-rail-zeiss\/"},"modified":"2026-04-14T17:21:45","modified_gmt":"2026-04-14T14:21:45","slug":"termovizna-pozorovacia-sada-nocpix-ace-s60r-rail-zeiss","status":"publish","type":"product","link":"https:\/\/nbg.eu\/sk\/produkt\/termovizna-pozorovacia-sada-nocpix-ace-s60r-rail-zeiss\/","title":{"rendered":"Nocpix Term\u00e1lny Zameriava\u010d ACE S60R ZEISS RAIL"},"content":{"rendered":"<h2>NocPix ACE S60R Term\u00e1lny \u010falekoh\u013ead<\/h2>\n<p>NocPix ACE S60R Term\u00e1lny \u010falekoh\u013ead je \u00faplne nov\u00fd, \u0161pi\u010dkov\u00fd n\u00e1stroj navrhnut\u00fd pre elitn\u00fdch po\u013eovn\u00edkov, ktor\u00ed vy\u017eaduj\u00fa \u0161pi\u010dkov\u00fd v\u00fdkon v najn\u00e1ro\u010dnej\u0161\u00edch prostrediach. V\u010faka svojej \u0161pi\u010dkovej technol\u00f3gii a odolnej kon\u0161trukcii je tento ved\u00faci term\u00e1lny \u010falekoh\u013ead navrhnut\u00fd na to, aby v\u00e1m pomohol vl\u00e1dnu\u0165 v noci a skroti\u0165 divok\u00fa zver. \u010ci u\u017e skenujete koris\u0165 na ve\u013ek\u00fa vzdialenos\u0165 alebo sledujete r\u00fdchlo sa pohybuj\u00face ciele, ACE S60R pon\u00faka neprekonal&#8217;n\u00fa jasnos\u0165, presnos\u0165 a spo\u013eahlivos\u0165.<\/p>\n<p>V srdci tohto mimoriadneho \u010falekoh\u013eadu sa nach\u00e1dza term\u00e1lny senzor Gen-2 HD s pozoruhodn\u00fdm rozl\u00ed\u0161en\u00edm 1280\u00d71024 a ultra citliv\u00fdm NETD \u226415mK. Tento senzor \u010fal\u0161ej gener\u00e1cie umo\u017e\u0148uje ACE S60R detegova\u0165 aj najmen\u0161ie zmeny teploty, poskytuj\u00fac v re\u00e1lnom \u010dase jasn\u00e9 a podrobn\u00e9 term\u00e1lne obrazy. S obnovovacou frekvenciou 50 Hz \u010falekoh\u013ead dod\u00e1va plynul\u00e9 vizu\u00e1ly, ktor\u00e9 dr\u017eia krok s r\u00fdchlos\u0165ou v\u00e1\u0161ho cie\u013ea, umo\u017e\u0148uj\u00fac v\u00e1m zamierenie s neprekonal&#8217;nou presnos\u0165ou.<\/p>\n<p>NocPix ACE S60R m\u00e1 tie\u017e objekt\u00edv 60mm\/F1.0, ktor\u00fd zhroma\u017e\u010fuje o 20% viac svetla ne\u017e \u0161tandardn\u00e9 \u010falekoh\u013eady, \u010d\u00edm v\u00e1m poskytuje jasnej\u0161ie a ostrej\u0161ie obrazy aj v t\u00fdch najtemnej\u0161\u00edch podmienkach. Jeho vynikaj\u00faca detekcia na ve\u013ek\u00e9 vzdialenosti a\u017e do 3100 metrov v\u00e1m umo\u017e\u0148uje \u013eahko identifikova\u0165 a sledova\u0165 vzdialen\u00e9 ciele, \u010do poskytuje kritick\u00fa v\u00fdhodu pre dlhodob\u00e9 po\u013eovn\u00edcke a streleck\u00e9 scen\u00e1re. V kombin\u00e1cii s patentovan\u00fdm algoritmom spracovania obrazu Reality+ ACE S60R dramaticky zni\u017euje okolit\u00e9 \u0161umy, dod\u00e1vaj\u00fac v\u017edy ostr\u00e9, vysoko-kontrastn\u00e9 obrazy.<\/p>\n<p>Pre t\u00fdch, ktor\u00ed chc\u00fa e\u0161te v\u00e4\u010d\u0161iu vizu\u00e1lnu jasnos\u0165, je ACE S60R vybaven\u00fd inovat\u00edvnym syst\u00e9mom Vision+. Okr\u00fahly 1.03-palcov\u00fd 2560\u00d72560 AMOLED displej v kombin\u00e1cii s ved\u00facou v priemysle okul\u00e1rovou zv\u00e4\u010d\u0161ovacou \u010do\u010dkou zais\u0165uje neprekonal&#8217;n\u00e9 optick\u00e9 zv\u00e4\u010d\u0161enie bez rozmazania alebo skreslenia typicky spojen\u00e9ho s elektronick\u00fdm zoomom. T\u00e1to prelomov\u00e1 technol\u00f3gia zaru\u010duje, \u017ee si u\u017e\u00edvate kri\u0161t\u00e1l&#8217;ovo jasn\u00fd v\u00fdh\u013ead a \u0161irok\u00e9 zorn\u00e9 pole, \u010di u\u017e sa pribli\u017eujete k svojmu cie\u013eu alebo sk\u00famate svoje okolie.<\/p>\n<p>Presnos\u0165 je k\u013e\u00fa\u010dov\u00e1 pri po\u013eova\u010dke a ACE S60R v tom nesklamal. Jeho zabudovan\u00fd laserov\u00fd dia\u013ekomer (LRF) pon\u00faka presn\u00e9 merania a\u017e do vzdialenosti 1200 metrov. LRF je elegantne integrovan\u00fd do kompaktn\u00e9ho dizajnu, zachov\u00e1vaj\u00fac spr\u00e1vne optick\u00e9 zos\u00faladenie osi, a umo\u017e\u0148uje v\u00e1m vypo\u010d\u00edta\u0165 presn\u00e9 vzdialenosti bez naru\u0161enia zaostrenia. A s integrovanou balistickou kalkula\u010dnou funkciou zabezpe\u010duje ACE S60R, \u017ee va\u0161e z\u00e1sahy bud\u00fa presn\u00e9, zoh\u013ead\u0148uj\u00fac ka\u017ed\u00fd faktor pre dokonal\u00fa presnos\u0165.<\/p>\n<p>Navrhnut\u00fd s po\u013eovn\u00edkmi na mysli, NocPix ACE S60R sa tie\u017e p\u00fd\u0161i du\u00e1lnym syst\u00e9mom bat\u00e9ri\u00ed s integrovanou 4000mAh bat\u00e9riou a vymenite\u013enou 18650 bat\u00e9riou pre pred\u013a\u017een\u00fa prev\u00e1dzku v ter\u00e9ne. Nemus\u00edte sa u\u017e ob\u00e1va\u0165 vy\u010derpania energie uprostred va\u0161ej po\u013eova\u010dky &#8211; tento syst\u00e9m je navrhnut\u00fd tak, aby vydr\u017eal tak dlho ako va\u0161e dobrodru\u017estvo. \u010eal\u0161ie funkcie, ako je automatick\u00e9 vypnutie obrazovky, video nahr\u00e1vanie aktivovan\u00e9 n\u00e1razom a dizajn bez krytu, z tohto term\u00e1lneho \u010falekoh\u013eadu robia skuto\u010dn\u00e9ho hr\u00e1\u010da v ter\u00e9ne.<\/p>\n<p>Vyroben\u00fd pre najdrsnej\u0161ie vonkaj\u0161ie podmienky, ACE S60R je vyroben\u00fd z vysoko pevnej hlin\u00edkovej zliatiny, d\u00f4kladne testovanej, aby odolal extr\u00e9mnym otrasom a hrub\u00e9mu pou\u017eitiu. S hodnoten\u00edm IP67 pre odolnos\u0165 vo\u010di vode funguje dokonale v da\u017edi, prachu a n\u00e1ro\u010dnom prostred\u00ed, \u010d\u00edm zabezpe\u010duje, aby v\u00e1\u0161 \u010falekoh\u013ead bol tak odoln\u00fd ako va\u0161e po\u013eovn\u00edcke in\u0161tinkty.<\/p>\n<p>NocPix ACE S60R je viac ne\u017e len term\u00e1lny \u010falekoh\u013ead &#8211; je to najlep\u0161\u00ed spolo\u010dn\u00edk na po\u013eova\u010dku. S najmodernej\u0161ou technol\u00f3giou, mimoriadnou odolnos\u0165ou a cel\u00fdm radom pokro\u010dil\u00fdch funkci\u00ed navrhnut\u00fdch na zlep\u0161enie va\u0161ich po\u013eovn\u00edckych z\u00e1\u017eitkov, tento \u010falekoh\u013ead prekro\u010d\u00ed v\u0161etko, \u010do ste doteraz o\u010dak\u00e1vali od v\u00e1\u0161ho vybavenia. Pripravte sa, \u017ee budete vl\u00e1dnu\u0165 v noci.<\/p>\n","protected":false},"excerpt":{"rendered":"<p>Term\u00e1lny \u010falekoh\u013ead Nocpix ACE S60R je \u0161pi\u010dkov\u00fd n\u00e1stroj ur\u010den\u00fd pre elitn\u00fdch lovcov, s pokro\u010dilou technol\u00f3giou, odolnou kon\u0161trukciou a vlastnos\u0165ami ako gener\u00e1cia 2 HD term\u00e1lneho senzora, syst\u00e9m Vision+, integrovan\u00fd laserov\u00fd dia\u013ekomer a du\u00e1lny bat\u00e9riov\u00fd syst\u00e9m pre \u0161pi\u010dkov\u00fd v\u00fdkon v n\u00e1ro\u010dnom prostred\u00ed.<\/p>\n<p>Ak polo\u017eka nie je k dispoz\u00edcii, kontaktujte n\u00e1s: shop@nbg.eu alebo +359896147790<\/p>\n","protected":false},"featured_media":677628,"template":"","meta":{"_acf_changed":false},"product_brand":[14463],"product_cat":[13368],"product_tag":[],"class_list":{"0":"post-676982","1":"product","2":"type-product","3":"status-publish","4":"has-post-thumbnail","6":"product_brand-nocpix","7":"product_cat-termalne","9":"first","10":"instock","11":"taxable","12":"shipping-taxable","13":"purchasable","14":"product-type-simple"},"acf":[],"_links":{"self":[{"href":"https:\/\/nbg.eu\/sk\/wp-json\/wp\/v2\/product\/676982","targetHints":{"allow":["GET"]}}],"collection":[{"href":"https:\/\/nbg.eu\/sk\/wp-json\/wp\/v2\/product"}],"about":[{"href":"https:\/\/nbg.eu\/sk\/wp-json\/wp\/v2\/types\/product"}],"wp:featuredmedia":[{"embeddable":true,"href":"https:\/\/nbg.eu\/sk\/wp-json\/wp\/v2\/media\/677628"}],"wp:attachment":[{"href":"https:\/\/nbg.eu\/sk\/wp-json\/wp\/v2\/media?parent=676982"}],"wp:term":[{"taxonomy":"product_brand","embeddable":true,"href":"https:\/\/nbg.eu\/sk\/wp-json\/wp\/v2\/product_brand?post=676982"},{"taxonomy":"product_cat","embeddable":true,"href":"https:\/\/nbg.eu\/sk\/wp-json\/wp\/v2\/product_cat?post=676982"},{"taxonomy":"product_tag","embeddable":true,"href":"https:\/\/nbg.eu\/sk\/wp-json\/wp\/v2\/product_tag?post=676982"}],"curies":[{"name":"wp","href":"https:\/\/api.w.org\/{rel}","templated":true}]}}