{"id":677680,"date":"2025-11-17T17:25:33","date_gmt":"2025-11-17T14:25:33","guid":{"rendered":"https:\/\/nbg.eu\/product\/termovizny-dohlad-nocpix-ace-h50r-12um-640x512-15mk-netd\/"},"modified":"2026-04-14T16:17:05","modified_gmt":"2026-04-14T13:17:05","slug":"termovizny-dohlad-nocpix-ace-h50r-12um-640x512-15mk-netd","status":"publish","type":"product","link":"https:\/\/nbg.eu\/sk\/produkt\/termovizny-dohlad-nocpix-ace-h50r-12um-640x512-15mk-netd\/","title":{"rendered":"Nocpix Term\u00e1lny Zameriava\u010d ACE H50R"},"content":{"rendered":"<h2>Term\u00e1lny pu\u0161koh\u013ead Nocpix ACE H50R<\/h2>\n<p>Term\u00e1lny pu\u0161koh\u013ead Nocpix ACE H50R kombinuje pokro\u010dil\u00fa technol\u00f3giu s odolnou kon\u0161trukciou pre neopakovate\u013en\u00fd z\u00e1\u017eitok z po\u013eova\u010dky. Obsahuje term\u00e1lny senzor s rozl\u00ed\u0161en\u00edm 640&#215;512 a \u226412mK NETD pre v\u00fdnimo\u010dn\u00fa kvalitu obrazu, detek\u010dn\u00fd dosah 3100 metrov a integrovan\u00fd dia\u013ekomer na presn\u00e9 meranie do 1200 metrov. Inovat\u00edvny syst\u00e9m Vision+ pon\u00faka okul\u00e1rov\u00fa zv\u00e4\u010d\u0161ovaciu funkciu pre zrete\u013en\u00e9 detaily v bl\u00edzkosti, zatia\u013e \u010do dvojit\u00fd syst\u00e9m bat\u00e9ri\u00ed zabezpe\u010duje dlhodob\u00e9 pou\u017e\u00edvanie. Vyroben\u00fd z hlin\u00edkovej zliatiny a s kryt\u00edm IP67, tento pu\u0161koh\u013ead je navrhnut\u00fd tak, aby sa presadil v ka\u017edom vonkaj\u0161om prostred\u00ed a prisp\u00f4sobil sa akejko\u013evek situ\u00e1cii.<\/p>\n<p>Term\u00e1lny pu\u0161koh\u013ead Nocpix ACE H50 je \u0161pi\u010dkov\u00fd n\u00e1stroj navrhnut\u00fd na redefinovanie z\u00e1\u017eitku z po\u013eova\u010dky, \u010di u\u017e sa pohybujete v tme alebo sledujete koris\u0165 v n\u00e1ro\u010dnom ter\u00e9ne. Ako s\u00fa\u010das\u0165 vlajkovej s\u00e9rie ACE od spolo\u010dnosti Nocpix, tento term\u00e1lny optick\u00fd zameriava\u010d vynik\u00e1 svojou kvalitou obrazu a presnos\u0165ou, v\u010faka vysokorozli\u0161ovaciemu term\u00e1lnemu senzoru vyvinut\u00e9mu vlastn\u00fdmi silami a pokro\u010dil\u00fdm syst\u00e9mom Reality+ a Vision+.<\/p>\n<p>Srdcom Nocpix ACE H50R je jeho term\u00e1lny senzor gener\u00e1cie 2 HD, ktor\u00fd sa m\u00f4\u017ee pochv\u00e1li\u0165 rozl\u00ed\u0161en\u00edm 640&#215;512 a sn\u00edmkovou frekvenciou 60Hz, \u010do zabezpe\u010duje neuverite\u013ene stabiln\u00fd v\u00fdkon. S NETD \u226412mK tento pu\u0161koh\u013ead dok\u00e1\u017ee zachyti\u0165 aj najmen\u0161ie teplotn\u00e9 rozdiely, poskytuj\u00fac podrobn\u00e9 a plynul\u00e9 term\u00e1lne obrazy ide\u00e1lne na sledovanie r\u00fdchlo sa pohybuj\u00facich cie\u013eov v re\u00e1lnom \u010dase. Pokro\u010dil\u00fd algoritmus Reality+ \u010falej vylep\u0161uje tento obraz elimin\u00e1ciou \u0161umu okolitej teploty, \u010d\u00edm sa dosahuje vynikaj\u00faci kontrast a jasnos\u0165 aj v n\u00e1ro\u010dn\u00fdch podmienkach po\u013eova\u010dky.<\/p>\n<p>Pu\u0161koh\u013ead ACE H50R je vybaven\u00fd objekt\u00edvom 50mm\/F0.9, ktor\u00fd umo\u017e\u0148uje 20% viac svetla dosiahnu\u0165 na senzor, \u010do vytv\u00e1ra jasnej\u0161ie a ostrej\u0161ie obrazy. To je rozhoduj\u00face pre po\u013eovn\u00edkov, ktor\u00ed sa sna\u017eia o presnos\u0165, preto\u017ee zlep\u0161en\u00fd prenos svetla poskytuje lep\u0161iu vidite\u013enos\u0165 v prostred\u00ed so slab\u00fdm osvetlen\u00edm. Okrem toho 3100-metrov\u00fd detek\u010dn\u00fd dosah rob\u00ed ACE nezamenite\u013en\u00fdm, u\u013eah\u010duj\u00fac identifik\u00e1ciu a sledovanie vzdialen\u00fdch cie\u013eov ako nikdy predt\u00fdm.<\/p>\n<p>Integrovan\u00fd syst\u00e9m Vision+ vylep\u0161uje vizu\u00e1lny z\u00e1\u017eitok 1,03-palcov\u00fdm kruhov\u00fdm AMOLED displejom s rozl\u00ed\u0161en\u00edm 2560&#215;2560. Jeho optick\u00fd syst\u00e9m zv\u00e4\u010d\u0161ovania, navrhnut\u00fd tak, aby sa zabr\u00e1nilo rozmazaniu a skresleniu typick\u00e9mu pre tradi\u010dn\u00e9 elektronick\u00e9 zv\u00e4\u010d\u0161ovanie, zaru\u010duje po\u013eovn\u00edkom jasn\u00e9, vysokorozli\u0161ovacie zbl\u00edzka bez straty detailov. To poskytuje ponorn\u00fd a pohodln\u00fd z\u00e1\u017eitok z pozorovania, \u010di u\u017e sledujete koris\u0165 z dia\u013eky alebo zaostr\u00edte na presn\u00e9 zacielenie.<\/p>\n<p>Navrhnut\u00fd na dlhodob\u00e9 pou\u017e\u00edvanie v ter\u00e9ne, ACE disponuje dvojit\u00fdm syst\u00e9mom bat\u00e9ri\u00ed so zabudovanou 4000mAh bat\u00e9riou a dodato\u010dnou vymenite\u013enou 18650 bat\u00e9riou, \u010do umo\u017e\u0148uje nepretr\u017eit\u00fa prev\u00e1dzku po\u010das dlh\u00fdch loveck\u00fdch v\u00fdprav. Odoln\u00fd dizajn z vysokopevnostnej hlin\u00edkovej zliatiny zabezpe\u010duje, \u017ee ACE dok\u00e1\u017ee odola\u0165 drsn\u00fdm vonkaj\u0161\u00edm podmienkam a intenz\u00edvnemu pou\u017e\u00edvaniu, ke\u010f pre\u0161iel n\u00e1ro\u010dn\u00fdmi testami odolnosti proti n\u00e1razu. S kryt\u00edm IP67 je pu\u0161koh\u013ead spo\u013eahliv\u00fd aj v nepriazniv\u00fdch poveternostn\u00fdch podmienkach, poskytuj\u00fac po\u013eovn\u00edkom pokoj v du\u0161i bez oh\u013eadu na prostredie.<\/p>\n<p>Navrhnut\u00fd so zameran\u00edm na po\u013eovn\u00edkov, Nocpix ACE H50R obsahuje z\u00e1kladn\u00e9 funkcie, ako je aktivovan\u00e9 video nahr\u00e1vanie a dizajn bez uz\u00e1vierky pre bezprobl\u00e9mov\u00fa obsluhu v ter\u00e9ne. S pou\u017e\u00edvate\u013esky pr\u00edv\u011btiv\u00fdmi doplnkami, ako je nastavova\u010d zaostrenia, kryt nab\u00edja\u010dky a mo\u017enos\u0165 priamo prehr\u00e1va\u0165 vide\u00e1 z gal\u00e9rie, tento pu\u0161koh\u013ead kombinuje vysok\u00fd v\u00fdkon s pohodl\u00edm pre optim\u00e1lny z\u00e1\u017eitok z po\u013eova\u010dky.<\/p>\n","protected":false},"excerpt":{"rendered":"<p>Term\u00e1lny pu\u0161koh\u013ead Nocpix ACE H50R disponuje 640&#215;512 term\u00e1lnym senzorom s \u226412mK NETD, detekciou do 3100m, integrovan\u00fdm dia\u013ekomerom a syst\u00e9mom Vision+ pre jedine\u010dn\u00fd z\u00e1\u017eitok z lovu.<br \/>\nAk polo\u017eka nie je dostupn\u00e1, kontaktujte n\u00e1s: shop@nbg.eu alebo +359896147790<\/p>\n","protected":false},"featured_media":677978,"template":"","meta":{"_acf_changed":false},"product_brand":[14463],"product_cat":[13368],"product_tag":[],"class_list":{"0":"post-677680","1":"product","2":"type-product","3":"status-publish","4":"has-post-thumbnail","6":"product_brand-nocpix","7":"product_cat-termalne","9":"first","10":"outofstock","11":"taxable","12":"shipping-taxable","13":"purchasable","14":"product-type-simple"},"acf":[],"_links":{"self":[{"href":"https:\/\/nbg.eu\/sk\/wp-json\/wp\/v2\/product\/677680","targetHints":{"allow":["GET"]}}],"collection":[{"href":"https:\/\/nbg.eu\/sk\/wp-json\/wp\/v2\/product"}],"about":[{"href":"https:\/\/nbg.eu\/sk\/wp-json\/wp\/v2\/types\/product"}],"wp:featuredmedia":[{"embeddable":true,"href":"https:\/\/nbg.eu\/sk\/wp-json\/wp\/v2\/media\/677978"}],"wp:attachment":[{"href":"https:\/\/nbg.eu\/sk\/wp-json\/wp\/v2\/media?parent=677680"}],"wp:term":[{"taxonomy":"product_brand","embeddable":true,"href":"https:\/\/nbg.eu\/sk\/wp-json\/wp\/v2\/product_brand?post=677680"},{"taxonomy":"product_cat","embeddable":true,"href":"https:\/\/nbg.eu\/sk\/wp-json\/wp\/v2\/product_cat?post=677680"},{"taxonomy":"product_tag","embeddable":true,"href":"https:\/\/nbg.eu\/sk\/wp-json\/wp\/v2\/product_tag?post=677680"}],"curies":[{"name":"wp","href":"https:\/\/api.w.org\/{rel}","templated":true}]}}