{"id":678102,"date":"2025-11-17T17:25:36","date_gmt":"2025-11-17T14:25:36","guid":{"rendered":"https:\/\/nbg.eu\/product\/termicky-monokular-nocpix-lumi-l35\/"},"modified":"2026-01-21T11:39:11","modified_gmt":"2026-01-21T08:39:11","slug":"termicky-monokular-nocpix-lumi-l35","status":"publish","type":"product","link":"https:\/\/nbg.eu\/sk\/produkt\/termicky-monokular-nocpix-lumi-l35\/","title":{"rendered":"Termick\u00fd monokul\u00e1r Nocpix LUMI L35"},"content":{"rendered":"<h2>Maxim\u00e1lny v\u00fdkon s minim\u00e1lnou hmotnos\u0165ou &#8211; Nocpix LUMI L35: V\u00e1\u0161 nenahradite\u013en\u00fd spolo\u010dn\u00edk v ter\u00e9ne<\/h2>\n<p>Rada termovidov\u00fdch monokul\u00e1rnych pr\u00edstrojov LUMI je navrhnut\u00e1 na pou\u017eitie vo dne aj v noci a pon\u00faka v\u00e1m v\u00fdnimo\u010dn\u00fa kvalitu obrazu aj v n\u00e1ro\u010dn\u00fdch poveternostn\u00fdch podmienkach, ako je hmla, smog alebo d\u00e1\u017e\u010f. Aj ke\u010f prek\u00e1\u017eky, ako s\u00fa vetvy, vysok\u00e1 tr\u00e1va alebo hust\u00e1 veget\u00e1cia, s\u0165a\u017euj\u00fa vidite\u013enos\u0165, v\u010faka tejto technol\u00f3gii v\u017edy zrete\u013ene vid\u00edte, \u010do je pred vami. S\u00fa z\u00e1rove\u0148 tak\u00e9 kompaktn\u00e9 a \u013eahk\u00e9, \u017ee ich m\u00f4\u017eete \u013eahko nosi\u0165 kdeko\u013evek.<\/p>\n<p>Termokamery LUMI s\u00fa dokonal\u00e9 pre r\u00f4zne aplik\u00e1cie, ako je lov, doh\u013ead, bezpe\u010dnos\u0165, orient\u00e1cia v ter\u00e9ne alebo z\u00e1chrann\u00e9 a p\u00e1tracie oper\u00e1cie.<\/p>\n<h2>Neprekonate\u013en\u00fd obrazov\u00fd v\u00fdkon pre mimoriadne ostr\u00e9 obrazy<\/h2>\n<p>Rada LUMI nastavuje nov\u00e9 \u0161tandardy v kvalite obrazu. Vybaven\u00e1 najmodernej\u0161\u00edmi obrazov\u00fdmi algoritmami a v\u00fdkonn\u00fdm term\u00e1lnym sn\u00edma\u010dom s NETD &lt; 18 mK, kamera poskytuje mimoriadne ostr\u00e9 a realistick\u00e9 obrazy. AMOLED displej s rozl\u00ed\u0161en\u00edm 1024 x 768 pixelov zaru\u010duje v\u00fdnimo\u010dn\u00e9 zobrazenie obrazu, zatia\u013e \u010do re\u017eim Ultra Clear \u010falej optimalizuje jasnos\u0165 obrazu, najm\u00e4 v n\u00e1ro\u010dn\u00fdch poveternostn\u00fdch podmienkach.<\/p>\n<h2>Personalizovan\u00fd z\u00e1\u017eitok z pozorovania &#8211; dokonale prisp\u00f4sobte svoje zariadenie<\/h2>\n<p>V\u010faka stredne ve\u013ek\u00e9mu senzoru 384 x 288 px a r\u00f4znym mo\u017enostiam nastavenia si m\u00f4\u017eete zariadenie prisp\u00f4sobi\u0165 presne pod\u013ea svojich potrieb. Vyberte si z 5 farebn\u00fdch re\u017eimov a optimalizujte svoj poh\u013ead pomocou 10 \u00farovn\u00ed jasu, ostrosti a kontrastu &#8211; aby neunikol \u017eiaden detail.<\/p>\n<h2>Jednoduch\u00e9 zdie\u013eanie z\u00e1\u017eitkov<\/h2>\n<p>Zaznamen\u00e1vanie \u0161peci\u00e1lnych momentov je pre s\u00fa\u010dasn\u00e9ho lovca nevyhnutn\u00e9. S pr\u00edstrojom Nocpix LUMI L35 m\u00f4\u017eete nielen pohodlne zdie\u013ea\u0165 svoje z\u00e1znamy prostredn\u00edctvom aplik\u00e1cie, ale aj ich prehr\u00e1va\u0165 priamo na zariaden\u00ed &#8211; perfektn\u00e9 na okam\u017eit\u00e9 zdie\u013eanie va\u0161ich z\u00e1\u017eitkov s ostatn\u00fdmi.<\/p>\n<h2>Mo\u017eno pou\u017e\u00edva\u0165 flexibilne v\u010faka vymenite\u013en\u00e9mu syst\u00e9mu bat\u00e9ri\u00ed<\/h2>\n<p>Rada LUMI je vybaven\u00e1 \u0161tandardn\u00fdmi bat\u00e9riami 18650, \u010do v\u00e1m poskytuje maxim\u00e1lnu flexibilitu. Nech idete kamko\u013evek, s prilo\u017eenou nab\u00edja\u010dkou bat\u00e9ri\u00ed budete pripraven\u00ed op\u00e4\u0165 za chv\u00ed\u013eu &#8211; a m\u00f4\u017eete pokra\u010dova\u0165 vo svojej misii.<\/p>\n","protected":false},"excerpt":{"rendered":"<p>Maxim\u00e1lny v\u00fdkon s minim\u00e1lnou hmotnos\u0165ou \u2013 Nocpix LUMI L35: V\u00e1\u0161 neodmyslite\u013en\u00fd spolo\u010dn\u00edk v ter\u00e9ne. Senzor 384 s 18 mK, AMOLED displej s 1024 \u00d7 768 pixelmi, Vyberate\u013en\u00e1 bat\u00e9ria 18650, Dosah detekcie pribli\u017ene 1800 metrov, ve\u013ek\u00e9 z\u00e1kladn\u00e9 zv\u00e4\u010d\u0161enie pre po\u013eovn\u00edctvo v ter\u00e9ne, kompaktn\u00fd dizajn.<br \/>\nAk polo\u017eka nie je k dispoz\u00edcii, kontaktujte n\u00e1s: shop@nbg.eu alebo +359896147790<\/p>\n","protected":false},"featured_media":678124,"template":"","meta":{"_acf_changed":false},"product_brand":[14463],"product_cat":[13368,369],"product_tag":[],"class_list":{"0":"post-678102","1":"product","2":"type-product","3":"status-publish","4":"has-post-thumbnail","6":"product_brand-nocpix","7":"product_cat-termalne","8":"product_cat-uncategorized","10":"first","11":"instock","12":"taxable","13":"shipping-taxable","14":"purchasable","15":"product-type-simple"},"acf":[],"_links":{"self":[{"href":"https:\/\/nbg.eu\/sk\/wp-json\/wp\/v2\/product\/678102","targetHints":{"allow":["GET"]}}],"collection":[{"href":"https:\/\/nbg.eu\/sk\/wp-json\/wp\/v2\/product"}],"about":[{"href":"https:\/\/nbg.eu\/sk\/wp-json\/wp\/v2\/types\/product"}],"wp:featuredmedia":[{"embeddable":true,"href":"https:\/\/nbg.eu\/sk\/wp-json\/wp\/v2\/media\/678124"}],"wp:attachment":[{"href":"https:\/\/nbg.eu\/sk\/wp-json\/wp\/v2\/media?parent=678102"}],"wp:term":[{"taxonomy":"product_brand","embeddable":true,"href":"https:\/\/nbg.eu\/sk\/wp-json\/wp\/v2\/product_brand?post=678102"},{"taxonomy":"product_cat","embeddable":true,"href":"https:\/\/nbg.eu\/sk\/wp-json\/wp\/v2\/product_cat?post=678102"},{"taxonomy":"product_tag","embeddable":true,"href":"https:\/\/nbg.eu\/sk\/wp-json\/wp\/v2\/product_tag?post=678102"}],"curies":[{"name":"wp","href":"https:\/\/api.w.org\/{rel}","templated":true}]}}