{"id":678365,"date":"2025-11-18T18:19:28","date_gmt":"2025-11-18T15:19:28","guid":{"rendered":"https:\/\/nbg.eu\/product\/nocpix-quest-l35r-384x288-netd-15mk\/"},"modified":"2026-04-14T16:16:59","modified_gmt":"2026-04-14T13:16:59","slug":"nocpix-quest-l35r-384x288-netd-15mk","status":"publish","type":"product","link":"https:\/\/nbg.eu\/sk\/produkt\/nocpix-quest-l35r-384x288-netd-15mk\/","title":{"rendered":"Nocpix Term\u00e1lny \u010ealekohlad Quest L35R"},"content":{"rendered":"<h2>Nocpix Quest L35R 384&#215;288 NETD \u226415mK: Aktivujte si svoju termov\u00edziu<\/h2>\n<p>QUEST je \u013eahk\u00fd a prenosn\u00fd, pon\u00faka detek\u010dn\u00fd dosah a\u017e 2600 m a zabudovan\u00fd utajen\u00fd LRF s dosahom 1000 m pre vy\u0161\u0161iu presnos\u0165 a vidite\u013enos\u0165. Jeho tradi\u010dn\u00fd binokul\u00e1rny dizajn m\u00e1 pln\u00e9 gumen\u00e9 krytie a hodnotenie IP67 pre odolnos\u0165 a pohodlie v n\u00e1ro\u010dn\u00fdch podmienkach. Vybaven\u00fd vysokov\u00fdkonn\u00fdm 640&#215;512 sn\u00edma\u010dom (NETD \u226415mK, 60Hz) poskytuje QUEST v\u00fdnimo\u010dn\u00fa kvalitu obrazu, vynikaj\u00facu tepeln\u00fa citlivos\u0165 a bezprobl\u00e9mov\u00fa prev\u00e1dzku v n\u00e1ro\u010dnom prostred\u00ed.<\/p>\n<h2>V\u00fdnimo\u010dn\u00e1 kvalita a jasnos\u0165 obrazu<\/h2>\n<p>Nocpix QUEST m\u00e1 vylep\u0161enie obrazu R+ pre vy\u0161\u0161iu jasnos\u0165 a presnos\u0165, v kombin\u00e1cii s AMOLED displejom 1920&#215;1200 pre ponorn\u00fd a pre o\u010di pr\u00edjemn\u00fd z\u00e1\u017eitok z pozorovania.<\/p>\n<h2>Vynikaj\u00faci sn\u00edma\u010d pre dokonalos\u0165<\/h2>\n<p>Nocpix QUEST je vybaven\u00fd vysokov\u00fdkonn\u00fdm sn\u00edma\u010dom (640&#215;512@12\u00b5m), ktor\u00fd poskytuje v\u00fdnimo\u010dn\u00fa kvalitu obrazu. S NETD \u226415mK a sn\u00edmkovacou frekvenciou 60Hz poskytuje vynikaj\u00facu tepeln\u00fa citlivos\u0165, v\u010faka \u010domu prin\u00e1\u0161a jasn\u00e9 a preh\u013eadn\u00e9 obrazy aj v t\u00fdch najn\u00e1ro\u010dnej\u0161\u00edch podmienkach.<\/p>\n<h2>V\u00fdkonn\u00e9 detek\u010dn\u00e9 schopnosti<\/h2>\n<p>Nocpix QUEST m\u00e1 detek\u010dn\u00fd dosah a\u017e 2600 m a zabudovan\u00fd skryt\u00fd LRF s dosahom a\u017e 1000 m, v\u010faka \u010domu m\u00f4\u017eete vidie\u0165 \u010falej a presnej\u0161ie ako kedyko\u013evek predt\u00fdm. Podporuje aj balistick\u00e9 v\u00fdpo\u010dty, poskytuj\u00fac podporn\u00e9 \u00fadaje pre spolo\u010dn\u00e9 loveck\u00e9 aktivity.<\/p>\n<h2>Ergonomick\u00e9 ovl\u00e1danie jednou rukou<\/h2>\n<p>Nocpix QUEST pon\u00faka ergonomick\u00e9, nek\u013azav\u00e9 dr\u017eanie s jednoduch\u00fdm 4-tla\u010didlov\u00fdm rozvrhom a centr\u00e1lne umiesten\u00fdmi kolieskami na pohodln\u00fa obsluhu jednou rukou a bezpe\u010dn\u00fd \u00fachop za v\u0161etk\u00fdch podmienok.<\/p>\n<h2>\u013dahk\u00fd a prenosn\u00fd<\/h2>\n<p>QUEST v\u00e1\u017ei len 700 g a obsahuje vlastn\u00e9 transportn\u00e9 puzdro, \u010do umo\u017e\u0148uje \u013eahk\u00fa prenosnos\u0165 a pohodlie pri vonkaj\u0161\u00edch aktivit\u00e1ch, ako je lov a prieskum.<\/p>\n<h2>Spo\u013eahliv\u00fd v\u00fdkon nap\u00e1jania<\/h2>\n<p>S\u00e9ria QUEST m\u00e1 dvojit\u00fd dizajn bat\u00e9ri\u00ed so zabudovanou a vymenite\u013enou 18650 bat\u00e9riou, \u010do zabezpe\u010duje bezstarostn\u00e9 v\u00fdmeny a nepretr\u017eit\u00e9 pou\u017e\u00edvanie po\u010das va\u0161ich dobrodru\u017estiev.<\/p>\n<h2>Odoln\u00fd a pohodln\u00fd dizajn<\/h2>\n<p>QUEST m\u00e1 tradi\u010dn\u00fd binokul\u00e1rny dizajn s vycibren\u00fdm pln\u00fdm gumov\u00fdm povrchom a hodnoten\u00edm IP67 pre ochranu proti vode a prachu, \u010do zaru\u010duje odolnos\u0165 aj celkov\u00fa pohodlnos\u0165.<\/p>\n","protected":false},"excerpt":{"rendered":"<p>Nocpix QUEST L35R 384&#215;288 NETD &lt;15mK: \u013dahk\u00fd, prenosn\u00fd term\u00e1lny sn\u00edma\u010d s detek\u010dn\u00fdm rozsahom 2600 m, zabudovan\u00fdm laserov\u00fdm dia\u013ekomerom 1000 m a v\u00fdnimo\u010dnou obrazovou jasnos\u0165ou.<\/p>\n<p>Ak produkt nie je k dispoz\u00edcii, kontaktujte n\u00e1s: shop@nbg.eu alebo +359896147790<\/p>\n","protected":false},"featured_media":678927,"template":"","meta":{"_acf_changed":false},"product_brand":[14463],"product_cat":[14694,13368,16098],"product_tag":[],"class_list":{"0":"post-678365","1":"product","2":"type-product","3":"status-publish","4":"has-post-thumbnail","6":"product_brand-nocpix","7":"product_cat-dalekohlady","8":"product_cat-termalne","9":"product_cat-thermal-cameras-sk","11":"first","12":"instock","13":"taxable","14":"shipping-taxable","15":"purchasable","16":"product-type-simple"},"acf":[],"_links":{"self":[{"href":"https:\/\/nbg.eu\/sk\/wp-json\/wp\/v2\/product\/678365","targetHints":{"allow":["GET"]}}],"collection":[{"href":"https:\/\/nbg.eu\/sk\/wp-json\/wp\/v2\/product"}],"about":[{"href":"https:\/\/nbg.eu\/sk\/wp-json\/wp\/v2\/types\/product"}],"wp:featuredmedia":[{"embeddable":true,"href":"https:\/\/nbg.eu\/sk\/wp-json\/wp\/v2\/media\/678927"}],"wp:attachment":[{"href":"https:\/\/nbg.eu\/sk\/wp-json\/wp\/v2\/media?parent=678365"}],"wp:term":[{"taxonomy":"product_brand","embeddable":true,"href":"https:\/\/nbg.eu\/sk\/wp-json\/wp\/v2\/product_brand?post=678365"},{"taxonomy":"product_cat","embeddable":true,"href":"https:\/\/nbg.eu\/sk\/wp-json\/wp\/v2\/product_cat?post=678365"},{"taxonomy":"product_tag","embeddable":true,"href":"https:\/\/nbg.eu\/sk\/wp-json\/wp\/v2\/product_tag?post=678365"}],"curies":[{"name":"wp","href":"https:\/\/api.w.org\/{rel}","templated":true}]}}