{"id":679475,"date":"2025-11-18T18:19:37","date_gmt":"2025-11-18T15:19:37","guid":{"rendered":"https:\/\/nbg.eu\/product\/nocpix-quest-h50r-lrf-640x512-netd-15mk\/"},"modified":"2026-04-14T16:16:55","modified_gmt":"2026-04-14T13:16:55","slug":"nocpix-quest-h50r-lrf-640x512-netd-15mk","status":"publish","type":"product","link":"https:\/\/nbg.eu\/sk\/produkt\/nocpix-quest-h50r-lrf-640x512-netd-15mk\/","title":{"rendered":"Nocpix Term\u00e1lny \u010ealekohlad Quest H50R LRF"},"content":{"rendered":"<h2>Nocpix Quest H50R LRF 640&#215;512 NETD \u226415mK<\/h2>\n<p>QUEST je \u013eahk\u00fd a prenosn\u00fd, pon\u00faka detek\u010dn\u00fd dosah a\u017e 2600 m a zabudovan\u00fd skryt\u00fd LRF s dosahom 1000 m pre vy\u0161\u0161iu presnos\u0165 a vidite\u013enos\u0165. Jeho tradi\u010dn\u00fd binokul\u00e1rny dizajn m\u00e1 pln\u00fd gumen\u00fd povrch a hodnotenie IP67 pre odolnos\u0165 a pohodlie v n\u00e1ro\u010dn\u00fdch podmienkach. Vybaven\u00fd v\u00fdkonn\u00fdm sn\u00edma\u010dom 640&#215;512 (NETD \u226415mK, 60Hz), QUEST poskytuje v\u00fdnimo\u010dn\u00fa obrazov\u00fa jasnos\u0165, vynikaj\u00facu tepeln\u00fa citlivos\u0165 a bezprobl\u00e9mov\u00fa prev\u00e1dzku v n\u00e1ro\u010dnom prostred\u00ed.<\/p>\n<h2>Tepeln\u00fd sn\u00edma\u010d<\/h2>\n<p>Nocpix QUEST vyu\u017e\u00edva vylep\u0161enie obrazu R+ pre vy\u0161\u0161iu jasnos\u0165 a presnos\u0165, kombinovan\u00e9 s displejom AMOLED 1920&#215;1200 pre ponorn\u00fd a oku pr\u00edjemn\u00fd z\u00e1\u017eitok z pozorovania.<\/p>\n<h2>Vynikaj\u00faci sn\u00edma\u010d zabezpe\u010duje excelentnos\u0165<\/h2>\n<p>Nocpix QUEST je vybaven\u00fd vysokov\u00fdkonn\u00fdm sn\u00edma\u010dom (640&#215;512@12\u00b5m), ktor\u00fd poskytuje v\u00fdnimo\u010dn\u00fa obrazov\u00fa jasnos\u0165. S NETD \u226415mK a frekvenciou sn\u00edmok 60Hz poskytuje vynikaj\u00facu tepeln\u00fa citlivos\u0165, prin\u00e1\u0161aj\u00fac jasn\u00e9 a vizu\u00e1lne obrazy aj v t\u00fdch najn\u00e1ro\u010dnej\u0161\u00edch podmienkach.<\/p>\n<h2>V\u00fdkonn\u00e9 detek\u010dn\u00e9 schopnosti<\/h2>\n<p>Nocpix QUEST m\u00e1 detek\u010dn\u00fd dosah a\u017e 2600 m a zabudovan\u00fd skryt\u00fd LRF s dosahom a\u017e 1000 m, \u010do v\u00e1m umo\u017en\u00ed vidie\u0165 \u010falej a presnej\u0161ie ako nikdy predt\u00fdm. Podporuje tie\u017e balistick\u00e9 v\u00fdpo\u010dty, poskytuj\u00fac d\u00e1tov\u00fa podporu pre spolupr\u00e1cu pri love.<\/p>\n<h2>Obsluha jednou rukou<\/h2>\n<p>Nocpix QUEST pon\u00faka ergonomick\u00e9, nek\u013azav\u00e9 ovl\u00e1danie so zjednodu\u0161en\u00fdm rozlo\u017een\u00edm 4 tla\u010didiel a centr\u00e1lne umiesten\u00fdmi kolieskami na pohodln\u00fa obsluhu jednou rukou a bezpe\u010dn\u00fd \u00fachop za ka\u017ed\u00fdch podmienok.<\/p>\n<h2>\u013dahk\u00fd a prenosn\u00fd<\/h2>\n<p>QUEST v\u00e1\u017ei len 700 g a obsahuje vlastn\u00e9 nosn\u00e9 puzdro, \u010do umo\u017e\u0148uje \u013eahk\u00fa prenosnos\u0165 a pohodlie pri outdoorov\u00fdch aktivit\u00e1ch, ako je po\u013eovanie a prieskum.<\/p>\n<h2>Odstr\u00e1\u0148te \u00fazkos\u0165 z nap\u00e1jania<\/h2>\n<p>S\u00e9ria QUEST m\u00e1 dvojit\u00fd syst\u00e9m bat\u00e9ri\u00ed so zabudovanou a vymenite\u013enou 18650 bat\u00e9riou, \u010do zabezpe\u010duje bezprobl\u00e9mov\u00fa v\u00fdmenu a nepretr\u017eit\u00e9 pou\u017e\u00edvanie po\u010das va\u0161ich dobrodru\u017estiev.<\/p>\n<h2>Tradi\u010dn\u00fd binokul\u00e1rny z\u00e1\u017eitok<\/h2>\n<p>QUEST m\u00e1 tradi\u010dn\u00fd binokul\u00e1rny dizajn s prepracovan\u00fdm celogumov\u00fdm povrchom a hodnoten\u00edm IP67 pre odolnos\u0165 proti vode a prachu, zabezpe\u010duj\u00fac tak odolnos\u0165 aj celkov\u00fa pohodlnos\u0165.<\/p>\n","protected":false},"excerpt":{"rendered":"<p>No\u010dn\u00fd term\u00e1lny pr\u00edstroj Nocpix Quest H50R LRF 640&#215;512 NETD &lt;15mK: \u013dahk\u00fd, prenosn\u00fd term\u00e1lny imager s detek\u010dn\u00fdm dosahom 2600 m, laserov\u00fdm dia\u013ekomerom 1000 m a vynikaj\u00facim sn\u00edma\u010dom 640&#215;512.<\/p>\n","protected":false},"featured_media":680376,"template":"","meta":{"_acf_changed":false},"product_brand":[14463],"product_cat":[14694,13368,16098],"product_tag":[],"class_list":{"0":"post-679475","1":"product","2":"type-product","3":"status-publish","4":"has-post-thumbnail","6":"product_brand-nocpix","7":"product_cat-dalekohlady","8":"product_cat-termalne","9":"product_cat-thermal-cameras-sk","11":"first","12":"instock","13":"taxable","14":"shipping-taxable","15":"purchasable","16":"product-type-simple"},"acf":[],"_links":{"self":[{"href":"https:\/\/nbg.eu\/sk\/wp-json\/wp\/v2\/product\/679475","targetHints":{"allow":["GET"]}}],"collection":[{"href":"https:\/\/nbg.eu\/sk\/wp-json\/wp\/v2\/product"}],"about":[{"href":"https:\/\/nbg.eu\/sk\/wp-json\/wp\/v2\/types\/product"}],"wp:featuredmedia":[{"embeddable":true,"href":"https:\/\/nbg.eu\/sk\/wp-json\/wp\/v2\/media\/680376"}],"wp:attachment":[{"href":"https:\/\/nbg.eu\/sk\/wp-json\/wp\/v2\/media?parent=679475"}],"wp:term":[{"taxonomy":"product_brand","embeddable":true,"href":"https:\/\/nbg.eu\/sk\/wp-json\/wp\/v2\/product_brand?post=679475"},{"taxonomy":"product_cat","embeddable":true,"href":"https:\/\/nbg.eu\/sk\/wp-json\/wp\/v2\/product_cat?post=679475"},{"taxonomy":"product_tag","embeddable":true,"href":"https:\/\/nbg.eu\/sk\/wp-json\/wp\/v2\/product_tag?post=679475"}],"curies":[{"name":"wp","href":"https:\/\/api.w.org\/{rel}","templated":true}]}}