{"id":681055,"date":"2025-12-17T14:06:52","date_gmt":"2025-12-17T11:06:52","guid":{"rendered":"https:\/\/nbg.eu\/product\/manly-peak-g10-cierna-cpm-s90v\/"},"modified":"2026-01-21T11:41:29","modified_gmt":"2026-01-21T08:41:29","slug":"manly-peak-g10-cierna-cpm-s90v","status":"publish","type":"product","link":"https:\/\/nbg.eu\/sk\/produkt\/manly-peak-g10-cierna-cpm-s90v\/","title":{"rendered":"Manly PEAK G10 \u010cIERNA CPM S90V"},"content":{"rendered":"<h2>Manly PEAK G10 \u010cIERNA CPM S90V &#8211; V\u00fdnimo\u010dn\u00fd jednorukov\u00fd skladac\u00ed n\u00f4\u017e<\/h2>\n<p>Za\u017eite v\u00fdnimo\u010dn\u00fd skladac\u00ed n\u00f4\u017e Manly PEAK G10 \u010cIERNA CPM S90V, jedine\u010dn\u00fd a v\u0161estrann\u00fd n\u00e1stroj navrhnut\u00fd pre r\u00f4zne aktivity. Na rozdiel od modelu Comrade, tento n\u00f4\u017e sa p\u00fd\u0161i \u0161t\u00fdlov\u00fdm dizajnom, ktor\u00fd z neho rob\u00ed dokonal\u00e9ho spolo\u010dn\u00edka pre ak\u00fako\u013evek \u00falohu.<\/p>\n<p>PEAK je k dispoz\u00edcii v dvoch odli\u0161n\u00fdch verzi\u00e1ch, ktor\u00e9 pon\u00fakaj\u00fa pohodlie jednoru\u010dn\u00e9ho alebo dvojru\u010dn\u00e9ho otv\u00e1rania, a teda vyhovuj\u00fa va\u0161im osobn\u00fdm preferenci\u00e1m. Vyroben\u00fd s presnos\u0165ou, \u010depe\u013e je zhotoven\u00e1 z vysoko v\u00fdkonnej ocele CPM S90V, \u010do zaru\u010duje v\u00fdnimo\u010dn\u00fa udr\u017eate\u013enos\u0165 ostria a odolnos\u0165 vo\u010di kor\u00f3zii.<\/p>\n<p>Odoln\u00e1 rukov\u00e4\u0165 G10 poskytuje bezpe\u010dn\u00fd a pohodln\u00fd \u00fachop, \u010do z PEAKu rob\u00ed spo\u013eahliv\u00fa vo\u013ebu pre ka\u017edodenn\u00e9 nosenie alebo outdoorov\u00e9 dobrodru\u017estv\u00e1. S mechanizmom otv\u00e1rania palcom a manu\u00e1lnym uzamykac\u00edm syst\u00e9mom Backlock pon\u00faka tento n\u00f4\u017e hladk\u00e9 jednoru\u010dn\u00e9 ovl\u00e1danie, ktor\u00e9 v\u00e1m umo\u017en\u00ed zvl\u00e1dnu\u0165 va\u0161e \u00falohy s \u013eahkos\u0165ou.<\/p>\n<p>S hmotnos\u0165ou len 115 gramov je PEAK \u013eahk\u00fd, no z\u00e1rove\u0148 robustn\u00fd n\u00e1stroj, ktor\u00fd v\u00e1s neza\u0165a\u017e\u00ed. \u010ci u\u017e ste outdoorov\u00fd nad\u0161enec, taktick\u00fd oper\u00e1tor, alebo len niekto, kto h\u013ead\u00e1 v\u0161estrann\u00fd a dobre navrhnut\u00fd skladac\u00ed n\u00f4\u017e, Manly PEAK G10 \u010cIERNA CPM S90V je tou spr\u00e1vnou vo\u013ebou.<\/p>\n","protected":false},"excerpt":{"rendered":"<p>PEAK CPM S90V \u010dierny n\u00f4\u017e na jednu ruku, \u00fa\u017easn\u00fd dizajn pre ak\u00e9ko\u013evek aktivity.<\/p>\n","protected":false},"featured_media":681134,"template":"","meta":{"_acf_changed":false},"product_brand":[15094],"product_cat":[13382,15381,15358],"product_tag":[],"class_list":{"0":"post-681055","1":"product","2":"type-product","3":"status-publish","4":"has-post-thumbnail","6":"product_brand-manly-knives","7":"product_cat-edc","8":"product_cat-folding-knives-cs","9":"product_cat-knives-sk","11":"first","12":"outofstock","13":"taxable","14":"shipping-taxable","15":"purchasable","16":"product-type-simple"},"acf":[],"_links":{"self":[{"href":"https:\/\/nbg.eu\/sk\/wp-json\/wp\/v2\/product\/681055","targetHints":{"allow":["GET"]}}],"collection":[{"href":"https:\/\/nbg.eu\/sk\/wp-json\/wp\/v2\/product"}],"about":[{"href":"https:\/\/nbg.eu\/sk\/wp-json\/wp\/v2\/types\/product"}],"wp:featuredmedia":[{"embeddable":true,"href":"https:\/\/nbg.eu\/sk\/wp-json\/wp\/v2\/media\/681134"}],"wp:attachment":[{"href":"https:\/\/nbg.eu\/sk\/wp-json\/wp\/v2\/media?parent=681055"}],"wp:term":[{"taxonomy":"product_brand","embeddable":true,"href":"https:\/\/nbg.eu\/sk\/wp-json\/wp\/v2\/product_brand?post=681055"},{"taxonomy":"product_cat","embeddable":true,"href":"https:\/\/nbg.eu\/sk\/wp-json\/wp\/v2\/product_cat?post=681055"},{"taxonomy":"product_tag","embeddable":true,"href":"https:\/\/nbg.eu\/sk\/wp-json\/wp\/v2\/product_tag?post=681055"}],"curies":[{"name":"wp","href":"https:\/\/api.w.org\/{rel}","templated":true}]}}