{"id":681157,"date":"2026-01-08T18:14:00","date_gmt":"2026-01-08T15:14:00","guid":{"rendered":"https:\/\/nbg.eu\/product\/manly-peak-black-14c28n\/"},"modified":"2026-01-21T11:41:26","modified_gmt":"2026-01-21T08:41:26","slug":"manly-peak-black-14c28n","status":"publish","type":"product","link":"https:\/\/nbg.eu\/sk\/produkt\/manly-peak-black-14c28n\/","title":{"rendered":"Manly PEAK BLACK 14C28N"},"content":{"rendered":"<h2>Manly PEAK BLACK 14C28N \u2013 Univerz\u00e1lny vreckov\u00e1 n\u00f4\u017e na ka\u017ed\u00fd de\u0148<\/h2>\n<p>Pokra\u010duj\u00fac v trad\u00edcii Manly poskytova\u0165 cenovo dostupn\u00e9 a kvalitn\u00e9 vreckov\u00e9kno\u017ee, PEAK \u2013 14C28N Black (jedno\u010depie\u013eov\u00fd) je pr\u00edkladom univerz\u00e1lnosti a praktickosti. Vyroben\u00fd s presnos\u0165ou, tento skladac\u00ed n\u00f4\u017e m\u00e1 \u010depe\u013e z 14C28N \u0161v\u00e9dskeej ocele a rukov\u00e4\u0165 z G10, \u010do zaru\u010duje trval\u00fd a spo\u013eahliv\u00fd rezac\u00ed n\u00e1stroj na ka\u017edodenn\u00e9 \u00falohy.<\/p>\n<p>Navrhnut\u00fd na obojru\u010dn\u00e9 pou\u017e\u00edvanie, reverzibiln\u00e1 spona umo\u017e\u0148uje \u013eahk\u00fd pr\u00edstup pre prav\u00e1kov aj \u013eav\u00e1kov, \u010do z neho rob\u00ed dokonal\u00e9ho spolo\u010dn\u00edka bez oh\u013eadu na to, \u010di ste prav\u00e1ci alebo \u013eav\u00e1ci. Mechanizmus zadn\u00e9ho z\u00e1mku poskytuje bezpe\u010dn\u00fd a spo\u013eahliv\u00fd z\u00e1mok, v\u010faka \u010domu ost\u00e1va \u010depe\u013e po\u010das pou\u017e\u00edvania na svojom mieste.<\/p>\n<p>S celkovou d\u013a\u017ekou 22 cm a d\u013a\u017ekou \u010depele 9,4 cm PEAK \u2013 14C28N Black (jedno\u010depie\u013eov\u00fd) pon\u00faka pohodln\u00fa a zvl\u00e1dnute\u013en\u00fa ve\u013ekos\u0165, ktor\u00e1 je ide\u00e1lna na \u0161irok\u00fa \u0161k\u00e1lu aplik\u00e1ci\u00ed, od outdoorov\u00fdch dobrodru\u017estiev po ka\u017edodenn\u00e9 \u00fa\u017eitkov\u00e9 \u00falohy. S hmotnos\u0165ou 115 g tento n\u00f4\u017e vytv\u00e1ra perfektn\u00fa rovnov\u00e1hu medzi hmotnos\u0165ou a prenosnos\u0165ou, \u010do z neho rob\u00ed spo\u013eahliv\u00fa a univerz\u00e1lnu vo\u013ebu pre ka\u017edodenn\u00e9 nosenie.<\/p>\n<p>S matov\u00fdm povrchom \u010depele z 14C28N a elegantnou \u010diernou rukov\u00e4\u0165ou z G10 PEAK \u2013 14C28N Black (jedno\u010depie\u013eov\u00fd) nielen v\u00fdborne funguje, ale m\u00e1 aj \u0161t\u00fdlov\u00fd a modern\u00fd vzh\u013ead, ktor\u00fd sa bude hodi\u0165 k ak\u00e9muko\u013evek osobn\u00e9mu \u0161t\u00fdlu. \u010ci u\u017e ste outdoorov\u00fd nad\u0161enec, majster do v\u0161etk\u00e9ho alebo len niekto, kto si cen\u00ed dobre vyroben\u00fd n\u00e1stroj, Manly PEAK \u2013 14C28N Black (jedno\u010depie\u013eov\u00fd) je perfektn\u00fdm doplnkom do va\u0161ej ka\u017edodennej v\u00fdbavy.<\/p>\n","protected":false},"excerpt":{"rendered":"<p>Robustn\u00fd kapesn\u00fd n\u00f4\u017e PEAK BLACK 14C28N &#8211; Cenovo dostupn\u00fd kapesn\u00fd n\u00f4\u017e so \u0161v\u00e9dskou oce\u013eou 14C28N, reverzibilnou sponou a zadn\u00fdm uzamknut\u00edm.<\/p>\n","protected":false},"featured_media":685063,"template":"","meta":{"_acf_changed":false},"product_brand":[15094],"product_cat":[13382],"product_tag":[],"class_list":{"0":"post-681157","1":"product","2":"type-product","3":"status-publish","4":"has-post-thumbnail","6":"product_brand-manly-knives","7":"product_cat-edc","9":"first","10":"instock","11":"taxable","12":"shipping-taxable","13":"purchasable","14":"product-type-simple"},"acf":[],"_links":{"self":[{"href":"https:\/\/nbg.eu\/sk\/wp-json\/wp\/v2\/product\/681157","targetHints":{"allow":["GET"]}}],"collection":[{"href":"https:\/\/nbg.eu\/sk\/wp-json\/wp\/v2\/product"}],"about":[{"href":"https:\/\/nbg.eu\/sk\/wp-json\/wp\/v2\/types\/product"}],"wp:featuredmedia":[{"embeddable":true,"href":"https:\/\/nbg.eu\/sk\/wp-json\/wp\/v2\/media\/685063"}],"wp:attachment":[{"href":"https:\/\/nbg.eu\/sk\/wp-json\/wp\/v2\/media?parent=681157"}],"wp:term":[{"taxonomy":"product_brand","embeddable":true,"href":"https:\/\/nbg.eu\/sk\/wp-json\/wp\/v2\/product_brand?post=681157"},{"taxonomy":"product_cat","embeddable":true,"href":"https:\/\/nbg.eu\/sk\/wp-json\/wp\/v2\/product_cat?post=681157"},{"taxonomy":"product_tag","embeddable":true,"href":"https:\/\/nbg.eu\/sk\/wp-json\/wp\/v2\/product_tag?post=681157"}],"curies":[{"name":"wp","href":"https:\/\/api.w.org\/{rel}","templated":true}]}}