{"id":681301,"date":"2025-12-17T14:50:21","date_gmt":"2025-12-17T11:50:21","guid":{"rendered":"https:\/\/nbg.eu\/product\/manly-patriot-m-green-rwl-34\/"},"modified":"2026-01-21T11:39:48","modified_gmt":"2026-01-21T08:39:48","slug":"manly-patriot-m-green-rwl-34","status":"publish","type":"product","link":"https:\/\/nbg.eu\/sk\/produkt\/manly-patriot-m-green-rwl-34\/","title":{"rendered":"Manly PATRIOT M.GREEN RWL-34"},"content":{"rendered":"<h2>Manly PATRIOT M.GREEN RWL-34 \u2013 V\u0161estrann\u00fd pevn\u00fd n\u00f4\u017e na ka\u017edodenn\u00e9 nosenie<\/h2>\n<p>S modelom PATRIOT \u2013 RWL-34 v milit\u00e1rnej zelenej farbe predstavuje zna\u010dka Manly pevn\u00fa verziu svojho \u00faspe\u0161n\u00e9ho skladacieho no\u017ea Comrade. Vyzna\u010duj\u00fac sa takmer rovnak\u00fdmi rozmermi, PATRIOT je dokonalou vo\u013ebou pre ka\u017edodenn\u00e9 pou\u017eitie, lovectvo a kempovanie. Vybaven\u00fd \u010depe\u013eou s matovan\u00fdm povrchom z pr\u00e9miov\u00e1 ocele RWL-34 tento n\u00f4\u017e kombinuje odolnos\u0165 a rezn\u00e9 vlastnosti. Vyroben\u00fd s rukov\u00e4\u0165ami z G10 alebo orechov\u00e9ho dreva, PATRIOT pon\u00faka pohodln\u00e9 a bezpe\u010dn\u00e9 uchopenie, zaru\u010duj\u00face sebavedom\u00fa manipul\u00e1ciu v r\u00f4znych situ\u00e1ci\u00e1ch.<\/p>\n<p>S celkovou d\u013a\u017ekou 21 cm a \u010depe\u013eou s d\u013a\u017ekou 9,1 cm je PATRIOT kompaktn\u00fdm a v\u0161estrann\u00fdm n\u00e1strojom. Hrub\u00e1 4 mm \u010depe\u013e poskytuje dostato\u010dn\u00fa pevnos\u0165 a tuhos\u0165, zatia\u013e \u010do celkov\u00e1 hmotnos\u0165 126g zais\u0165uje vyv\u00e1\u017een\u00fd pocit. Chr\u00e1nen\u00fd odoln\u00fdm p\u00fazdrom z Kydexu je PATRIOT spo\u013eahliv\u00fdm spolo\u010dn\u00edkom pre nad\u0161encov outdoorov\u00fdch aktiv\u00edt a zberate\u013eov ka\u017edodenn\u00fdch nosen\u00fdch predmetov.<\/p>\n","protected":false},"excerpt":{"rendered":"<p>Mu\u017esk\u00fd PATRIOT M.GREEN RWL-34 &#8211; N\u00f4\u017e s pevnou \u010depe\u013eou vo vojenskej zelenej farbe s \u010depe\u013eou z ocele RWL-34 a rukov\u00e4\u0165ou z G10.<\/p>\n","protected":false},"featured_media":681508,"template":"","meta":{"_acf_changed":false},"product_brand":[15094],"product_cat":[2876],"product_tag":[],"class_list":{"0":"post-681301","1":"product","2":"type-product","3":"status-publish","4":"has-post-thumbnail","6":"product_brand-manly-knives","7":"product_cat-rahohvatki","9":"first","10":"instock","11":"taxable","12":"shipping-taxable","13":"purchasable","14":"product-type-simple"},"acf":[],"_links":{"self":[{"href":"https:\/\/nbg.eu\/sk\/wp-json\/wp\/v2\/product\/681301","targetHints":{"allow":["GET"]}}],"collection":[{"href":"https:\/\/nbg.eu\/sk\/wp-json\/wp\/v2\/product"}],"about":[{"href":"https:\/\/nbg.eu\/sk\/wp-json\/wp\/v2\/types\/product"}],"wp:featuredmedia":[{"embeddable":true,"href":"https:\/\/nbg.eu\/sk\/wp-json\/wp\/v2\/media\/681508"}],"wp:attachment":[{"href":"https:\/\/nbg.eu\/sk\/wp-json\/wp\/v2\/media?parent=681301"}],"wp:term":[{"taxonomy":"product_brand","embeddable":true,"href":"https:\/\/nbg.eu\/sk\/wp-json\/wp\/v2\/product_brand?post=681301"},{"taxonomy":"product_cat","embeddable":true,"href":"https:\/\/nbg.eu\/sk\/wp-json\/wp\/v2\/product_cat?post=681301"},{"taxonomy":"product_tag","embeddable":true,"href":"https:\/\/nbg.eu\/sk\/wp-json\/wp\/v2\/product_tag?post=681301"}],"curies":[{"name":"wp","href":"https:\/\/api.w.org\/{rel}","templated":true}]}}