{"id":681777,"date":"2025-12-17T15:55:16","date_gmt":"2025-12-17T12:55:16","guid":{"rendered":"https:\/\/nbg.eu\/product\/mestska-muzska-oranzova-cpm-s90v\/"},"modified":"2026-01-21T12:29:09","modified_gmt":"2026-01-21T09:29:09","slug":"mestska-muzska-oranzova-cpm-s90v","status":"publish","type":"product","link":"https:\/\/nbg.eu\/sk\/produkt\/mestska-muzska-oranzova-cpm-s90v\/","title":{"rendered":"Mestsk\u00e1 mu\u017esk\u00e1 oran\u017eov\u00e1 CPM S90V"},"content":{"rendered":"<h2>Manly City CPM S90V &#8211; Ka\u017edodenn\u00fd skladac\u00ed n\u00f4\u017e<\/h2>\n<p>Ako napoved\u00e1 jeho n\u00e1zov, Manly City CPM S90V je v\u00fdnimo\u010dn\u00fd ka\u017edodenn\u00fd mestsk\u00fd n\u00f4\u017e. Prin\u00e1\u0161a filozofiu Manly pon\u00faka\u0165 u\u017e\u00edvate\u013eom starostlivo vybran\u00e9 pr\u00e9miov\u00e9 materi\u00e1ly za primeran\u00fa cenu. Ploch\u00e1 \u010depe\u013e je vyroben\u00e1 z vysoko v\u00fdkonnej ocele CPM S90V s tvrdos\u0165ou Rockwell 60-62 HRC, \u010do zabezpe\u010duje vynikaj\u00face udr\u017eanie ostria a odolnos\u0165 vo\u010di kor\u00f3zii.<\/p>\n<p>Tento model je navrhnut\u00fd pre obojru\u010dn\u00e9 pou\u017eitie a m\u00e1 reverzibiln\u00fa p\u00fatko na opasok a dvojit\u00fa polohu kol\u00edku, \u010do ho rob\u00ed vhodn\u00fd pre \u013eav\u00e1kov aj prav\u00e1kov. Rukov\u00e4\u0165 z G10 poskytuje bezpe\u010dn\u00fd a pohodln\u00fd \u00fachop, zatia\u013e \u010do jednoru\u010dn\u00e9 otv\u00e1ranie a blokovac\u00ed mechanizmus zabezpe\u010duj\u00fa spo\u013eahliv\u00fa obsluhu.<\/p>\n<p>S celkovou d\u013a\u017ekou 17,7 cm a d\u013a\u017ekou \u010depele 7,0 cm je Manly City CPM S90V v\u0161estrann\u00fd ka\u017edodenn\u00fd n\u00f4\u017e, ktor\u00fd kombinuje pr\u00e9miov\u00e9 materi\u00e1ly, v\u00fdnimo\u010dn\u00fd v\u00fdkon a u\u017e\u00edvate\u013esky pr\u00edvetiv\u00e9 funkcie. S hmotnos\u0165ou iba 95 g je \u013eahk\u00fd a \u013eahko prenosn\u00fd spolo\u010dn\u00edk pre r\u00f4zne ka\u017edodenn\u00e9 \u00falohy.<\/p>\n","protected":false},"excerpt":{"rendered":"<p>Ka\u017edodenn\u00fd kapesn\u00ed n\u016f\u017e. \u010cepel z oceli CPM S90V, rukoje\u0165 z G10, obousm\u011brn\u00e1 spona, vhodn\u00e9 pro lev\u00e1ky\/prav\u00e1ky.<\/p>\n","protected":false},"featured_media":681856,"template":"","meta":{"_acf_changed":false},"product_brand":[15094],"product_cat":[13382],"product_tag":[],"class_list":{"0":"post-681777","1":"product","2":"type-product","3":"status-publish","4":"has-post-thumbnail","6":"product_brand-manly-knives","7":"product_cat-edc","9":"first","10":"instock","11":"taxable","12":"shipping-taxable","13":"purchasable","14":"product-type-simple"},"acf":[],"_links":{"self":[{"href":"https:\/\/nbg.eu\/sk\/wp-json\/wp\/v2\/product\/681777","targetHints":{"allow":["GET"]}}],"collection":[{"href":"https:\/\/nbg.eu\/sk\/wp-json\/wp\/v2\/product"}],"about":[{"href":"https:\/\/nbg.eu\/sk\/wp-json\/wp\/v2\/types\/product"}],"wp:featuredmedia":[{"embeddable":true,"href":"https:\/\/nbg.eu\/sk\/wp-json\/wp\/v2\/media\/681856"}],"wp:attachment":[{"href":"https:\/\/nbg.eu\/sk\/wp-json\/wp\/v2\/media?parent=681777"}],"wp:term":[{"taxonomy":"product_brand","embeddable":true,"href":"https:\/\/nbg.eu\/sk\/wp-json\/wp\/v2\/product_brand?post=681777"},{"taxonomy":"product_cat","embeddable":true,"href":"https:\/\/nbg.eu\/sk\/wp-json\/wp\/v2\/product_cat?post=681777"},{"taxonomy":"product_tag","embeddable":true,"href":"https:\/\/nbg.eu\/sk\/wp-json\/wp\/v2\/product_tag?post=681777"}],"curies":[{"name":"wp","href":"https:\/\/api.w.org\/{rel}","templated":true}]}}