{"id":682119,"date":"2026-01-08T18:13:52","date_gmt":"2026-01-08T15:13:52","guid":{"rendered":"https:\/\/nbg.eu\/product\/manly-city-military-14c28n\/"},"modified":"2026-01-21T11:41:31","modified_gmt":"2026-01-21T08:41:31","slug":"manly-city-military-14c28n","status":"publish","type":"product","link":"https:\/\/nbg.eu\/sk\/produkt\/manly-city-military-14c28n\/","title":{"rendered":"Manly City Military 14C28N"},"content":{"rendered":"<h2>Manly City Military 14C28N: V\u00fdnimo\u010dn\u00fd ka\u017edodenn\u00fd n\u00f4\u017e<\/h2>\n<p>Manly City Military 14C28N je v\u00fdnimo\u010dn\u00fd ka\u017edodenn\u00fd mestsk\u00fd n\u00f4\u017e, ktor\u00fd ztv\u00e1\u0148uje na\u0161u filozofiu pon\u00fakania starostlivo vybran\u00fdch prim\u00e1rnych materi\u00e1lov za rozumn\u00fa cenu. S ploch\u00fdm \u010depe\u013eou vyrobenou z ocele Sandvik 14C28N je tento model navrhnut\u00fd pre univerz\u00e1lnos\u0165 a pohodlnos\u0165.<\/p>\n<p>S vratnou sponkou a dvojitou polohou kol\u00edka je Manly City Military 14C28N vhodn\u00fd pre \u013eav\u00e1kov aj prav\u00e1kov, \u010do zaru\u010duje pohodln\u00fd a prisp\u00f4sobite\u013en\u00fd \u00fachop. Materi\u00e1l rukov\u00e4te G10 poskytuje bezpe\u010dn\u00e9 a trvanliv\u00e9 dr\u017eanie, zatia\u013e \u010do jednorukov\u00e9 otv\u00e1ranie a zais\u0165ovac\u00ed mechanizmus pon\u00fakaj\u00fa plynul\u00fa a spo\u013eahliv\u00fa obsluhu.<\/p>\n<p>Technick\u00e9 \u0161pecifik\u00e1cie:<\/p>\n<ul>\n<li>Model: CITY 14C28N Military Green Flat Handle<\/li>\n<li>Typ: Skladac\u00ed n\u00f4\u017e<\/li>\n<li>Celkov\u00e1 d\u013a\u017eka: 17,7 cm<\/li>\n<li>D\u013a\u017eka \u010depele: 7,0 cm<\/li>\n<li>D\u013a\u017eka zlo\u017een\u00fd: 10,5 cm<\/li>\n<li>Hr\u00fabka \u010depele: 2,7 mm<\/li>\n<li>Hmotnos\u0165: 95 g<\/li>\n<li>Materi\u00e1l \u010depele: 14C28N<\/li>\n<li>Materi\u00e1l rukov\u00e4te: G10<\/li>\n<li>Otv\u00e1ranie: Palcov\u00fd \u010dap<\/li>\n<li>Otv\u00e1ranie: Jednoru\u010dn\u00e9<\/li>\n<li>Typ z\u00e1mku: Zais\u0165ovac\u00ed mechanizmus<\/li>\n<\/ul>\n","protected":false},"excerpt":{"rendered":"<p>Vojensk\u00fd mestsk\u00fd n\u00f4\u017e Manly City 14C28N je v\u00fdnimo\u010dn\u00fd ka\u017edodenn\u00fd mestsk\u00fd n\u00f4\u017e vyroben\u00fd z ocele Sandvik 14C28N a rukov\u00e4\u0165ou z G10, vhodn\u00fd pre \u013eav\u00fdch aj prav\u00fdch u\u017e\u00edvate\u013eov.<\/p>\n","protected":false},"featured_media":682178,"template":"","meta":{"_acf_changed":false},"product_brand":[15094],"product_cat":[13382],"product_tag":[],"class_list":{"0":"post-682119","1":"product","2":"type-product","3":"status-publish","4":"has-post-thumbnail","6":"product_brand-manly-knives","7":"product_cat-edc","9":"first","10":"instock","11":"taxable","12":"shipping-taxable","13":"purchasable","14":"product-type-simple"},"acf":[],"_links":{"self":[{"href":"https:\/\/nbg.eu\/sk\/wp-json\/wp\/v2\/product\/682119","targetHints":{"allow":["GET"]}}],"collection":[{"href":"https:\/\/nbg.eu\/sk\/wp-json\/wp\/v2\/product"}],"about":[{"href":"https:\/\/nbg.eu\/sk\/wp-json\/wp\/v2\/types\/product"}],"wp:featuredmedia":[{"embeddable":true,"href":"https:\/\/nbg.eu\/sk\/wp-json\/wp\/v2\/media\/682178"}],"wp:attachment":[{"href":"https:\/\/nbg.eu\/sk\/wp-json\/wp\/v2\/media?parent=682119"}],"wp:term":[{"taxonomy":"product_brand","embeddable":true,"href":"https:\/\/nbg.eu\/sk\/wp-json\/wp\/v2\/product_brand?post=682119"},{"taxonomy":"product_cat","embeddable":true,"href":"https:\/\/nbg.eu\/sk\/wp-json\/wp\/v2\/product_cat?post=682119"},{"taxonomy":"product_tag","embeddable":true,"href":"https:\/\/nbg.eu\/sk\/wp-json\/wp\/v2\/product_tag?post=682119"}],"curies":[{"name":"wp","href":"https:\/\/api.w.org\/{rel}","templated":true}]}}