{"id":682357,"date":"2026-01-09T22:09:00","date_gmt":"2026-01-09T19:09:00","guid":{"rendered":"https:\/\/nbg.eu\/product\/mestsky-manualny-g10-cierny-s90v\/"},"modified":"2026-01-21T12:28:46","modified_gmt":"2026-01-21T09:28:46","slug":"mestsky-manualny-g10-cierny-s90v","status":"publish","type":"product","link":"https:\/\/nbg.eu\/sk\/produkt\/mestsky-manualny-g10-cierny-s90v\/","title":{"rendered":"Mestsk\u00fd manu\u00e1lny G10 \u010dierny S90V"},"content":{"rendered":"<h2>Manly City G10 \u010cierna S90V: V\u00fdnimo\u010dn\u00fd ka\u017edodenn\u00fd no\u017e\u00edk<\/h2>\n<p>Ako napoved\u00e1 jeho n\u00e1zov, Manly City G10 \u010cierna S90V je v\u00fdnimo\u010dn\u00fd ka\u017edodenn\u00fd mestsk\u00fd no\u017e\u00edk. Vyroben\u00fd pod\u013ea na\u0161ej filozofie pon\u00faka\u0165 pou\u017e\u00edvate\u013eom starostlivo vybran\u00e9 pr\u00e9miov\u00e9 materi\u00e1ly za rozumn\u00fa cenu, tento skladac\u00ed no\u017e\u00edk sa chv\u00e1li ploch\u00fdm ost\u0159\u00edm vyroben\u00fdm z ocele CPM S90V s tvrdos\u0165ou Rockwell 60-62 HRC. Jeho obojstrann\u00e1 kapsa a dvojpolohov\u00e9 pripevnenie ho robia vhodn\u00fdm pre \u013eav\u00fdch aj prav\u00fdch pou\u017e\u00edvate\u013eov.<\/p>\n<p>S celkovou d\u013a\u017ekou 17,7 cm, ost\u0159\u00edm d\u013a\u017eky 7,0 cm a zlo\u017eenou d\u013a\u017ekou 10,5 cm, tento no\u017e\u00edk m\u00e1 ostrie hrub\u00e9 2,7 mm a v\u00e1\u017ei len 95 g. Rukov\u00e4\u0165 je vyroben\u00e1 z odoln\u00e9ho 3D materi\u00e1lu G10 a no\u017e\u00edk sa d\u00e1 otv\u00e1ra\u0165 palcov\u00fdm kol\u00edkom jednoru\u010dne. Odoln\u00fd uzamykac\u00ed mechanizmus zaru\u010duje bezpe\u010dn\u00e9 a spo\u013eahliv\u00e9 nasadenie ostria.<\/p>\n<p>V elegantnej \u010diernej farbe je Manly City G10 \u010cierna S90V dokonal\u00fdm ka\u017edodenn\u00fdm spolo\u010dn\u00edkom, ktor\u00fd sp\u00e1ja pr\u00e9miov\u00fd v\u00fdkon a kvalitn\u00e9 prevedenie za dostupn\u00fa cenu.<\/p>\n","protected":false},"excerpt":{"rendered":"<p>V\u00fdnimo\u010dn\u00fd mestsk\u00fd n\u00f4\u017e do ka\u017edodenn\u00e9ho pou\u017eitia s \u010depe\u013eou CPM S90V, rukov\u00e4\u0165ou 3D G10 a reverzibiln\u00fdm klipom.<\/p>\n","protected":false},"featured_media":682521,"template":"","meta":{"_acf_changed":false},"product_brand":[15094],"product_cat":[13382,15381,15358],"product_tag":[],"class_list":{"0":"post-682357","1":"product","2":"type-product","3":"status-publish","4":"has-post-thumbnail","6":"product_brand-manly-knives","7":"product_cat-edc","8":"product_cat-folding-knives-cs","9":"product_cat-knives-sk","11":"first","12":"outofstock","13":"taxable","14":"shipping-taxable","15":"purchasable","16":"product-type-simple"},"acf":[],"_links":{"self":[{"href":"https:\/\/nbg.eu\/sk\/wp-json\/wp\/v2\/product\/682357","targetHints":{"allow":["GET"]}}],"collection":[{"href":"https:\/\/nbg.eu\/sk\/wp-json\/wp\/v2\/product"}],"about":[{"href":"https:\/\/nbg.eu\/sk\/wp-json\/wp\/v2\/types\/product"}],"wp:featuredmedia":[{"embeddable":true,"href":"https:\/\/nbg.eu\/sk\/wp-json\/wp\/v2\/media\/682521"}],"wp:attachment":[{"href":"https:\/\/nbg.eu\/sk\/wp-json\/wp\/v2\/media?parent=682357"}],"wp:term":[{"taxonomy":"product_brand","embeddable":true,"href":"https:\/\/nbg.eu\/sk\/wp-json\/wp\/v2\/product_brand?post=682357"},{"taxonomy":"product_cat","embeddable":true,"href":"https:\/\/nbg.eu\/sk\/wp-json\/wp\/v2\/product_cat?post=682357"},{"taxonomy":"product_tag","embeddable":true,"href":"https:\/\/nbg.eu\/sk\/wp-json\/wp\/v2\/product_tag?post=682357"}],"curies":[{"name":"wp","href":"https:\/\/api.w.org\/{rel}","templated":true}]}}