{"id":682599,"date":"2026-01-09T22:08:59","date_gmt":"2026-01-09T19:08:59","guid":{"rendered":"https:\/\/nbg.eu\/product\/manly-city-black-14c28n\/"},"modified":"2026-01-21T12:29:38","modified_gmt":"2026-01-21T09:29:38","slug":"manly-city-black-14c28n","status":"publish","type":"product","link":"https:\/\/nbg.eu\/sk\/produkt\/manly-city-black-14c28n\/","title":{"rendered":"Manly City Black 14C28N"},"content":{"rendered":"<h2>Manly City Black 14C28N: V\u00fdnimo\u010dn\u00fd ka\u017edodenn\u00fd mestsk\u00fd n\u00f4\u017e<\/h2>\n<p>Manly City Black 14C28N je v\u00fdnimo\u010dn\u00fd ka\u017edodenn\u00fd mestsk\u00fd n\u00f4\u017e, ktor\u00fd ztv\u00e1rnuje na\u0161u filozofiu ponuky starostlivo vybran\u00fdch prim\u00e1rnych materi\u00e1lov za prijate\u013en\u00fa cenu. S ploch\u00fdm ostrim z odolnej ocele Sandvik 14C28N je tento skladac\u00ed n\u00f4\u017e navrhnut\u00fd ako spo\u013eahliv\u00fd spolo\u010dn\u00edk na ka\u017edodenn\u00e9 \u00falohy.<\/p>\n<p>S celkovou d\u013a\u017ekou 17,7 cm a d\u013a\u017ekou \u010depele 7,0 cm je Manly City Black 14C28N kompaktn\u00fd a univerz\u00e1lny n\u00e1stroj. V zlo\u017eenom stave meria 10,5 cm, \u010do ho rob\u00ed \u013eahko prenosn\u00fdm a skladn\u00fdm. Hr\u00fabka \u010depele 2,7 mm a celkov\u00e1 hmotnos\u0165 95 g zabezpe\u010duj\u00fa vyv\u00e1\u017een\u00e9 a pohodln\u00e9 dr\u017eanie.<\/p>\n<p>Jednou z v\u00fdrazn\u00fdch vlastnost\u00ed tohto no\u017ea je jeho obojstrann\u00e1 spona, ktor\u00e1 ho rob\u00ed vhodn\u00fdm pre \u013eav\u00e1kov aj prav\u00e1kov. Rukov\u00e4\u0165 je vyroben\u00e1 z odoln\u00e9ho materi\u00e1lu G10, poskytuj\u00fac bezpe\u010dn\u00fd a nek\u013azav\u00fd \u00fachop, a to aj za vlhk\u00fdch alebo n\u00e1ro\u010dn\u00fdch podmienok.<\/p>\n<p>Vybaven\u00fd mechanizmom otv\u00e1rania oboma rukami a spo\u013eahliv\u00fdm uzamykac\u00edm mechanizmom, Manly City Black 14C28N pon\u00faka bezpe\u010dn\u00fa a stabiln\u00fa prev\u00e1dzku, zaru\u010duj\u00facu vykon\u00e1vanie rezn\u00fdch \u00faloh s d\u00f4verou a presnos\u0165ou. \u0160t\u00fdlov\u00e9 \u010dierne farebn\u00e9 prevedenie dop\u013a\u0148a modern\u00fd a sofistikovan\u00fd vzh\u013ead no\u017ea, \u010d\u00edm sa st\u00e1va atrakt\u00edvnou vo\u013ebou pre ka\u017edodenn\u00e9 nosenie.<\/p>\n","protected":false},"excerpt":{"rendered":"<p>Mestsk\u00fd n\u00f4\u017e Manly City Black 14C28N je vynikaj\u00faci ka\u017edodenn\u00fd mestsk\u00fd n\u00f4\u017e s ploch\u00fdm \u010depel\u00ed z ocele Sandvik 14C28N a obojstrannou sponou na \u013eav\u00e9 alebo prav\u00e9 ruky.<\/p>\n","protected":false},"featured_media":682863,"template":"","meta":{"_acf_changed":false},"product_brand":[15094],"product_cat":[13382,15381,15358],"product_tag":[],"class_list":{"0":"post-682599","1":"product","2":"type-product","3":"status-publish","4":"has-post-thumbnail","6":"product_brand-manly-knives","7":"product_cat-edc","8":"product_cat-folding-knives-cs","9":"product_cat-knives-sk","11":"first","12":"instock","13":"taxable","14":"shipping-taxable","15":"purchasable","16":"product-type-simple"},"acf":[],"_links":{"self":[{"href":"https:\/\/nbg.eu\/sk\/wp-json\/wp\/v2\/product\/682599","targetHints":{"allow":["GET"]}}],"collection":[{"href":"https:\/\/nbg.eu\/sk\/wp-json\/wp\/v2\/product"}],"about":[{"href":"https:\/\/nbg.eu\/sk\/wp-json\/wp\/v2\/types\/product"}],"wp:featuredmedia":[{"embeddable":true,"href":"https:\/\/nbg.eu\/sk\/wp-json\/wp\/v2\/media\/682863"}],"wp:attachment":[{"href":"https:\/\/nbg.eu\/sk\/wp-json\/wp\/v2\/media?parent=682599"}],"wp:term":[{"taxonomy":"product_brand","embeddable":true,"href":"https:\/\/nbg.eu\/sk\/wp-json\/wp\/v2\/product_brand?post=682599"},{"taxonomy":"product_cat","embeddable":true,"href":"https:\/\/nbg.eu\/sk\/wp-json\/wp\/v2\/product_cat?post=682599"},{"taxonomy":"product_tag","embeddable":true,"href":"https:\/\/nbg.eu\/sk\/wp-json\/wp\/v2\/product_tag?post=682599"}],"curies":[{"name":"wp","href":"https:\/\/api.w.org\/{rel}","templated":true}]}}