{"id":682905,"date":"2026-01-08T18:15:12","date_gmt":"2026-01-08T15:15:12","guid":{"rendered":"https:\/\/nbg.eu\/product\/manlyho-blaze-orechovym-drevom-rwl-34\/"},"modified":"2026-01-21T12:28:45","modified_gmt":"2026-01-21T09:28:45","slug":"manlyho-blaze-orechovym-drevom-rwl-34","status":"publish","type":"product","link":"https:\/\/nbg.eu\/sk\/produkt\/manlyho-blaze-orechovym-drevom-rwl-34\/","title":{"rendered":"Manlyho Blaze orechov\u00fdm drevom RWL-34"},"content":{"rendered":"<h2>Blaze RWL-34 orechov\u00e9 drevo: Ide\u00e1lny no\u017e\u00edk do pr\u00edrody<\/h2>\n<p>S pevnou \u010depe\u013eou a celistvou kon\u0161trukciou je Blaze RWL-34 orechov\u00e9 drevo tou najlep\u0161ou vo\u013ebou pre spo\u013eahliv\u00fd v\u00fdkon v divokej pr\u00edrode. Vyroben\u00fd s presnos\u0165ou a d\u00f4razom na detail, tento no\u017e\u00edk je dokonal\u00fdm spolo\u010dn\u00edkom pre va\u0161e t\u00e1boracie, ryb\u00e1rske alebo horsk\u00e9 dobrodru\u017estv\u00e1.<\/p>\n<p>Rukov\u00e4\u0165 je vyroben\u00e1 z bulharsk\u00e9ho orechov\u00e9ho dreva, poskytuj\u00fac pohodln\u00fd a bezpe\u010dn\u00fd \u00fachop, aj v t\u00fdch najn\u00e1ro\u010dnej\u0161\u00edch podmienkach. \u010ci u\u017e potrebujete prereza\u0165 hust\u00fa veget\u00e1ciu, pripravi\u0165 v\u00e1\u0161 \u00falovok alebo vykona\u0165 nevyhnutn\u00e9 \u00falohy pre\u017eitia, Blaze RWL-34 orechov\u00e9 drevo je pre to ako stvoren\u00fd.<\/p>\n<p>Vybaven\u00fd 4 mm hrubou \u010depe\u013eou z pr\u00e9miovej ocele RWL-34, tento no\u017e\u00edk sa chv\u00e1li tvrdos\u0165ou ostria 62 HRC, zaru\u010duj\u00fac tak v\u00fdnimo\u010dn\u00fa odolnos\u0165 a zadr\u017eiavanie ostrosti. S celkovou d\u013a\u017ekou 24,5 cm a d\u013a\u017ekou \u010depele 11,9 cm pon\u00faka Blaze RWL-34 orechov\u00e9 drevo perfektn\u00fa rovnov\u00e1hu medzi ve\u013ekos\u0165ou a ovl\u00e1date\u013enos\u0165ou.<\/p>\n<p>S hmotnos\u0165ou iba 210 gramov je tento no\u017e\u00edk \u013eahk\u00fd na pren\u00e1\u0161anie a neza\u0165a\u017e\u00ed v\u00e1s, \u010d\u00edm sa st\u00e1va dokonal\u00fdm spolo\u010dn\u00edkom pre va\u0161e vonkaj\u0161ie v\u00fdlety. Prilo\u017een\u00e9 ko\u017een\u00e9 puzdro poskytuje \u010fal\u0161iu vrstvu ochrany a pohodlie, umo\u017e\u0148uj\u00fac v\u00e1m ma\u0165 v\u00e1\u0161 Blaze RWL-34 orechov\u00e9 drevo v\u017edy poruke.<\/p>\n","protected":false},"excerpt":{"rendered":"<p>Blaze RWL-34 Orechov\u00e9 drevo &#8211; ide\u00e1lny Bushcraft n\u00f4\u017e s rukov\u00e4\u0165ou z orechov\u00e9ho dreva a \u010depe\u013eou s tvrdos\u0165ou 62 HRC.<\/p>\n","protected":false},"featured_media":683184,"template":"","meta":{"_acf_changed":false},"product_brand":[15094],"product_cat":[15358],"product_tag":[],"class_list":{"0":"post-682905","1":"product","2":"type-product","3":"status-publish","4":"has-post-thumbnail","6":"product_brand-manly-knives","7":"product_cat-knives-sk","9":"first","10":"instock","11":"taxable","12":"shipping-taxable","13":"purchasable","14":"product-type-simple"},"acf":[],"_links":{"self":[{"href":"https:\/\/nbg.eu\/sk\/wp-json\/wp\/v2\/product\/682905","targetHints":{"allow":["GET"]}}],"collection":[{"href":"https:\/\/nbg.eu\/sk\/wp-json\/wp\/v2\/product"}],"about":[{"href":"https:\/\/nbg.eu\/sk\/wp-json\/wp\/v2\/types\/product"}],"wp:featuredmedia":[{"embeddable":true,"href":"https:\/\/nbg.eu\/sk\/wp-json\/wp\/v2\/media\/683184"}],"wp:attachment":[{"href":"https:\/\/nbg.eu\/sk\/wp-json\/wp\/v2\/media?parent=682905"}],"wp:term":[{"taxonomy":"product_brand","embeddable":true,"href":"https:\/\/nbg.eu\/sk\/wp-json\/wp\/v2\/product_brand?post=682905"},{"taxonomy":"product_cat","embeddable":true,"href":"https:\/\/nbg.eu\/sk\/wp-json\/wp\/v2\/product_cat?post=682905"},{"taxonomy":"product_tag","embeddable":true,"href":"https:\/\/nbg.eu\/sk\/wp-json\/wp\/v2\/product_tag?post=682905"}],"curies":[{"name":"wp","href":"https:\/\/api.w.org\/{rel}","templated":true}]}}