{"id":683272,"date":"2025-12-17T17:30:35","date_gmt":"2025-12-17T14:30:35","guid":{"rendered":"https:\/\/nbg.eu\/product\/manly-blaze-black-g10-rwl-34\/"},"modified":"2026-01-21T11:41:30","modified_gmt":"2026-01-21T08:41:30","slug":"manly-blaze-black-g10-rwl-34","status":"publish","type":"product","link":"https:\/\/nbg.eu\/sk\/produkt\/manly-blaze-black-g10-rwl-34\/","title":{"rendered":"Manly Blaze Black G10 RWL-34"},"content":{"rendered":"<h2>Manly Blaze Black G10 RWL-34 &#8211; Najlep\u0161\u00ed kresac\u00ed n\u00f4\u017e na pre\u017eitie<\/h2>\n<p>Blaze RWL-34 Black je dokonal\u00fd kresac\u00ed n\u00f4\u017e na pre\u017eitie. S pevnou \u010depe\u013eou a celokovovou kon\u0161trukciou + vysoko kvalitnou pr\u00e1\u0161kovou oce\u013eou RWL-34 je trvanlivos\u0165 tohto no\u017ea zaru\u010den\u00e1. Rukov\u00e4\u0165 je vyroben\u00e1 z \u010dierneho text\u00farovan\u00e9ho materi\u00e1lu G10 odoln\u00e9ho vo\u010di kor\u00f3zii. N\u00f4\u017e je mo\u017en\u00e9 jednoducho vybra\u0165 z puzdr\u00e1 (vyroben\u00e9ho z kydexu) jedin\u00fdm pohybom ruky a pripevnenie na opasok m\u00f4\u017ee by\u0165 horizont\u00e1lne alebo vertik\u00e1lne.<\/p>\n<p>Ak potrebujete spo\u013eahliv\u00fd n\u00f4\u017e v hor\u00e1ch, pri kempovan\u00ed alebo rybolove, Blaze je pre v\u00e1s.<\/p>\n<h2>Technick\u00e9 \u0161pecifik\u00e1cie<\/h2>\n<p>N\u00e1zov: Blaze \u2013 RWL-34 Black<br \/>\nTyp: Pevn\u00e1 \u010depe\u013e<br \/>\nCelkov\u00e1 d\u013a\u017eka: 24,5 cm<br \/>\nD\u013a\u017eka \u010depele: 11,9 cm<br \/>\nHr\u00fabka \u010depele: 4 mm<br \/>\nTvrdos\u0165 ostria: 62 hrc<br \/>\nHmotnos\u0165: 210g<br \/>\nMateri\u00e1l \u010depele: RWL-34<br \/>\nMateri\u00e1l rukov\u00e4te: G10<br \/>\nMateri\u00e1l puzdr\u00e1: Kydex<\/p>\n","protected":false},"excerpt":{"rendered":"<p>Blaze RWL-34 \u010dierna: dokonal\u00fd kempingov\u00fd n\u00f4\u017e s pevnou \u010depe\u013eou, plnou r\u00fa\u010dkou a oce\u013eou RWL-34.<\/p>\n","protected":false},"featured_media":683323,"template":"","meta":{"_acf_changed":false},"product_brand":[15094],"product_cat":[2876],"product_tag":[],"class_list":{"0":"post-683272","1":"product","2":"type-product","3":"status-publish","4":"has-post-thumbnail","6":"product_brand-manly-knives","7":"product_cat-rahohvatki","9":"first","10":"instock","11":"taxable","12":"shipping-taxable","13":"purchasable","14":"product-type-simple"},"acf":[],"_links":{"self":[{"href":"https:\/\/nbg.eu\/sk\/wp-json\/wp\/v2\/product\/683272","targetHints":{"allow":["GET"]}}],"collection":[{"href":"https:\/\/nbg.eu\/sk\/wp-json\/wp\/v2\/product"}],"about":[{"href":"https:\/\/nbg.eu\/sk\/wp-json\/wp\/v2\/types\/product"}],"wp:featuredmedia":[{"embeddable":true,"href":"https:\/\/nbg.eu\/sk\/wp-json\/wp\/v2\/media\/683323"}],"wp:attachment":[{"href":"https:\/\/nbg.eu\/sk\/wp-json\/wp\/v2\/media?parent=683272"}],"wp:term":[{"taxonomy":"product_brand","embeddable":true,"href":"https:\/\/nbg.eu\/sk\/wp-json\/wp\/v2\/product_brand?post=683272"},{"taxonomy":"product_cat","embeddable":true,"href":"https:\/\/nbg.eu\/sk\/wp-json\/wp\/v2\/product_cat?post=683272"},{"taxonomy":"product_tag","embeddable":true,"href":"https:\/\/nbg.eu\/sk\/wp-json\/wp\/v2\/product_tag?post=683272"}],"curies":[{"name":"wp","href":"https:\/\/api.w.org\/{rel}","templated":true}]}}