{"id":683361,"date":"2025-12-17T17:40:13","date_gmt":"2025-12-17T14:40:13","guid":{"rendered":"https:\/\/nbg.eu\/product\/muzny-cierny-plamen-g10-d2\/"},"modified":"2026-01-21T11:39:01","modified_gmt":"2026-01-21T08:39:01","slug":"muzny-cierny-plamen-g10-d2","status":"publish","type":"product","link":"https:\/\/nbg.eu\/sk\/produkt\/muzny-cierny-plamen-g10-d2\/","title":{"rendered":"Mu\u017en\u00fd \u010dierny plame\u0148 G10 D2"},"content":{"rendered":"<h2>Blaze D2 Black: Spo\u013eahliv\u00fd bushcraft n\u00f4\u017e na outdoor dobrodru\u017estv\u00e1<\/h2>\n<p>Blaze D2 Black je dokonal\u00fd bushcraft n\u00f4\u017e, navrhnut\u00fd na robustn\u00e9 outdoor pou\u017eitie. S pevn\u00fdm \u010depe\u013eom a pln\u00fdm tangov\u00fdm kon\u0161truk\u010dn\u00fdm preveden\u00edm tento n\u00f4\u017e pon\u00faka bezkonkuren\u010dn\u00fa stabilitu a odolnos\u0165, ktor\u00e9 zaru\u010duj\u00fa, \u017ee zvl\u00e1dne aj tie naj\u0165a\u017e\u0161ie \u00falohy. Texturovan\u00e1 \u010dierna G10 rukov\u00e4\u0165 je odoln\u00e1 vo\u010di kor\u00f3zii, poskytuje tak bezpe\u010dn\u00fd \u00fachop aj v mokr\u00fdch podmienkach.<\/p>\n<p>Blaze mo\u017eno \u013eahko vybra\u0165 z jeho Kydex po\u0161vy jednoduch\u00fdm jednoru\u010dn\u00fdm pohybom, \u010do umo\u017e\u0148uje r\u00fdchle pou\u017eitie, ke\u010f je to najviac potrebn\u00e9. Univerz\u00e1lny opasok m\u00f4\u017ee by\u0165 umiestnen\u00fd horizont\u00e1lne alebo vertik\u00e1lne, \u010d\u00edm sa st\u00e1va pohodln\u00fd na nosenie po\u010das dobrodru\u017estiev.<\/p>\n<p>\u010ci u\u017e zvl\u00e1date v\u00fdzvy divo\u010diny, kempujete alebo ryb\u00e1rite, Blaze D2 Black je spo\u013eahliv\u00fd spolo\u010dn\u00edk, na ktor\u00e9ho sa m\u00f4\u017eete spo\u013eahn\u00fa\u0165. Vyroben\u00fd s presnos\u0165ou, tento n\u00f4\u017e sa p\u00fd\u0161i tvrdos\u0165ou ostria 61HRC, \u010do mu umo\u017e\u0148uje \u013eahko zvl\u00e1dnu\u0165 \u0161irok\u00e9 spektrum \u00faloh. S jeho materi\u00e1lom \u010depele 1.2379 (D2) a robustnou kon\u0161trukciou je Blaze D2 Black staven\u00fd na dlh\u00fa \u017eivotnos\u0165, \u010d\u00edm sa st\u00e1va nepostr\u00e1date\u013en\u00fdm n\u00e1strojom pre ka\u017ed\u00e9ho milovn\u00edka outdooru.<\/p>\n","protected":false},"excerpt":{"rendered":"<p>Blaze D2 Black &#8211; ide\u00e1lny n\u00f4\u017e pre bushcraft. Text\u00farovan\u00e1 r\u00fa\u010dka z G10, \u010depe\u013e z ocele D2, puzdro z kydevitu.<\/p>\n","protected":false},"featured_media":683403,"template":"","meta":{"_acf_changed":false},"product_brand":[15094],"product_cat":[2876],"product_tag":[],"class_list":{"0":"post-683361","1":"product","2":"type-product","3":"status-publish","4":"has-post-thumbnail","6":"product_brand-manly-knives","7":"product_cat-rahohvatki","9":"first","10":"instock","11":"taxable","12":"shipping-taxable","13":"purchasable","14":"product-type-simple"},"acf":[],"_links":{"self":[{"href":"https:\/\/nbg.eu\/sk\/wp-json\/wp\/v2\/product\/683361","targetHints":{"allow":["GET"]}}],"collection":[{"href":"https:\/\/nbg.eu\/sk\/wp-json\/wp\/v2\/product"}],"about":[{"href":"https:\/\/nbg.eu\/sk\/wp-json\/wp\/v2\/types\/product"}],"wp:featuredmedia":[{"embeddable":true,"href":"https:\/\/nbg.eu\/sk\/wp-json\/wp\/v2\/media\/683403"}],"wp:attachment":[{"href":"https:\/\/nbg.eu\/sk\/wp-json\/wp\/v2\/media?parent=683361"}],"wp:term":[{"taxonomy":"product_brand","embeddable":true,"href":"https:\/\/nbg.eu\/sk\/wp-json\/wp\/v2\/product_brand?post=683361"},{"taxonomy":"product_cat","embeddable":true,"href":"https:\/\/nbg.eu\/sk\/wp-json\/wp\/v2\/product_cat?post=683361"},{"taxonomy":"product_tag","embeddable":true,"href":"https:\/\/nbg.eu\/sk\/wp-json\/wp\/v2\/product_tag?post=683361"}],"curies":[{"name":"wp","href":"https:\/\/api.w.org\/{rel}","templated":true}]}}