{"id":683447,"date":"2025-12-17T18:06:26","date_gmt":"2025-12-17T15:06:26","guid":{"rendered":"https:\/\/nbg.eu\/product\/nocpix-m6t25s-tepelna-kamera-do-auta-s-inteligentnou-detekciou-horucich-objektov\/"},"modified":"2026-01-21T11:45:00","modified_gmt":"2026-01-21T08:45:00","slug":"nocpix-m6t25s-tepelna-kamera-do-auta-s-inteligentnou-detekciou-horucich-objektov","status":"publish","type":"product","link":"https:\/\/nbg.eu\/sk\/produkt\/nocpix-m6t25s-tepelna-kamera-do-auta-s-inteligentnou-detekciou-horucich-objektov\/","title":{"rendered":"Nocpix M6T25S tepeln\u00e1 kamera do auta s inteligentnou detekciou hor\u00facich objektov"},"content":{"rendered":"<h2>Nocpix M6T25S term\u00e1lna automobilov\u00e1 kamera s inteligentnou detekciou hor\u00facich objektov<\/h2>\n<p>Predstavujeme s\u00e9riu Nocpix MT, inovat\u00edvny kupovit\u00fd skener od Nocpixu \u0161peci\u00e1lne navrhnut\u00fd pre lov. Je to v\u00e1\u0161 ide\u00e1lny v\u00fdber nielen pre jazdu po\u010das lovu, ale aj prisp\u00f4sobite\u013en\u00fd r\u00f4znym sp\u00f4sobom a zvykom pri love. Vybaven\u00e9 modern\u00fdmi AI modelmi a v\u00fdkonn\u00fdm po\u010d\u00edta\u010dov\u00fdm v\u00fdkonom, MT zaru\u010duje stabiln\u00fd v\u00fdkon aj po\u010das jazdy a pon\u00faka presn\u00fa detekciu, uzamknutie a sledovanie koristi, poskytuj\u00fac kvalitn\u00e9 obr\u00e1zky a v\u00fdnimo\u010dn\u00fd z\u00e1\u017eitok z lovu.<\/p>\n<h2>Inteligentn\u00fd AI v\u00fdkon<\/h2>\n<p>Poh\u00e1\u0148an\u00fd YOLO V5 modelom hlbok\u00e9ho u\u010denia a 2T po\u010d\u00edta\u010dov\u00e9ho v\u00fdkonu, tento syst\u00e9m je navrhnut\u00fd na zlep\u0161enie v\u00e1\u0161ho z\u00e1\u017eitku z lovu. Model hlbok\u00e9ho u\u010denia, vy\u0161kolen\u00fd na obrovskej sade d\u00e1t, umo\u017e\u0148uje r\u00fdchle automatick\u00e9 rozpozn\u00e1vanie a sledovanie koristi s presn\u00fdmi ohrani\u010duj\u00facimi r\u00e1m\u010dekmi na ozna\u010denie cie\u013ea. To rob\u00ed cel\u00fd proces lovu &#8211; identifik\u00e1ciu, cielenie a sledovanie &#8211; ove\u013ea jednoduch\u0161\u00ed a plynulej\u0161\u00ed, \u010d\u00edm zni\u017euje \u00fasilie potrebn\u00e9 na vykonanie ka\u017ed\u00e9ho kroku samotn\u00fdm u\u017e\u00edvate\u013eom.<\/p>\n<h2>Bez\u00fadr\u017ebov\u00fd 360\u00b0 panoramatick\u00fd v\u00fdh\u013ead s rozsahom naklonenia 90\u00b0<\/h2>\n<p>MT pon\u00faka \u0161irok\u00fd 360\u00b0 panoramatick\u00fd v\u00fdh\u013ead s rozsahom naklonenia 90\u00b0, \u010do zabezpe\u010duje \u00fapln\u00e9 krytie. To zaru\u010duje kompletn\u00e9, plynul\u00e9 sledovanie koristi bez ak\u00fdchko\u013evek m\u0155tvych uhlov.<\/p>\n<h2>Kone\u010dn\u00e1 stabiliz\u00e1cia<\/h2>\n<p>Dvojosov\u00e1 stabiliz\u00e1cia poskytuje MT schopnos\u0165 dod\u00e1va\u0165 stabiln\u00fd obraz, automatick\u00e1 kalibr\u00e1cia opravuje posunutie \u0161o\u0161ovky sp\u00f4soben\u00e9 nerovnos\u0165ami na ceste alebo ak\u00fdmiko\u013evek extern\u00fdmi environment\u00e1lnymi faktormi, udr\u017euje kon\u0161tantn\u00fd smer.<\/p>\n<h2>Mimoriadne tich\u00e1 pou\u017e\u00edvate\u013esk\u00e1 sk\u00fasenos\u0165<\/h2>\n<p>M6T25S pou\u017e\u00edva bez\u00fadr\u017ebov\u00fd motor na 360-stup\u0148ov\u00fa horizont\u00e1lnu rot\u00e1ciu a dynamick\u00fd vyva\u017eovac\u00ed dizajn, \u010do znamen\u00e1, \u017ee po\u010das rot\u00e1cie a naklonenia pracuje s n\u00edzkou hladinou decibel, \u010d\u00edm zabezpe\u010duje, \u017ee v\u00e1\u0161 z\u00e1\u017eitok z lovu ostane neru\u0161en\u00fd a pr\u00edjemn\u00fd.<\/p>\n<h2>Viacero sp\u00f4sobov pripojenia a zobrazenia na displeji<\/h2>\n<p>Na zaistenie r\u00f4znych sp\u00f4sobov pou\u017e\u00edvania a situ\u00e1ci\u00ed s\u00fa podporovan\u00e9 dva sp\u00f4soby pripojenia: k\u00e1bel a WiFi. Pripojenie k\u00e1blom poskytuje relat\u00edvne stabilnej\u0161\u00ed prenos obrazu, zatia\u013e \u010do WiFi pon\u00faka pohodlnej\u0161\u00ed a bezdr\u00f4tov\u00fd z\u00e1\u017eitok. Dostupn\u00fd je v re\u00e1lnom \u010dase prenos obrazu na ak\u00e9ko\u013evek zariadenie s nain\u0161talovanou aplik\u00e1ciou Nocpix, vr\u00e1tane, no nielen iPad, mobiln\u00e9 telef\u00f3ny a pod.<\/p>\n","protected":false},"excerpt":{"rendered":"<p>Tepeln\u00e1 kamera do auta Nocpix M6T25S s inteligentn\u00fdm detekovan\u00edm hor\u00facich objektov. Inteligentn\u00e9 vyh\u013ead\u00e1vanie, efekt\u00edvny dosah 2300 m, dia\u013ekov\u00e9 ovl\u00e1danie, 2 nab\u00edjate\u013en\u00e9 bat\u00e9rie a\u017e na 7 hod\u00edn prev\u00e1dzky.<\/p>\n<p>Ak polo\u017eka nie je k dispoz\u00edcii, kontaktujte n\u00e1s: shop@nbg.eu alebo +359896147790<\/p>\n","protected":false},"featured_media":683624,"template":"","meta":{"_acf_changed":false},"product_brand":[14463],"product_cat":[13368],"product_tag":[],"class_list":{"0":"post-683447","1":"product","2":"type-product","3":"status-publish","4":"has-post-thumbnail","6":"product_brand-nocpix","7":"product_cat-termalne","9":"first","10":"instock","11":"taxable","12":"shipping-taxable","13":"purchasable","14":"product-type-simple"},"acf":[],"_links":{"self":[{"href":"https:\/\/nbg.eu\/sk\/wp-json\/wp\/v2\/product\/683447","targetHints":{"allow":["GET"]}}],"collection":[{"href":"https:\/\/nbg.eu\/sk\/wp-json\/wp\/v2\/product"}],"about":[{"href":"https:\/\/nbg.eu\/sk\/wp-json\/wp\/v2\/types\/product"}],"wp:featuredmedia":[{"embeddable":true,"href":"https:\/\/nbg.eu\/sk\/wp-json\/wp\/v2\/media\/683624"}],"wp:attachment":[{"href":"https:\/\/nbg.eu\/sk\/wp-json\/wp\/v2\/media?parent=683447"}],"wp:term":[{"taxonomy":"product_brand","embeddable":true,"href":"https:\/\/nbg.eu\/sk\/wp-json\/wp\/v2\/product_brand?post=683447"},{"taxonomy":"product_cat","embeddable":true,"href":"https:\/\/nbg.eu\/sk\/wp-json\/wp\/v2\/product_cat?post=683447"},{"taxonomy":"product_tag","embeddable":true,"href":"https:\/\/nbg.eu\/sk\/wp-json\/wp\/v2\/product_tag?post=683447"}],"curies":[{"name":"wp","href":"https:\/\/api.w.org\/{rel}","templated":true}]}}