{"id":683646,"date":"2026-01-08T18:14:29","date_gmt":"2026-01-08T15:14:29","guid":{"rendered":"https:\/\/nbg.eu\/product\/termalna-kamera-nocpix-vista-h50-50mm-12um-640x512-15mk-netd\/"},"modified":"2026-04-14T16:16:06","modified_gmt":"2026-04-14T13:16:06","slug":"termalna-kamera-nocpix-vista-h50-50mm-12um-640x512-15mk-netd","status":"publish","type":"product","link":"https:\/\/nbg.eu\/sk\/produkt\/termalna-kamera-nocpix-vista-h50-50mm-12um-640x512-15mk-netd\/","title":{"rendered":"Nocpix Termokamera VISTA H50"},"content":{"rendered":"<h2>Nocpix VISTA H50 &#8211; Termov\u00edzna kamera na denn\u00e9 a no\u010dn\u00e9 pou\u017eitie<\/h2>\n<p>Nocpix VISTA H50 je termov\u00edzna kamera ur\u010den\u00e1 na denn\u00e9 a no\u010dn\u00e9 pou\u017eitie. Poskytuje vynikaj\u00facu kvalitu obrazu aj v n\u00e1ro\u010dn\u00fdch poveternostn\u00fdch podmienkach, ako je hmla, smog a d\u00e1\u017e\u010f, a dok\u00e1\u017ee detekova\u0165 ciele cez prek\u00e1\u017eky, ako s\u00fa vetvi\u010dky, vysok\u00e1 tr\u00e1va a hust\u00e1 veget\u00e1cia, ktor\u00e9 be\u017ene obmedzuj\u00fa vidite\u013enos\u0165.<\/p>\n<p>VISTA H50 je vysoko univerz\u00e1lna a vhodn\u00e1 na r\u00f4zne aplik\u00e1cie, vr\u00e1tane po\u013eovn\u00edctva, bezpe\u010dnosti, pozorovania, navig\u00e1cie v ter\u00e9ne a z\u00e1chrann\u00fdch oper\u00e1ci\u00ed. Jej pokro\u010dil\u00e1 term\u00e1lna technol\u00f3gia zaru\u010duje spo\u013eahliv\u00fd v\u00fdkon a poskytuje jasn\u00e9 zobrazenie a presn\u00e9 merania aj v n\u00e1ro\u010dn\u00fdch prostrediach.<\/p>\n<h2>K\u013e\u00fa\u010dov\u00e9 \u0161pecifik\u00e1cie:<\/h2>\n<p>Rozl\u00ed\u0161enie: 640 x 512<br \/>\nVe\u013ekos\u0165 pixela: 12<br \/>\nNETD, mK: \u226415<br \/>\nSn\u00edmkov\u00e1 frekvencia: 50<br \/>\nObjekt\u00edv: 50 mm F0,9<br \/>\nZorn\u00e9 pole: 8,8 x 7,0<br \/>\nZorn\u00e9 pole (l\u00edniov\u00e9): 15 x 12<br \/>\nZv\u00e4\u010d\u0161enie: 4~40<br \/>\nDetek\u010dn\u00fd dosah: 2600<br \/>\nVzdialenos\u0165 od o\u010d\u00ed: 25<br \/>\nPriemer v\u00fdstupnej pupily: 8<br \/>\nDioptrick\u00e1 korekcia: -4 ~ +6<br \/>\nTyp displeja: AMOLED<br \/>\nRozl\u00ed\u0161enie displeja: 2560 x 2560<br \/>\nBat\u00e9ria: Vymenite\u013en\u00e1 l\u00edtium-i\u00f3nov\u00e1 bat\u00e9ria IBP-7 \/ 4400 mAh<br \/>\nMax. prev\u00e1dzkov\u00e1 doba: 5,5<br \/>\nWi-Fi\/Aplik\u00e1cia: \u00c1NO<br \/>\nMikrof\u00f3n: \u00c1NO<br \/>\nPam\u00e4\u0165ov\u00e1 kapacita: 64 GB<br \/>\nKrytie IP: IP67<br \/>\nMax. prev\u00e1dzkov\u00e1 teplota: -20 ~ +50<br \/>\nHmotnos\u0165 (unce): 22,93<br \/>\nHmotnos\u0165 (g): 650<br \/>\nRozmery (palce): 7,64 x 2,76 x 3,23<br \/>\nRozmery (mm): 194 x 70 x 82<\/p>\n","protected":false},"excerpt":{"rendered":"<p>Nocpix VISTA H50 je 640&#215;512 12um termokamera s \u226415mK NETD, 50mm F0.9 objekt\u00edvom a 2560&#215;2560 AMOLED displejom.<br \/>\nAk polo\u017eka nie je k dispoz\u00edcii, kontaktujte n\u00e1s: shop@nbg.eu alebo +359896147790<\/p>\n","protected":false},"featured_media":683705,"template":"","meta":{"_acf_changed":false},"product_brand":[14463],"product_cat":[13368,16098],"product_tag":[],"class_list":{"0":"post-683646","1":"product","2":"type-product","3":"status-publish","4":"has-post-thumbnail","6":"product_brand-nocpix","7":"product_cat-termalne","8":"product_cat-thermal-cameras-sk","10":"first","11":"instock","12":"taxable","13":"shipping-taxable","14":"purchasable","15":"product-type-simple"},"acf":[],"_links":{"self":[{"href":"https:\/\/nbg.eu\/sk\/wp-json\/wp\/v2\/product\/683646","targetHints":{"allow":["GET"]}}],"collection":[{"href":"https:\/\/nbg.eu\/sk\/wp-json\/wp\/v2\/product"}],"about":[{"href":"https:\/\/nbg.eu\/sk\/wp-json\/wp\/v2\/types\/product"}],"wp:featuredmedia":[{"embeddable":true,"href":"https:\/\/nbg.eu\/sk\/wp-json\/wp\/v2\/media\/683705"}],"wp:attachment":[{"href":"https:\/\/nbg.eu\/sk\/wp-json\/wp\/v2\/media?parent=683646"}],"wp:term":[{"taxonomy":"product_brand","embeddable":true,"href":"https:\/\/nbg.eu\/sk\/wp-json\/wp\/v2\/product_brand?post=683646"},{"taxonomy":"product_cat","embeddable":true,"href":"https:\/\/nbg.eu\/sk\/wp-json\/wp\/v2\/product_cat?post=683646"},{"taxonomy":"product_tag","embeddable":true,"href":"https:\/\/nbg.eu\/sk\/wp-json\/wp\/v2\/product_tag?post=683646"}],"curies":[{"name":"wp","href":"https:\/\/api.w.org\/{rel}","templated":true}]}}