{"id":683727,"date":"2026-01-08T18:13:33","date_gmt":"2026-01-08T15:13:33","guid":{"rendered":"https:\/\/nbg.eu\/product\/tepelna-kamera-nocpix-vista-h35-bez-dialkomera-35-mm-12-%ce%bcm-640-x-512-15-mk-net\/"},"modified":"2026-04-14T16:16:23","modified_gmt":"2026-04-14T13:16:23","slug":"tepelna-kamera-nocpix-vista-h35-bez-dialkomera-35-mm-12-%ce%bcm-640-x-512-15-mk-net","status":"publish","type":"product","link":"https:\/\/nbg.eu\/sk\/produkt\/tepelna-kamera-nocpix-vista-h35-bez-dialkomera-35-mm-12-%ce%bcm-640-x-512-15-mk-net\/","title":{"rendered":"Nocpix Termokamera VISTA H35"},"content":{"rendered":"<h2>Nocpix VISTA H35 Term\u00e1lny monokul &#8211; 35 mm 12um 640&#215;512 \u226415mK NET<\/h2>\n<p>Nocpix VISTA H35 je viac\u00fa\u010delov\u00fd term\u00e1lny monokul navrhnut\u00fd na spo\u013eahliv\u00e9 pou\u017e\u00edvanie vo dne aj v noci. Toto pokro\u010dil\u00e9 zariadenie pon\u00faka v\u00fdnimo\u010dn\u00fd v\u00fdkon term\u00e1lneho zobrazenia, poskytuj\u00fac jasn\u00e9 a podrobn\u00e9 vizu\u00e1ly aj v n\u00e1ro\u010dn\u00fdch poveternostn\u00fdch podmienkach, ako s\u00fa hmla, smo\u0433 a d\u00e1\u017e\u010f. Dok\u00e1\u017ee detekova\u0165 ciele cez prek\u00e1\u017eky, ako s\u00fa kon\u00e1re, vysok\u00e1 tr\u00e1va a hust\u00e1 veget\u00e1cia, \u010do zaru\u010duje efekt\u00edvnu prev\u00e1dzku v prostrediach, kde s\u00fa tradi\u010dn\u00e9 optick\u00e9 pr\u00edstroje nedostato\u010dn\u00e9.<\/p>\n<p>Ide\u00e1lne na r\u00f4zne aplik\u00e1cie, VISTA H35 je dokonal\u00e1 pre lov, sledovanie, bezpe\u010dnos\u0165, navig\u00e1ciu ter\u00e9nu a z\u00e1chrann\u00e9 misie. V\u010faka svojej \u0161pi\u010dkovej technol\u00f3gii a odolnej kon\u0161trukcii VISTA H35 zaru\u010duje presn\u00fa detekciu a meranie v t\u00fdch najn\u00e1ro\u010dnej\u0161\u00edch podmienkach.<\/p>\n<h2>Vlastnosti<\/h2>\n<p>-640\u00d7512 12\u03bcm detektor<br \/>\nNETD\u226415mK<br \/>\n-60Hz vysok\u00e1 frekvencia sn\u00edmania<br \/>\n-F0.9 objekt\u00edv<br \/>\n-AMOLED 2560\u00d72560 kruhov\u00fd displej<br \/>\n-IBP-7 r\u00fdchlovymenn\u00e1 nab\u00edjate\u013en\u00e1 bat\u00e9ria<br \/>\n-Plynul\u00e9 digit\u00e1lne pribl\u00ed\u017eenie: 1\u00d7~8\u00d7<br \/>\n-Ultra \u010dist\u00fd re\u017eim<br \/>\n-Ochrana o\u010d\u00ed s n\u00edzkou jasnos \u0165ou, farebn\u00fdmi paletami a tepl\u00fdm odtie\u0148om<br \/>\n-Elektronick\u00e1 stabiliz\u00e1cia obrazu<\/p>\n","protected":false},"excerpt":{"rendered":"<p>Termov\u00edzna kamera Nocpix VISTA H35 bez dia\u013ekomera &#8211; 35 mm 12 um 640&#215;512 &lt;15 mk NET<\/p>\n<p>Ak polo\u017eka nie je k dispoz\u00edcii, kontaktujte n\u00e1s: shop@nbg.eu alebo +359896147790<\/p>\n<p>\n","protected":false},"featured_media":683856,"template":"","meta":{"_acf_changed":false},"product_brand":[14463],"product_cat":[13368,16098],"product_tag":[],"class_list":{"0":"post-683727","1":"product","2":"type-product","3":"status-publish","4":"has-post-thumbnail","6":"product_brand-nocpix","7":"product_cat-termalne","8":"product_cat-thermal-cameras-sk","10":"first","11":"instock","12":"taxable","13":"shipping-taxable","14":"purchasable","15":"product-type-simple"},"acf":[],"_links":{"self":[{"href":"https:\/\/nbg.eu\/sk\/wp-json\/wp\/v2\/product\/683727","targetHints":{"allow":["GET"]}}],"collection":[{"href":"https:\/\/nbg.eu\/sk\/wp-json\/wp\/v2\/product"}],"about":[{"href":"https:\/\/nbg.eu\/sk\/wp-json\/wp\/v2\/types\/product"}],"wp:featuredmedia":[{"embeddable":true,"href":"https:\/\/nbg.eu\/sk\/wp-json\/wp\/v2\/media\/683856"}],"wp:attachment":[{"href":"https:\/\/nbg.eu\/sk\/wp-json\/wp\/v2\/media?parent=683727"}],"wp:term":[{"taxonomy":"product_brand","embeddable":true,"href":"https:\/\/nbg.eu\/sk\/wp-json\/wp\/v2\/product_brand?post=683727"},{"taxonomy":"product_cat","embeddable":true,"href":"https:\/\/nbg.eu\/sk\/wp-json\/wp\/v2\/product_cat?post=683727"},{"taxonomy":"product_tag","embeddable":true,"href":"https:\/\/nbg.eu\/sk\/wp-json\/wp\/v2\/product_tag?post=683727"}],"curies":[{"name":"wp","href":"https:\/\/api.w.org\/{rel}","templated":true}]}}