{"id":683917,"date":"2026-01-08T18:14:25","date_gmt":"2026-01-08T15:14:25","guid":{"rendered":"https:\/\/nbg.eu\/product\/teplomera-nocpix-rico-2-h50r\/"},"modified":"2026-04-14T16:16:09","modified_gmt":"2026-04-14T13:16:09","slug":"teplomera-nocpix-rico-2-h50r","status":"publish","type":"product","link":"https:\/\/nbg.eu\/sk\/produkt\/teplomera-nocpix-rico-2-h50r\/","title":{"rendered":"Nocpix Termokamera Rico 2 H50R"},"content":{"rendered":"<h2>Nocpix Rico 2 H50R: Odborn\u00edk na dlh\u00fd dostrel<\/h2>\n<p>Rad termick\u00fdch pu\u0161koh\u013eadov Nocpix RICO 2 H50R je navrhnut\u00fd pre po\u013eovn\u00edkov, ktor\u00ed vy\u017eaduj\u00fa to najlep\u0161ie v oblasti \u010distoty, dosahu a pohodlia. Navrhnut\u00fd s ved\u00facim v priemysle term\u00e1lnym senzorom a vysokou frekvenciou sn\u00edmok poskytuje ultra-kvalitn\u00e9 obrazy, ktor\u00e9 u\u013eah\u010duj\u00fa identifik\u00e1ciu a sledovanie cie\u013ea. Jeho dlh\u00e1 ohniskov\u00e1 vzdialenos\u0165 a zabudovan\u00fd dia\u013ekomer zabezpe\u010duj\u00fa presn\u00e9 meranie vzdialen\u00fdch cie\u013eov, pri\u010dom pokro\u010dil\u00fd optick\u00fd dizajn poskytuje ponorn\u00fd z\u00e1\u017eitok z pozorovania bez skreslenia. S plynulou zoomovacou p\u00e1kou a vynikaj\u00facim o\u010dn\u00fdm odstupom v\u00e1m rad Nocpix RICO 2 H50R umo\u017e\u0148uje \u013eahko upravova\u0165 zv\u00e4\u010d\u0161enie a c\u00edti\u0165 sa pohodlne po\u010das dlh\u00fdch lovov. V\u010faka svojim inovat\u00edvnym technol\u00f3gi\u00e1m a pou\u017e\u00edvate\u013esky orientovan\u00e9mu dizajnu v\u00e1m rad Nocpix RICO 2 H50R skuto\u010dne umo\u017en\u00ed lovi\u0165 za hranice toho, \u010do je mo\u017en\u00e9.<\/p>\n<h2>K\u013e\u00fa\u010dov\u00e9 funkcie:<\/h2>\n<p>\u0164a\u017ete z pr\u00e9miov\u00e9ho senzora druhej gener\u00e1cie 12\u03bcm@60Hz, s NETD \u226420mK, pre ostr\u00e9, vysokokontrastn\u00e9 obrazy a zlep\u0161en\u00fa identifik\u00e1ciu cie\u013eov.<\/p>\n<p>Nocpix RICO 2 H50R je vybaven\u00fd v\u00e4\u010d\u0161\u00edmi objekt\u00edvmi (50 mm\/F1.0, 42 mm\/F1.0), \u010do pon\u00faka vylep\u0161en\u00e9 svetlozbern\u00e9 schopnosti pre v\u00fdnimo\u010dn\u00fa \u010distotu obrazu a pred\u013a\u017een\u00fd dosah detekcie.<\/p>\n<p>Rad RICO 2 v\u00e1m umo\u017e\u0148uje jemne doladi\u0165 va\u0161e zv\u00e4\u010d\u0161enie bezprobl\u00e9movo s plynulou LPVO-\u0161t\u00fdlovou zoomovacou p\u00e1kou, poskytuj\u00facou r\u00fdchle a bezstarostn\u00e9 \u00fapravy pre presn\u00e9 zasiahnutie cie\u013eov v ka\u017edej vzdialenosti.<\/p>\n<p>Rad RICO 2 sa m\u00f4\u017ee chv\u00e1li\u0165 impozantn\u00fdm dosahom detekcie a\u017e 2600 m, \u010do v\u00e1m poskytuje v\u00fdznamn\u00fa v\u00fdhodu v dlhom love a presnom mieren\u00ed.<\/p>\n<p>Nocpix RICO 2 H50R je vybaven\u00fd integrovan\u00fdm dia\u013ekomerom, ktor\u00fd pon\u00faka laserov\u00fa detekciu do vzdialenosti 1200 m s prav\u00fdm optick\u00fdm osov\u00fdm zarovnan\u00edm, \u010d\u00edm zabezpe\u010duje presn\u00e9 meranie vzdialenosti pri zachovan\u00ed \u0161t\u00edhleho a elegantn\u00e9ho dizajnu.<\/p>\n<p>Zjednodu\u0161te si umiestnenie v\u00fdstrelu s automatick\u00fdmi balistick\u00fdmi v\u00fdpo\u010dtami, vyu\u017e\u00edvaj\u00fac integrovan\u00fd dia\u013ekomer na jednoduch\u00e9 dosiahnutie presn\u00fdch z\u00e1sahov na ve\u013ek\u00e9 vzdialenosti.<\/p>\n<p>1.03&#8243; 2560\u00d72560 OLED displej (H50R), optika bez skreslenia, 70 mm o\u010dn\u00fd odstup a 23 mm v\u00fdstupn\u00e1 pupila poskytuj\u00fa ostr\u00fd, pohodln\u00fd v\u00fdh\u013ead po\u010das dlh\u00fdch rel\u00e1ci\u00ed.<\/p>\n<p>Model H50R je vybaven\u00fd bezprecedentn\u00fdm 70 mm o\u010dn\u00fdm odstupom, \u010do poskytuje maxim\u00e1lne pohodlie pri dlhodobom pou\u017e\u00edvan\u00ed bez nam\u00e1hania o\u010d\u00ed a z\u00e1rove\u0148 zaru\u010duje bezpe\u010dnos\u0165 o\u010d\u00ed.<\/p>\n","protected":false},"excerpt":{"rendered":"<p>Termov\u00edzna kamera Nocpix Rico 2 H50R. Expert na dlhodob\u00e9 sn\u00edmanie. Senzor 640&#215;512, 60Hz, integrovan\u00fd LRF, plynul\u00e9 pribl\u00ed\u017eenie.<\/p>\n<p>Ak polo\u017eka nie je k dispoz\u00edcii, kontaktujte n\u00e1s: shop@nbg.eu alebo +359896147790<\/p>\n<p>\n","protected":false},"featured_media":684905,"template":"","meta":{"_acf_changed":false},"product_brand":[14463],"product_cat":[13368,16098],"product_tag":[],"class_list":{"0":"post-683917","1":"product","2":"type-product","3":"status-publish","4":"has-post-thumbnail","6":"product_brand-nocpix","7":"product_cat-termalne","8":"product_cat-thermal-cameras-sk","10":"first","11":"instock","12":"taxable","13":"shipping-taxable","14":"purchasable","15":"product-type-simple"},"acf":[],"_links":{"self":[{"href":"https:\/\/nbg.eu\/sk\/wp-json\/wp\/v2\/product\/683917","targetHints":{"allow":["GET"]}}],"collection":[{"href":"https:\/\/nbg.eu\/sk\/wp-json\/wp\/v2\/product"}],"about":[{"href":"https:\/\/nbg.eu\/sk\/wp-json\/wp\/v2\/types\/product"}],"wp:featuredmedia":[{"embeddable":true,"href":"https:\/\/nbg.eu\/sk\/wp-json\/wp\/v2\/media\/684905"}],"wp:attachment":[{"href":"https:\/\/nbg.eu\/sk\/wp-json\/wp\/v2\/media?parent=683917"}],"wp:term":[{"taxonomy":"product_brand","embeddable":true,"href":"https:\/\/nbg.eu\/sk\/wp-json\/wp\/v2\/product_brand?post=683917"},{"taxonomy":"product_cat","embeddable":true,"href":"https:\/\/nbg.eu\/sk\/wp-json\/wp\/v2\/product_cat?post=683917"},{"taxonomy":"product_tag","embeddable":true,"href":"https:\/\/nbg.eu\/sk\/wp-json\/wp\/v2\/product_tag?post=683917"}],"curies":[{"name":"wp","href":"https:\/\/api.w.org\/{rel}","templated":true}]}}