{"id":684910,"date":"2026-01-08T18:13:14","date_gmt":"2026-01-08T15:13:14","guid":{"rendered":"https:\/\/nbg.eu\/product\/tepelna-kamera-nocpix-ace-h50-12um-640x512-15mk-netd\/"},"modified":"2026-04-14T16:16:37","modified_gmt":"2026-04-14T13:16:37","slug":"tepelna-kamera-nocpix-ace-h50-12um-640x512-15mk-netd","status":"publish","type":"product","link":"https:\/\/nbg.eu\/sk\/produkt\/tepelna-kamera-nocpix-ace-h50-12um-640x512-15mk-netd\/","title":{"rendered":"Nocpix Termokamera ACE H50"},"content":{"rendered":"<h2>Termov\u00edzny pu\u0161koh\u013ead Nocpix ACE H50: Neprekonal v\u00fdkon pri love<\/h2>\n<p>Termov\u00edzny pu\u0161koh\u013ead Nocpix ACE H50 kombinuje pokro\u010dil\u00fa technol\u00f3giu s odolnou kon\u0161trukciou pre neprekonal z\u00e1\u017eitok z lovu. Disponuje term\u00e1lnym senzorom s rozl\u00ed\u0161en\u00edm 640&#215;512 a s NETD \u226412mK pre v\u00fdnimo\u010dn\u00fa \u010distotu obrazu, s detek\u010dn\u00fdm dosahom 3100 metrov. Inovat\u00edvny syst\u00e9m Vision+ pon\u00faka optick\u00e9 zv\u00e4\u010d\u0161enie pre jasn\u00e9 detaily v bl\u00edzkosti, zatia\u013e \u010do du\u00e1lny syst\u00e9m bat\u00e9ri\u00ed zaru\u010duje dlh\u00fa v\u00fddr\u017e. Vyroben\u00e9 z vysoko pevnej hlin\u00edkovej zliatiny a s kryt\u00edm IP67, tento pu\u0161koh\u013ead je navrhnut\u00fd na prev\u00e1dzku v akejko\u013evek vonkaj\u0161ej prostred\u00ed a prisp\u00f4sob\u00ed sa ka\u017edej situ\u00e1cii.<\/p>\n<p>Termov\u00edzny pu\u0161koh\u013ead Nocpix ACE H50 je \u0161pi\u010dkov\u00fd n\u00e1stroj navrhnut\u00fd na redefinovanie z\u00e1\u017eitku z lovu, \u010di u\u017e sa pohybujete v tme alebo sledujete koris\u0165 v n\u00e1ro\u010dnom ter\u00e9ne. Ako s\u00fa\u010das\u0165 vlajkovej s\u00e9rie ACE od spolo\u010dnosti Nocpix, tento termov\u00edzny optick\u00fd zameriava\u010d sa vyn\u00edka svojou vynikaj\u00facou kvalitou obrazu a presnos\u0165ou, v\u010faka vlastn\u00e9mu vysokorozolu\u00e8n\u00e9mu term\u00e1lnemu senzoru a pokro\u010dil\u00fdm syst\u00e9mom Reality+ a Vision+.<\/p>\n<p>Srdcom Nocpix ACE H50 je jeho term\u00e1lny senzor Gen-2 HD s rozl\u00ed\u0161en\u00edm 640&#215;512 a sn\u00edmkovou frekvenciou 60Hz, pon\u00fakaj\u00faci neuverite\u013ene stabiln\u00fd v\u00fdkon. S NETD \u226412mK tento pu\u0161koh\u013ead deteguje aj najmen\u0161ie teplotn\u00e9 rozdiely, poskytuj\u00fac podrobn\u00e9 a plynul\u00e9 term\u00e1lne obrazy, ide\u00e1lne na sledovanie r\u00fdchlo sa pohybuj\u00facej koristi v re\u00e1lnom \u010dase. Pokro\u010dil\u00fd zobrazovac\u00ed algoritmus Reality+ e\u0161te viac vylep\u0161uje v\u00fdkon eliminovan\u00edm \u0161umu z okolitej teploty, poskytuj\u00fac vynikaj\u00faci kontrast a \u010distotu obrazu aj v n\u00e1ro\u010dn\u00fdch podmienkach lovu.<\/p>\n<p>ACE H50 je vybaven\u00fd objekt\u00edvom 50mm\/F0,9, ktor\u00fd umo\u017e\u0148uje 20% viac svetla dosiahnu\u0165 na senzor, \u010do vytv\u00e1ra jasnej\u0161ie a \u010distej\u0161ie obrazy. To je k\u013e\u00fa\u010dov\u00e9 pre lovcov, ktor\u00ed klad\u00fa d\u00f4raz na presnos\u0165, ke\u010f\u017ee vylep\u0161en\u00fd prenos svetla poskytuje zlep\u0161en\u00fa vidite\u013enos\u0165 v prostred\u00ed s n\u00edzkym osvetlen\u00edm. Okrem toho 3100 metrov detek\u010dn\u00fd dosah odde\u013euje ACE od ostatn\u00fdch, u\u013eah\u010duj\u00fac identifik\u00e1ciu a sledovanie vzdialen\u00fdch cie\u013eov jednoduch\u0161ie a efekt\u00edvnej\u0161ie ne\u017e kedyko\u013evek predt\u00fdm.<\/p>\n<p>Integrovan\u00fd syst\u00e9m Vision+ vylep\u0161uje vizu\u00e1lny z\u00e1\u017eitok s kruhovou AMOLED obrazovkou s rozl\u00ed\u0161en\u00edm 2560&#215;2560. Jeho optick\u00fd syst\u00e9m zv\u00e4\u010d\u0161ovania, navrhnut\u00fd tak, aby zabr\u00e1nil rozmazaniu a skresleniu typicky spojen\u00e9mu s tradi\u010dn\u00fdmi elektronick\u00fdmi zoomami, zabezpe\u010duje lovcovi jasn\u00e9, vysokorozl\u00ed\u0161en\u00e9 detailn\u00e9 poh\u013eady z bl\u00edzka bez straty kvality. To poskytuje ponorn\u00fd a pohodln\u00fd z\u00e1\u017eitok z pozorovania, \u010di u\u017e sledujete koris\u0165 z dia\u013eky alebo zameriavate na presn\u00e9 ciele.<\/p>\n<p>Vyroben\u00fd na dlhodob\u00e9 pou\u017e\u00edvanie v ter\u00e9ne, ACE disponuje du\u00e1lnym syst\u00e9mom bat\u00e9ri\u00ed so zabudovanou 4000mAh bat\u00e9riou a dodato\u010dnou odn\u00edmate\u013enou 18650 bat\u00e9riou, umo\u017e\u0148uj\u00fac nepretr\u017eit\u00fa prev\u00e1dzku po\u010das dlh\u00fdch loveck\u00fdch v\u00fdprav. Odoln\u00e1 kon\u0161trukcia z vysoko pevnej hlin\u00edkovej zliatiny zaru\u010duje, \u017ee ACE odol\u00e1 drsn\u00fdm vonkaj\u0161\u00edm podmienkam a n\u00e1ro\u010dn\u00e9mu pou\u017e\u00edvaniu, pri\u010dom pre\u0161iel pr\u00edsnym testovan\u00edm odolnosti proti n\u00e1razu. S kryt\u00edm IP67 je pu\u0161koh\u013ead spo\u013eahliv\u00fd aj v nepriazniv\u00fdch poveternostn\u00fdch podmienkach, pon\u00fakaj\u00fac lovcom pocit bezpe\u010dia bez oh\u013eadu na prostredie.<\/p>\n<p>Navrhnut\u00fd s my\u0161lienkou na lovcov, Nocpix ACE H50 obsahuje k\u013e\u00fa\u010dov\u00e9 funkcie ako video z\u00e1znam aktivovan\u00fd sp\u00e4tn\u00fdm r\u00e1zom a dizajn bez z\u00e1vierky pre jednoduch\u00e9 pou\u017e\u00edvanie v ter\u00e9ne. V\u010faka u\u017e\u00edvate\u013esky pr\u00edjemn\u00fdm doplnkom, ako je nastavenie zaostrenia, kryt nab\u00edjania a mo\u017enos\u0165 prehr\u00e1vania videa priamo v Gal\u00e9rii, tento pu\u0161koh\u013ead kombinuje vysok\u00fd v\u00fdkon s praktickos\u0165ou pre optim\u00e1lny z\u00e1\u017eitok z lovu.<\/p>\n","protected":false},"excerpt":{"rendered":"<p>Termov\u00edzny pu\u0161koh\u013ead NocPix ACE H50 pon\u00faka rozl\u00ed\u0161enie 640&#215;512, \u226415mK NETD, detek\u010dn\u00fd dosah 3100m a dvojit\u00fd bat\u00e9riov\u00fd syst\u00e9m pre vynikaj\u00facu sk\u00fasenos\u0165 pri love.<\/p>\n<p>Ak polo\u017eka nie je k dispoz\u00edcii, kontaktujte n\u00e1s pros\u00edm na: shop@nbg.eu alebo +359896147790<\/p>\n<p>\n","protected":false},"featured_media":684941,"template":"","meta":{"_acf_changed":false},"product_brand":[14463],"product_cat":[13368,16098],"product_tag":[],"class_list":{"0":"post-684910","1":"product","2":"type-product","3":"status-publish","4":"has-post-thumbnail","6":"product_brand-nocpix","7":"product_cat-termalne","8":"product_cat-thermal-cameras-sk","10":"first","11":"instock","12":"taxable","13":"shipping-taxable","14":"purchasable","15":"product-type-simple"},"acf":[],"_links":{"self":[{"href":"https:\/\/nbg.eu\/sk\/wp-json\/wp\/v2\/product\/684910","targetHints":{"allow":["GET"]}}],"collection":[{"href":"https:\/\/nbg.eu\/sk\/wp-json\/wp\/v2\/product"}],"about":[{"href":"https:\/\/nbg.eu\/sk\/wp-json\/wp\/v2\/types\/product"}],"wp:featuredmedia":[{"embeddable":true,"href":"https:\/\/nbg.eu\/sk\/wp-json\/wp\/v2\/media\/684941"}],"wp:attachment":[{"href":"https:\/\/nbg.eu\/sk\/wp-json\/wp\/v2\/media?parent=684910"}],"wp:term":[{"taxonomy":"product_brand","embeddable":true,"href":"https:\/\/nbg.eu\/sk\/wp-json\/wp\/v2\/product_brand?post=684910"},{"taxonomy":"product_cat","embeddable":true,"href":"https:\/\/nbg.eu\/sk\/wp-json\/wp\/v2\/product_cat?post=684910"},{"taxonomy":"product_tag","embeddable":true,"href":"https:\/\/nbg.eu\/sk\/wp-json\/wp\/v2\/product_tag?post=684910"}],"curies":[{"name":"wp","href":"https:\/\/api.w.org\/{rel}","templated":true}]}}