{"id":685075,"date":"2026-01-08T18:13:21","date_gmt":"2026-01-08T15:13:21","guid":{"rendered":"https:\/\/nbg.eu\/product\/thermal-monocular-nocpix-lumi-p13\/"},"modified":"2026-04-14T16:16:30","modified_gmt":"2026-04-14T13:16:30","slug":"thermal-monocular-nocpix-lumi-p13","status":"publish","type":"product","link":"https:\/\/nbg.eu\/sk\/produkt\/thermal-monocular-nocpix-lumi-p13\/","title":{"rendered":"Nocpix Term\u00e1lny Monokul\u00e1r LUMI P13"},"content":{"rendered":"<h2>Maxim\u00e1lny v\u00fdkon s minim\u00e1lnou hmotnos\u0165ou &#8211; Nocpix LUMI P13: V\u017edy majte preh\u013ead o svojom okol\u00ed<\/h2>\n<p>S\u00e9ria term\u00e1lnych monokul\u00e1rnych Lumi je navrhnut\u00e1 na pou\u017eitie cez de\u0148 aj v noci a pon\u00faka v\u00e1m v\u00fdnimo\u010dn\u00fa kvalitu obrazu aj v n\u00e1ro\u010dn\u00fdch poveternostn\u00fdch podmienkach, ako je hmla, smog alebo d\u00e1\u017e\u010f. Aj ke\u010f prek\u00e1\u017eky, ako s\u00fa kon\u00e1re, vysok\u00e1 tr\u00e1va alebo hust\u00e1 veget\u00e1cia s\u0165a\u017euj\u00fa vidite\u013enos\u0165, v\u010faka tejto technol\u00f3gii st\u00e1le jasne vid\u00edte, \u010do je pred vami. S\u00fa tie\u017e tak kompaktn\u00e9 a \u013eahk\u00e9, \u017ee ich m\u00f4\u017eete \u013eahko nosi\u0165 so sebou kdeko\u013evek.<\/p>\n<p>Term\u00e1lne kamery Lumi s\u00fa ide\u00e1lne pre r\u00f4zne aplik\u00e1cie, ako je lov, doh\u013ead, bezpe\u010dnos\u0165, orient\u00e1cia v ter\u00e9ne alebo z\u00e1chrann\u00e9 oper\u00e1cie.<\/p>\n<h2>Neprekonal v\u00fdkon zobrazovania pre ostr\u00e9 obrazy<\/h2>\n<p>S\u00e9ria Lumi stanovuje nov\u00e9 \u0161tandardy v kvalite obrazu. Vybaven\u00e1 najmodernej\u0161\u00edmi zobrazovac\u00edmi algoritmami a v\u00fdkonn\u00fdm term\u00e1lnym sn\u00edma\u010dom s NETD &lt; 20 mK kamera poskytuje ostr\u00e9 a realistick\u00e9 obrazy. AMOLED displej s rozl\u00ed\u0161en\u00edm 1440 x 1080 pixelov zabezpe\u010duje vynikaj\u00face zobrazenie obrazu, pri\u010dom re\u017eim Ultra Clear \u010falej optimalizuje jasnos\u0165 obrazu, najm\u00e4 v n\u00e1ro\u010dn\u00fdch poveternostn\u00fdch podmienkach.<\/p>\n<h2>Personalizovan\u00fd z\u00e1\u017eitok z pou\u017e\u00edvania &#8211; Prisp\u00f4sobte si svoje zariadenie dokonale<\/h2>\n<p>V\u010faka sn\u00edma\u010di s rozl\u00ed\u0161en\u00edm 256 x 192 px a r\u00f4znym mo\u017enostiam nastavenia si m\u00f4\u017eete zariadenie prisp\u00f4sobi\u0165 presne pod\u013ea svojich potrieb. Vyberte si z 5 farebn\u00fdch re\u017eimov a optimalizujte svoj poh\u013ead s 10 \u00farov\u0148ami jasu, ostrosti a kontrastu &#8211; aby \u017eiadny detail neu\u0161iel va\u0161ej pozornosti.<\/p>\n<h2>Zdie\u013eanie z\u00e1\u017eitkov je s LUMI jednoduch\u00e9<\/h2>\n<p>Zachyt\u00e1vanie zvl\u00e1\u0161tnych momentov je pre modern\u00e9ho po\u013eovn\u00edka z\u00e1kladn\u00e9. S Nocpix LUMI P13 m\u00f4\u017eete nielen \u013eahko zdie\u013ea\u0165 svoje z\u00e1znamy prostredn\u00edctvom aplik\u00e1cie, ale ich aj priamo prehr\u00e1va\u0165 na zariaden\u00ed &#8211; perfektn\u00e9 na okam\u017eit\u00e9 zdie\u013eanie va\u0161ich z\u00e1\u017eitkov s ostatn\u00fdmi.<\/p>\n<h2>Mo\u017enos\u0165 flexibiln\u00e9ho pou\u017eitia v\u010faka vymenite\u013en\u00e9mu bat\u00e9riov\u00e9mu syst\u00e9mu<\/h2>\n<p>S\u00e9ria LUMI je vybaven\u00e1 \u0161tandardn\u00fdmi bat\u00e9riami 18650, \u010do v\u00e1m poskytuje maxim\u00e1lnu flexibilitu. Bez oh\u013eadu na to, kam idete, s prilo\u017eenou nab\u00edja\u010dkou na bat\u00e9rie budete znovu pripraven\u00ed v priebehu chv\u00edle &#8211; a m\u00f4\u017eete pokra\u010dova\u0165 vo svojej misii.<\/p>\n","protected":false},"excerpt":{"rendered":"<p>Maxim\u00e1lny v\u00fdkon s minim\u00e1lnou hmotnos\u0165ou &#8211; Nocpix LUMI P13: V\u017edy majte na svojom cieli o\u010di.<\/p>\n<p>Ak polo\u017eka nie je k dispoz\u00edcii, kontaktujte n\u00e1s: shop@nbg.eu alebo +359896147790<\/p>\n<p>\n","protected":false},"featured_media":685214,"template":"","meta":{"_acf_changed":false},"product_brand":[14463],"product_cat":[16097,13368],"product_tag":[],"class_list":{"0":"post-685075","1":"product","2":"type-product","3":"status-publish","4":"has-post-thumbnail","6":"product_brand-nocpix","7":"product_cat-monoculars-sk","8":"product_cat-termalne","10":"first","11":"instock","12":"taxable","13":"shipping-taxable","14":"purchasable","15":"product-type-simple"},"acf":[],"_links":{"self":[{"href":"https:\/\/nbg.eu\/sk\/wp-json\/wp\/v2\/product\/685075","targetHints":{"allow":["GET"]}}],"collection":[{"href":"https:\/\/nbg.eu\/sk\/wp-json\/wp\/v2\/product"}],"about":[{"href":"https:\/\/nbg.eu\/sk\/wp-json\/wp\/v2\/types\/product"}],"wp:featuredmedia":[{"embeddable":true,"href":"https:\/\/nbg.eu\/sk\/wp-json\/wp\/v2\/media\/685214"}],"wp:attachment":[{"href":"https:\/\/nbg.eu\/sk\/wp-json\/wp\/v2\/media?parent=685075"}],"wp:term":[{"taxonomy":"product_brand","embeddable":true,"href":"https:\/\/nbg.eu\/sk\/wp-json\/wp\/v2\/product_brand?post=685075"},{"taxonomy":"product_cat","embeddable":true,"href":"https:\/\/nbg.eu\/sk\/wp-json\/wp\/v2\/product_cat?post=685075"},{"taxonomy":"product_tag","embeddable":true,"href":"https:\/\/nbg.eu\/sk\/wp-json\/wp\/v2\/product_tag?post=685075"}],"curies":[{"name":"wp","href":"https:\/\/api.w.org\/{rel}","templated":true}]}}