{"id":685226,"date":"2026-01-08T18:13:20","date_gmt":"2026-01-08T15:13:20","guid":{"rendered":"https:\/\/nbg.eu\/product\/teplomera-monokularna-nocpix-lumi-l35r-s-laserovym-dialkomerom\/"},"modified":"2026-04-14T16:16:34","modified_gmt":"2026-04-14T13:16:34","slug":"teplomera-monokularna-nocpix-lumi-l35r-s-laserovym-dialkomerom","status":"publish","type":"product","link":"https:\/\/nbg.eu\/sk\/produkt\/teplomera-monokularna-nocpix-lumi-l35r-s-laserovym-dialkomerom\/","title":{"rendered":"Nocpix Term\u00e1lny Monokul\u00e1r LUMI L35R LRF"},"content":{"rendered":"<h2>Term\u00e1lny monokul\u00e1r Nocpix LUMI L35R s laserov\u00fdm dia\u013ekomerom<\/h2>\n<p>Nocpix LUMI L35R je v\u00fdkonn\u00fd a kompaktn\u00fd term\u00e1lny monokul\u00e1r s integrovan\u00fdm laserov\u00fdm dia\u013ekomerom. Vyzna\u010duje sa najpokro\u010dilej\u0161\u00edm sn\u00edma\u010dom vo svojej triede s NETD \u226418 mK, tak\u017ee t\u00e1to term\u00e1lna kamera poskytuje vysokorozli\u0161ovacie sn\u00edmanie aj v extr\u00e9mnych poveternostn\u00fdch podmienkach. \u013dahk\u00fd a ergonomick\u00fd dizajn rob\u00ed jeho obsluhu jednoduch\u00fa, pri\u010dom odn\u00edmate\u013en\u00fd syst\u00e9m bat\u00e9ri\u00ed so \u0161tandardn\u00fdmi bat\u00e9riami 18650 zabezpe\u010duje pred\u013a\u017een\u00fd \u010das prev\u00e1dzky.<\/p>\n<p>Integrovan\u00fd laserov\u00fd dia\u013ekomer umo\u017e\u0148uje presn\u00e9 ur\u010denie vzdialenosti cie\u013ea a pokro\u010dil\u00e9 AI algoritmy R+ zlep\u0161uj\u00fa detaily obrazu a vyu\u017e\u00edvaj\u00fa pln\u00fd potenci\u00e1l sn\u00edma\u010da. Monokul\u00e1r je vodotesn\u00fd, prachotesn\u00fd a navrhnut\u00fd na pohodln\u00e9 pou\u017eitie v exteri\u00e9ri, s funkciami ako elektronick\u00e1 stabiliz\u00e1cia obrazu, farebn\u00e9 palety s \u00fa\u013eavou pre o\u010di a ultratich\u00e9 tla\u010didl\u00e1.<\/p>\n<p>S rozsahom senzora a\u017e do 1800 m je Nocpix LUMI L35R v\u0161estrann\u00fdm rie\u0161en\u00edm term\u00e1lneho zobrazenia pre lov, bezpe\u010dnos\u0165 a vonkaj\u0161ie aktivity. Podporuje ho 3-ro\u010dn\u00e1 pln\u00e1 z\u00e1ruka v\u00fdrobcu, tak\u017ee tento term\u00e1lny monokul\u00e1r poskytuje v\u00fdnimo\u010dn\u00fd v\u00fdkon a spo\u013eahlivos\u0165.<\/p>\n","protected":false},"excerpt":{"rendered":"<p>Tepeln\u00fd monokuly\u00e1r Nocpix LUMI L35R s laserov\u00fdm dia\u013ekomerom: vysok\u00e9 rozl\u00ed\u0161enie senzora \u226418 mK NETD, kompaktn\u00fd a \u013eahk\u00fd, vyberate\u013en\u00e1 bat\u00e9ria.<\/p>\n","protected":false},"featured_media":685250,"template":"","meta":{"_acf_changed":false},"product_brand":[14463],"product_cat":[16097,13368],"product_tag":[],"class_list":{"0":"post-685226","1":"product","2":"type-product","3":"status-publish","4":"has-post-thumbnail","6":"product_brand-nocpix","7":"product_cat-monoculars-sk","8":"product_cat-termalne","10":"first","11":"instock","12":"taxable","13":"shipping-taxable","14":"purchasable","15":"product-type-simple"},"acf":[],"_links":{"self":[{"href":"https:\/\/nbg.eu\/sk\/wp-json\/wp\/v2\/product\/685226","targetHints":{"allow":["GET"]}}],"collection":[{"href":"https:\/\/nbg.eu\/sk\/wp-json\/wp\/v2\/product"}],"about":[{"href":"https:\/\/nbg.eu\/sk\/wp-json\/wp\/v2\/types\/product"}],"wp:featuredmedia":[{"embeddable":true,"href":"https:\/\/nbg.eu\/sk\/wp-json\/wp\/v2\/media\/685250"}],"wp:attachment":[{"href":"https:\/\/nbg.eu\/sk\/wp-json\/wp\/v2\/media?parent=685226"}],"wp:term":[{"taxonomy":"product_brand","embeddable":true,"href":"https:\/\/nbg.eu\/sk\/wp-json\/wp\/v2\/product_brand?post=685226"},{"taxonomy":"product_cat","embeddable":true,"href":"https:\/\/nbg.eu\/sk\/wp-json\/wp\/v2\/product_cat?post=685226"},{"taxonomy":"product_tag","embeddable":true,"href":"https:\/\/nbg.eu\/sk\/wp-json\/wp\/v2\/product_tag?post=685226"}],"curies":[{"name":"wp","href":"https:\/\/api.w.org\/{rel}","templated":true}]}}