{"id":685320,"date":"2025-12-17T17:50:25","date_gmt":"2025-12-17T14:50:25","guid":{"rendered":"https:\/\/nbg.eu\/product\/tepelny-monokular-nocpix-lumi-l19\/"},"modified":"2026-01-21T11:59:28","modified_gmt":"2026-01-21T08:59:28","slug":"tepelny-monokular-nocpix-lumi-l19","status":"publish","type":"product","link":"https:\/\/nbg.eu\/sk\/produkt\/tepelny-monokular-nocpix-lumi-l19\/","title":{"rendered":"Tepeln\u00fd monokul\u00e1r Nocpix LUMI L19"},"content":{"rendered":"<h2>Maxim\u00e1lny v\u00fdkon s minim\u00e1lnou hmotnos\u0165ou &#8211; Nocpix LUMI L19: V\u00e1\u0161 pozorovate\u013e pre lesy a l\u00faky<\/h2>\n<p>S\u00e9ria term\u00e1lnych monokul\u00e1rnych \u010falekoh\u013eadov LUMI je navrhnut\u00e1 na pou\u017eitie vo dne aj v noci a pon\u00faka v\u00e1m v\u00fdnimo\u010dn\u00fa kvalitu obrazu, a to aj v n\u00e1ro\u010dn\u00fdch poveternostn\u00fdch podmienkach, ako je hmla, smog alebo d\u00e1\u017e\u010f. Aj ke\u010f prek\u00e1\u017eky, ako s\u00fa kon\u00e1re, vysok\u00e1 tr\u00e1va alebo hust\u00e1 veget\u00e1cia, s\u0165a\u017euj\u00fa vidite\u013enos\u0165, v\u010faka tejto technol\u00f3gii v\u017edy jasne uvid\u00edte, \u010do je pred vami. S\u00fa tie\u017e tak kompaktn\u00e9 a \u013eahk\u00e9, \u017ee ich m\u00f4\u017eete \u013eahko nosi\u0165 kamko\u013evek.<\/p>\n<p>Termokamery LUMI s\u00fa dokonal\u00e9 pre r\u00f4zne aplik\u00e1cie, ako je lov, doh\u013ead, bezpe\u010dnos\u0165, orient\u00e1cia v ter\u00e9ne alebo z\u00e1chrann\u00e9 oper\u00e1cie.<\/p>\n<h2>Neprekonal v\u00fdkon zobrazovania pre obrazy s \u010dist\u00fdmi obrysmi<\/h2>\n<p>S\u00e9ria LUMI stanovuje nov\u00e9 \u0161tandardy v kvalite obrazu. Vybaven\u00e1 najmodernej\u0161\u00edmi zobrazovac\u00edmi algoritmami a v\u00fdkonn\u00fdm term\u00e1lnym sn\u00edma\u010dom s NETD &lt; 18 mK, kamera poskytuje obrazy s \u010dist\u00fdmi obrysmi a realistick\u00fdm obrazom. Displej AMOLED s rozl\u00ed\u0161en\u00edm 1024 x 768 pixelov zabezpe\u010duje v\u00fdnimo\u010dn\u00e9 zobrazenie obrazu, zatia\u013e \u010do re\u017eim Ultra Clear \u010falej optimalizuje jasnos\u0165 obrazu, najm\u00e4 v n\u00e1ro\u010dn\u00fdch poveternostn\u00fdch podmienkach.<\/p>\n<h2>Personalizovan\u00fd z\u00e1\u017eitok z pozorovania &#8211; dokonale prisp\u00f4sobte svoje zariadenie<\/h2>\n<p>V\u010faka stredn\u00e9mu sn\u00edma\u010di 384 x 288 px a r\u00f4znym mo\u017enostiam nastavenia m\u00f4\u017eete zariadenie prisp\u00f4sobi\u0165 presne svojim potreb\u00e1m. Vyberte si z 5 farebn\u00fdch m\u00f3dov a optimalizujte svoj v\u00fdh\u013ead s 10 \u00farov\u0148ami jasu, ostrosti a kontrastu &#8211; aby \u017eiadny detail neu\u0161iel va\u0161ej pozornosti.<\/p>\n<h2>Jednoduch\u00e1 mo\u017enos\u0165 zdie\u013eania z\u00e1\u017eitkov<\/h2>\n<p>Zachyt\u00e1vanie zvl\u00e1\u0161tnych okamihov je v s\u00fa\u010dasnosti pre modern\u00e9ho lovca nevyhnutn\u00e9. S Nocpix LUMI m\u00f4\u017eete nielen \u013eahko zdie\u013ea\u0165 svoje nahr\u00e1vky prostredn\u00edctvom aplik\u00e1cie, ale ich aj priamo prezera\u0165 na zariaden\u00ed &#8211; ide\u00e1lne na okam\u017eit\u00e9 zdie\u013eanie va\u0161ich z\u00e1\u017eitkov s ostatn\u00fdmi.<\/p>\n<h2>Mo\u017eno flexibilne pou\u017e\u00edva\u0165 v\u010faka syst\u00e9mu odn\u00edmate\u013en\u00fdch bat\u00e9ri\u00ed<\/h2>\n<p>S\u00e9ria LUMI je vybaven\u00e1 \u0161tandardn\u00fdmi bat\u00e9riami 18650, \u010do v\u00e1m poskytuje maxim\u00e1lnu flexibilitu. Bez oh\u013eadu na to, kam idete, s dod\u00e1vanou nab\u00edja\u010dkou bat\u00e9ri\u00ed budete op\u00e4\u0165 pripraven\u00ed za chv\u00ed\u013eu &#8211; a m\u00f4\u017eete pokra\u010dova\u0165 vo svojej misii.<\/p>\n","protected":false},"excerpt":{"rendered":"<p>Maxim\u00e1lny v\u00fdkon s minim\u00e1lnou hmotnos\u0165ou \u2013 Nocpix LUMI L19: V\u00e1\u0161 pozorovate\u013e pre lesy a l\u00faky.<br \/>\nAk polo\u017eka nie je k dispoz\u00edcii, kontaktujte n\u00e1s pros\u00edm: shop@nbg.eu alebo +359896147790.<\/p>\n","protected":false},"featured_media":685603,"template":"","meta":{"_acf_changed":false},"product_brand":[14463],"product_cat":[13368],"product_tag":[],"class_list":{"0":"post-685320","1":"product","2":"type-product","3":"status-publish","4":"has-post-thumbnail","6":"product_brand-nocpix","7":"product_cat-termalne","9":"first","10":"outofstock","11":"taxable","12":"shipping-taxable","13":"purchasable","14":"product-type-simple"},"acf":[],"_links":{"self":[{"href":"https:\/\/nbg.eu\/sk\/wp-json\/wp\/v2\/product\/685320","targetHints":{"allow":["GET"]}}],"collection":[{"href":"https:\/\/nbg.eu\/sk\/wp-json\/wp\/v2\/product"}],"about":[{"href":"https:\/\/nbg.eu\/sk\/wp-json\/wp\/v2\/types\/product"}],"wp:featuredmedia":[{"embeddable":true,"href":"https:\/\/nbg.eu\/sk\/wp-json\/wp\/v2\/media\/685603"}],"wp:attachment":[{"href":"https:\/\/nbg.eu\/sk\/wp-json\/wp\/v2\/media?parent=685320"}],"wp:term":[{"taxonomy":"product_brand","embeddable":true,"href":"https:\/\/nbg.eu\/sk\/wp-json\/wp\/v2\/product_brand?post=685320"},{"taxonomy":"product_cat","embeddable":true,"href":"https:\/\/nbg.eu\/sk\/wp-json\/wp\/v2\/product_cat?post=685320"},{"taxonomy":"product_tag","embeddable":true,"href":"https:\/\/nbg.eu\/sk\/wp-json\/wp\/v2\/product_tag?post=685320"}],"curies":[{"name":"wp","href":"https:\/\/api.w.org\/{rel}","templated":true}]}}