{"id":685643,"date":"2025-12-17T17:47:09","date_gmt":"2025-12-17T14:47:09","guid":{"rendered":"https:\/\/nbg.eu\/product\/tepelny-monokular-lumi-h35r-s-laserovym-dialkomerom\/"},"modified":"2026-01-21T11:58:52","modified_gmt":"2026-01-21T08:58:52","slug":"tepelny-monokular-lumi-h35r-s-laserovym-dialkomerom","status":"publish","type":"product","link":"https:\/\/nbg.eu\/sk\/produkt\/tepelny-monokular-lumi-h35r-s-laserovym-dialkomerom\/","title":{"rendered":"Tepeln\u00fd monokul\u00e1r LUMI H35R s laserov\u00fdm dia\u013ekomerom"},"content":{"rendered":"<h2>Term\u00e1lny monokul\u00e1r so senzorov\u00fdm dosahom a\u017e 1800m, mimoriadne kompaktn\u00fd a \u013eahk\u00fd!<\/h2>\n<p>Integrovan\u00fd laserov\u00fdmera\u010d vzdialenosti.<\/p>\n<p>Vysoko rozl\u00ed\u0161enie senzora a mimoriadne v\u00fdkonn\u00fd: \u2264 18 mK NETD.<\/p>\n<p>Vymenite\u013en\u00fd akumul\u00e1torov\u00fd syst\u00e9m s bat\u00e9riami 18650<\/p>\n<p>Nahr\u00e1vanie videa, vodotesnos\u0165 a mimoriadne tich\u00e1 prev\u00e1dzka.<\/p>\n<p>3-ro\u010dn\u00e1 pln\u00e1 z\u00e1ruka v\u00fdrobcu!<\/p>\n<h2>\u010eal\u0161ie funkcie:<\/h2>\n<p>-Integrovan\u00fd laserov\u00fd dia\u013ekomer na presn\u00e9 ur\u010denie vzdialenosti cie\u013ea<\/p>\n<p>-Vysok\u00e1 kvalita obrazu: Aj v extr\u00e9mnych poveternostn\u00fdch podmienkach zost\u00e1va kvalita obrazu stabiln\u00e1.<\/p>\n<p>-Senzor navrhnut\u00fd \u0161peci\u00e1lne na \u00fa\u010dely po\u013eovn\u00edctva: Poskytuje stabiln\u00fa prev\u00e1dzku s NETD \u2264 18mK pre vynikaj\u00facu kvalitu obrazu.<\/p>\n<p>-Objekt\u00edv F0,9: 20% viac prenosu svetla v porovnan\u00ed s objekt\u00edvom F1,0 pre jasnej\u0161ie a \u010distej\u0161ie obrazy.<\/p>\n<p>-Optimaliz\u00e1cia obrazu Reality+: Pokro\u010dil\u00e9 algoritmy zlep\u0161uj\u00fa kvalitu obrazu a odstra\u0148uj\u00fa \u0161um.<\/p>\n<p>-Elektronick\u00e1 stabiliz\u00e1cia obrazu: Pre hladk\u00e9 a stabiln\u00e9 vide\u00e1.<\/p>\n<p>-Farebn\u00e9 palety na odpo\u010dinok o\u010d\u00ed: \u0160peci\u00e1lne \u010derven\u00e9 a zelen\u00e9 palety zni\u017euj\u00fa \u00fanavu o\u010d\u00ed pri dlh\u0161om pou\u017e\u00edvan\u00ed.<\/p>\n<p>-Vyberate\u013en\u00e1 bat\u00e9ria 18650: S opa\u010dnou polaritou na \u013eahk\u00fa v\u00fdmenu, ide\u00e1lne v noci.<\/p>\n<p>-Ultra tich\u00e1 tla\u010didl\u00e1: Tich\u00e1 prev\u00e1dzka, ktor\u00e1 Div\u00fa zver nevyru\u0161uje.<\/p>\n<p>-Kompaktn\u00fd dizajn: Zariadenie je men\u0161ie ako mobiln\u00fd telef\u00f3n a \u013eahko prenosn\u00e9.<\/p>\n<p>-Trieda ochrany IP67: Odoln\u00e9 vo\u010di prachu a vode na pou\u017eitie v extr\u00e9mnych podmienkach.<\/p>\n<p>-Ergonomick\u00fd dizajn: Ide\u00e1lny na pou\u017eitie v exteri\u00e9ri, pohodln\u00fd a u\u017e\u00edvate\u013esky pr\u00edvetiv\u00fd.<\/p>\n<p>-\u013dahk\u00e9: Zariadenie v\u00e1\u017ei menej ako 345 g.<\/p>\n<p>-V\u00fdstupn\u00e1 pupila 10 mm: Poskytuje optim\u00e1lnu vidite\u013enos\u0165 a pohodln\u00fd pozorovac\u00ed uhol.<\/p>\n<p>-Spo\u013eahliv\u00e9 v noci: V\u010faka tichej a jednoduchej obsluhe ho mo\u017eno optim\u00e1lne pou\u017e\u00edva\u0165 aj v tmav\u00fdch prostrediach.<\/p>\n<p>-Vymenite\u013en\u00e1 bat\u00e9ria: Umo\u017e\u0148uje dlh\u0161iu dobu prev\u00e1dzky v\u00fdmenou bat\u00e9ri\u00ed.<\/p>\n<p>-Ve\u013ek\u00fd otvor: Zvy\u0161uje zachyt\u00e1vanie svetla a jas obrazu v n\u00e1ro\u010dn\u00fdch sveteln\u00fdch podmienkach.<\/p>\n<p>-Vstavan\u00fd mikrof\u00f3n: Umo\u017e\u0148uje nahr\u00e1vanie zvuku.<\/p>\n<p>-Pam\u00e4\u0165 32 GB: Na fotky, vide\u00e1 a zvukov\u00e9 nahr\u00e1vky.<\/p>\n<p>-\u013dahk\u00e9 ovl\u00e1danie: Ide\u00e1lne pre pou\u017e\u00edvate\u013eov, ktor\u00ed uprednost\u0148uj\u00fa kompaktn\u00e9 a \u013eahk\u00e9 zariadenie.<\/p>\n<p>-Algoritmy zobrazovania AI R+: Zlep\u0161uje detaily obrazu a vyu\u017e\u00edva pln\u00fd potenci\u00e1l sn\u00edma\u010da.<\/p>\n","protected":false},"excerpt":{"rendered":"<p>Najvyspelej\u0161\u00ed senzor vo svojej triede (&lt;18mK NETD). Integrovan\u00fd laserov\u00fd dia\u013ekomer. Mimoriadne \u013eahk\u00e9 pou\u017e\u00edvanie: \u013eahk\u00e1 a kompaktn\u00e1 kon\u0161trukcia. Vymenite\u013en\u00fd syst\u00e9m bat\u00e9ri\u00ed so \u0161tandardn\u00fdmi bat\u00e9riami 18650.<\/p>\n<p>Ak polo\u017eka nie je k dispoz\u00edcii, kontaktujte n\u00e1s: shop@nbg.eu alebo +359896147790<\/p>\n","protected":false},"featured_media":685704,"template":"","meta":{"_acf_changed":false},"product_brand":[14463],"product_cat":[13368],"product_tag":[],"class_list":{"0":"post-685643","1":"product","2":"type-product","3":"status-publish","4":"has-post-thumbnail","6":"product_brand-nocpix","7":"product_cat-termalne","9":"first","10":"instock","11":"taxable","12":"shipping-taxable","13":"purchasable","14":"product-type-simple"},"acf":[],"_links":{"self":[{"href":"https:\/\/nbg.eu\/sk\/wp-json\/wp\/v2\/product\/685643","targetHints":{"allow":["GET"]}}],"collection":[{"href":"https:\/\/nbg.eu\/sk\/wp-json\/wp\/v2\/product"}],"about":[{"href":"https:\/\/nbg.eu\/sk\/wp-json\/wp\/v2\/types\/product"}],"wp:featuredmedia":[{"embeddable":true,"href":"https:\/\/nbg.eu\/sk\/wp-json\/wp\/v2\/media\/685704"}],"wp:attachment":[{"href":"https:\/\/nbg.eu\/sk\/wp-json\/wp\/v2\/media?parent=685643"}],"wp:term":[{"taxonomy":"product_brand","embeddable":true,"href":"https:\/\/nbg.eu\/sk\/wp-json\/wp\/v2\/product_brand?post=685643"},{"taxonomy":"product_cat","embeddable":true,"href":"https:\/\/nbg.eu\/sk\/wp-json\/wp\/v2\/product_cat?post=685643"},{"taxonomy":"product_tag","embeddable":true,"href":"https:\/\/nbg.eu\/sk\/wp-json\/wp\/v2\/product_tag?post=685643"}],"curies":[{"name":"wp","href":"https:\/\/api.w.org\/{rel}","templated":true}]}}